{"id":502,"date":"2025-03-22T17:22:18","date_gmt":"2025-03-22T21:22:18","guid":{"rendered":"https:\/\/implantquiz.wpengine.com\/?page_id=502"},"modified":"2026-01-28T13:35:11","modified_gmt":"2026-01-28T18:35:11","slug":"conozca-a-raymond-g-hatland-doctor-en-odontologia","status":"publish","type":"page","link":"https:\/\/www.drhatland.com\/es\/meet-raymond-g-hatland-dds\/","title":{"rendered":"Conozca a Raymond G. Hatland, doctor en odontolog\u00eda."},"content":{"rendered":"<section class=\"section\" id=\"section_61260872\">\n\t\t<div class=\"section-bg fill\" >\n\t\t\t\t\t\t\t\t\t\n\t\t\t\n\n\t\t<\/div>\n\n\t\t\n\n\t\t<div class=\"section-content relative\">\n\t\t\t\n<div class=\"row\"  id=\"row-1315504053\">\n\n\t<div id=\"col-117066801\" class=\"col medium-12 small-12 large-8\"  >\n\t\t\t\t<div class=\"col-inner\"  >\n\t\t\t\n\t\t\t\n<h1>Conozca a Raymond G. Hatland, doctor en odontolog\u00eda.<\/h1>\n<p>En este video, <strong><a href=\"https:\/\/www.drhatland.com\/es\/quienes-somos\/\">Raymond G. Hatland, Doctor en Cirug\u00eda Dental<\/a><\/strong>, explica c\u00f3mo su experiencia en odontolog\u00eda ha moldeado la forma en que atiende a sus pacientes hoy en d\u00eda.<\/p>\n<div class=\"video video-fit mb\" style=\"padding-top:56.25%;\"><p><iframe loading=\"lazy\" title=\"Conozca a Raymond G. Hatland, doctor en odontolog\u00eda.\" width=\"1020\" height=\"574\" src=\"https:\/\/www.youtube.com\/embed\/fErSr-nNceI?wmode=transparent&amp;rel=0&amp;feature=oembed\" frameborder=\"0\" allow=\"accelerometer; autoplay; clipboard-write; encrypted-media; gyroscope; picture-in-picture; web-share\" referrerpolicy=\"strict-origin-when-cross-origin\" allowfullscreen><\/iframe><\/p>\n<\/div>\n<p>Llevo muchos a\u00f1os trabajando en odontolog\u00eda y sigo disfrutando con mi profesi\u00f3n. Ayudar a pacientes con problemas espec\u00edficos es muy gratificante para m\u00ed, y he tenido la suerte de aprender de excelentes colegas a lo largo de mi carrera. Sigo aprendiendo cada d\u00eda, a menudo de mis propios pacientes, que me ense\u00f1an m\u00e1s de lo que ellos creen.<\/p>\n<p>Si desea recibir una atenci\u00f3n en la que pueda confiar, ac\u00e9rquese y estar\u00e9 encantado de ayudarle.<\/p>\n\t\t<\/div>\n\t\t\t\t\t<\/div>\n\n\t\n\n\t<div id=\"col-501431416\" class=\"col medium-12 small-12 large-4\"  >\n\t\t\t\t<div class=\"col-inner\"  >\n\t\t\t\n\t\t\t\n<ul class=\"sidebar-wrapper ul-reset\"><li id=\"text-7\" class=\"widget widget_text\">\t\t\t<div class=\"textwidget\"><p><a href=\"https:\/\/www.drhatland.com\/es\/videos\/\"><img loading=\"lazy\" decoding=\"async\" class=\"alignnone size-full wp-image-759\" src=\"http:\/\/www.drhatland.com\/wp-content\/uploads\/2026\/01\/Video-Library-Raymond-Hatland-DDS.png\" alt=\"Videoteca---Raymond Hatland, doctor en odontolog\u00eda\" width=\"600\" height=\"172\" srcset=\"https:\/\/www.drhatland.com\/wp-content\/uploads\/2026\/01\/Video-Library-Raymond-Hatland-DDS.png 600w, https:\/\/www.drhatland.com\/wp-content\/uploads\/2026\/01\/Video-Library-Raymond-Hatland-DDS-18x5.png 18w\" sizes=\"auto, (max-width: 600px) 100vw, 600px\" \/><\/a><\/p>\n<\/div>\n\t\t<\/li>\n<li id=\"text-6\" class=\"widget widget_text\">\t\t\t<div class=\"textwidget\"><div class=\"wpcf7 no-js\" id=\"wpcf7-f9-o1\" lang=\"en-US\" dir=\"ltr\" data-wpcf7-id=\"9\">\n<div class=\"screen-reader-response\">\n<p role=\"status\" aria-live=\"polite\" aria-atomic=\"true\">\n<ul><\/ul>\n<\/div>\n<form action=\"\/es\/wp-json\/wp\/v2\/pages\/502#wpcf7-f9-o1\" method=\"post\" class=\"wpcf7-form init cf7mls-no-scroll cf7mls-no-moving-animation\" aria-label=\"Formulario de contacto\" novalidate=\"novalidate\" data-status=\"init\" data-trp-original-action=\"\/es\/wp-json\/wp\/v2\/pages\/502#wpcf7-f9-o1\">\n<fieldset class=\"hidden-fields-container\"><input type=\"hidden\" name=\"_wpcf7\" value=\"9\" \/><input type=\"hidden\" name=\"_wpcf7_version\" value=\"6.1.5\" \/><input type=\"hidden\" name=\"_wpcf7_locale\" value=\"en_US\" \/><input type=\"hidden\" name=\"_wpcf7_unit_tag\" value=\"wpcf7-f9-o1\" \/><input type=\"hidden\" name=\"_wpcf7_container_post\" value=\"0\" \/><input type=\"hidden\" name=\"_wpcf7_posted_data_hash\" value=\"\" \/><input type=\"hidden\" name=\"_wpcf7cf_hidden_group_fields\" value=\"[]\" \/><input type=\"hidden\" name=\"_wpcf7cf_hidden_groups\" value=\"[]\" \/><input type=\"hidden\" name=\"_wpcf7cf_visible_groups\" value=\"[]\" \/><input type=\"hidden\" name=\"_wpcf7cf_repeaters\" value=\"[]\" \/><input type=\"hidden\" name=\"_wpcf7cf_steps\" value=\"{}\" \/><input type=\"hidden\" name=\"_wpcf7cf_options\" value=\"{&quot;form_id&quot;:9,&quot;conditions&quot;:[],&quot;settings&quot;:{&quot;animation&quot;:&quot;yes&quot;,&quot;animation_intime&quot;:200,&quot;animation_outtime&quot;:200,&quot;conditions_ui&quot;:&quot;normal&quot;,&quot;notice_dismissed&quot;:false}}\" \/><br \/>\n<\/fieldset>\n<p><center><\/p>\n<h3>SOLICITE UNA CONSULTA<br \/>\n\t<\/h3>\n<p><\/center><\/p>\n<hr \/>\n<p><center><\/p>\n<p><span class=\"wpcf7-form-control-wrap\" data-name=\"your-name\"><input size=\"40\" maxlength=\"400\" class=\"wpcf7-form-control wpcf7-text wpcf7-validates-as-required\" aria-required=\"true\" aria-invalid=\"false\" placeholder=\"Nombre\" value=\"\" type=\"text\" name=\"your-name\" \/><\/span>\n\t<\/p>\n<p><span class=\"wpcf7-form-control-wrap\" data-name=\"your-email\"><input size=\"40\" maxlength=\"400\" class=\"wpcf7-form-control wpcf7-email wpcf7-validates-as-required wpcf7-text wpcf7-validates-as-email\" aria-required=\"true\" aria-invalid=\"false\" placeholder=\"Correo electr\u00f3nico\" value=\"\" type=\"email\" name=\"your-email\" \/><\/span>\n\t<\/p>\n<p><span class=\"wpcf7-form-control-wrap\" data-name=\"tel-545\"><input size=\"40\" maxlength=\"400\" class=\"wpcf7-form-control wpcf7-tel wpcf7-text wpcf7-validates-as-tel\" aria-invalid=\"false\" placeholder=\"N\u00famero de tel\u00e9fono\" value=\"\" type=\"tel\" name=\"tel-545\" \/><\/span>\n\t<\/p>\n<p><span class=\"wpcf7-form-control-wrap\" data-name=\"your-message\"><textarea cols=\"40\" rows=\"10\" maxlength=\"2000\" class=\"wpcf7-form-control wpcf7-textarea\" aria-invalid=\"false\" placeholder=\"\u00bfC\u00f3mo podemos ayudarle?\" name=\"your-message\"><\/textarea><\/span>\n\t<\/p>\n<p><input class=\"wpcf7-form-control wpcf7-submit has-spinner button\" type=\"submit\" value=\"Enviar solicitud\" \/>\n\t<\/p>\n<p><\/center><input\n                    class=\"apbct_special_field apbct_email_id__wp_contact_form_7\"\n                    name=\"apbct__email_id__wp_contact_form_7\"\n                    aria-label=\"apbct__label_id__wp_contact_form_7\"\n                    type=\"text\" size=\"30\" maxlength=\"200\" autocomplete=\"off\"\n                    value=\"\"\n                \/><\/p>\n<div class=\"wpcf7-response-output\" aria-hidden=\"true\"><\/div>\n<input type=\"hidden\" name=\"trp-form-language\" value=\"es\"\/><\/form>\n<\/div>\n<\/div>\n\t\t<\/li>\n<li id=\"text-10\" class=\"widget widget_text\">\t\t\t<div class=\"textwidget\"><p><a href=\"https:\/\/www.drhatland.com\/es\/cuestionario-sobre-implantes-dentales\/\"><img loading=\"lazy\" decoding=\"async\" class=\"alignnone wp-image-856 size-full\" src=\"http:\/\/www.drhatland.com\/wp-content\/uploads\/2026\/01\/Implant-Quiz-Button-.png\" alt=\"\" width=\"1080\" height=\"1350\" srcset=\"https:\/\/www.drhatland.com\/wp-content\/uploads\/2026\/01\/Implant-Quiz-Button-.png 1080w, https:\/\/www.drhatland.com\/wp-content\/uploads\/2026\/01\/Implant-Quiz-Button--320x400.png 320w, https:\/\/www.drhatland.com\/wp-content\/uploads\/2026\/01\/Implant-Quiz-Button--640x800.png 640w, https:\/\/www.drhatland.com\/wp-content\/uploads\/2026\/01\/Implant-Quiz-Button--768x960.png 768w, https:\/\/www.drhatland.com\/wp-content\/uploads\/2026\/01\/Implant-Quiz-Button--10x12.png 10w\" sizes=\"auto, (max-width: 1080px) 100vw, 1080px\" \/><\/a><\/p>\n<\/div>\n\t\t<\/li><\/ul>\n\t\t<\/div>\n\t\t\t\t\t<\/div>\n\n\t\n<\/div>\n\t\t<\/div>\n\n\t\t\n<style>\n#section_61260872 {\n  padding-top: 30px;\n  padding-bottom: 30px;\n}\n<\/style>\n\t<\/section>\n\t\n\n\t<section class=\"section dark\" id=\"section_1586705205\">\n\t\t<div class=\"section-bg fill\" >\n\t\t\t<img loading=\"lazy\" decoding=\"async\" width=\"2560\" height=\"1280\" src=\"https:\/\/www.drhatland.com\/wp-content\/uploads\/2025\/11\/Chicago-Skyline-scaled.jpg\" class=\"bg attachment-original size-original\" alt=\"\" \/>\t\t\t\t\t\t<div class=\"section-bg-overlay absolute fill\"><\/div>\n\t\t\t\n\t<div class=\"is-border\"\n\t\tstyle=\"border-color:rgb(235, 235, 235);border-width:1px 0px 0px 0px;\">\n\t<\/div>\n\n\t\t<\/div>\n\n\t\t\n\n\t\t<div class=\"section-content relative\">\n\t\t\t\n\n<div class=\"container section-title-container\" ><h2 class=\"section-title section-title-bold-center\"><b aria-hidden=\"true\"><\/b><span class=\"section-title-main\" style=\"font-size:140%;color:rgb(255, 255, 255);\">NUESTROS SERVICIOS DENTALES<\/span><b aria-hidden=\"true\"><\/b><\/h2><\/div>\n\n<div class=\"row\"  id=\"row-1832977212\">\n\n\n\t<div id=\"col-1878883754\" class=\"col medium-12 small-12 large-4\"  >\n\t\t\t\t<div class=\"col-inner dark\"  >\n\t\t\t\n\t\t\t\n\n\t<div id=\"text-3584880744\" class=\"text\">\n\t\t\n\n<ul>\r\n<li class=\"bullet-arrow\"><strong><span style=\"font-size: 120%;\"><a href=\"http:\/\/www.drhatland.com\/es\/odontologia-holistica-en-lincolnwood-illinois\/\">Odontolog\u00eda hol\u00edstica<\/a><\/span><\/strong><\/li>\r\n<li class=\"bullet-arrow\"><strong><span style=\"font-size: 120%;\"><a href=\"http:\/\/www.drhatland.com\/es\/odontologia-cosmetica-en-lincolnwood-illinois\/\">Odontolog\u00eda est\u00e9tica<\/a><\/span><\/strong><\/li>\r\n<li class=\"bullet-arrow\"><strong><span style=\"font-size: 120%;\"><a href=\"http:\/\/www.drhatland.com\/es\/coronas-dentales-en-lincolnwood-illinois\/\">Coronas dentales<\/a><\/span><\/strong><\/li>\r\n<li class=\"bullet-arrow\"><strong><span style=\"font-size: 120%;\"><a href=\"http:\/\/www.drhatland.com\/es\/puente-dental-en-lincolnwood-illinois\/\">Puentes dentales<\/a><\/span><\/strong><\/li>\r\n<li class=\"bullet-arrow\"><strong><span style=\"font-size: 120%;\"><a href=\"http:\/\/www.drhatland.com\/es\/carillas-dentales-en-lincolnwood-illinois\/\">Carillas de porcelana<\/a><\/span><\/strong><\/li>\r\n<li class=\"bullet-arrow\"><strong><span style=\"font-size: 120%;\"><a href=\"http:\/\/www.drhatland.com\/es\/ortodoncia-en-lincolnwood-illinois\/\">Tratamiento de ortodoncia<\/a><\/span><\/strong><\/li>\r\n<\/ul>\n\t\t\n<style>\n#text-3584880744 {\n  font-size: 1.3rem;\n  text-align: center;\n}\n<\/style>\n\t<\/div>\n\t\n\n\t\t<\/div>\n\t\t\t\t\t<\/div>\n\n\t\n\n\t<div id=\"col-1780259177\" class=\"col medium-12 small-12 large-4\"  >\n\t\t\t\t<div class=\"col-inner dark\"  >\n\t\t\t\n\t\t\t\n\n\t<div id=\"text-3186335508\" class=\"text\">\n\t\t\n\n<ul>\r\n<li class=\"bullet-arrow\"><strong><span style=\"font-size: 120%;\"><a href=\"http:\/\/www.drhatland.com\/es\/implantes-dentales-en-lincolnwood-illinois-2\/\">Implantes dentales<\/a><\/span><\/strong><\/li>\r\n<li class=\"bullet-arrow\"><strong><span style=\"font-size: 120%;\"><a href=\"http:\/\/www.drhatland.com\/es\/mini-implantes-dentales-en-lincolnwood-illinois\/\">Mini implantes dentales<\/a><\/span><\/strong><\/li>\r\n<li class=\"bullet-arrow\"><strong><span style=\"font-size: 120%;\"><a href=\"http:\/\/www.drhatland.com\/es\/dentaduras-postizas-en-lincolnwood-illinois\/\">Dentaduras postizas<\/a><\/span><\/strong><\/li>\r\n<li class=\"bullet-arrow\"><strong><span style=\"font-size: 120%;\"><a href=\"http:\/\/www.drhatland.com\/es\/implantes-dentales-en-lincolnwood-illinois\/\">Pr\u00f3tesis dentales con implantes<\/a><\/span><\/strong><\/li>\r\n<li class=\"bullet-arrow\"><strong><span style=\"font-size: 120%;\"><a href=\"http:\/\/www.drhatland.com\/es\/reconstruccion-completa-de-la-boca-en-lincolnwood-illinois\/\">Reconstrucci\u00f3n completa de la boca<\/a><\/span><\/strong><\/li>\r\n<li class=\"bullet-arrow\"><strong><span style=\"font-size: 120%;\"><a href=\"http:\/\/www.drhatland.com\/es\/cirugia-oral-en-lincolnwood-illinois\/\">Cirug\u00eda oral<\/a><\/span><\/strong><\/li>\r\n<\/ul>\n\t\t\n<style>\n#text-3186335508 {\n  font-size: 1.3rem;\n  text-align: center;\n}\n<\/style>\n\t<\/div>\n\t\n\n\t\t<\/div>\n\t\t\t\t\t<\/div>\n\n\t\n\n\t<div id=\"col-649504607\" class=\"col medium-12 small-12 large-4\"  >\n\t\t\t\t<div class=\"col-inner dark\"  >\n\t\t\t\n\t\t\t\n\n\t<div id=\"text-827043686\" class=\"text\">\n\t\t\n\n<ul>\n<li class=\"bullet-arrow\"><strong><span style=\"font-size: 120%;\"><a href=\"http:\/\/www.drhatland.com\/es\/tratamiento-de-enfermedades-de-las-encias-en-lincolnwood-illinois\/\">Tratamiento de la enfermedad de las enc\u00edas<\/a><\/span><\/strong><\/li>\n<li class=\"bullet-arrow\"><strong><span style=\"font-size: 120%;\"><a href=\"http:\/\/www.drhatland.com\/es\/tratamiento-de-conducto-radicular-en-lincolnwood-illinois\/\">Tratamiento de conducto radicular<\/a><\/span><\/strong><\/li>\n<li class=\"bullet-arrow\"><strong><span style=\"font-size: 120%;\"><a href=\"http:\/\/www.drhatland.com\/es\/tratamiento-de-la-disfuncion-temporomandibular-en-lincolnwood-illinois\/\">Tratamiento de la ATM\/TMD<\/a><\/span><\/strong><\/li>\n<li class=\"bullet-arrow\"><strong><span style=\"font-size: 120%;\"><a href=\"https:\/\/www.drhatland.com\/es\/dentista-de-urgencia-en-lincolnwood-illinois\/\">Odontolog\u00eda de urgencia<\/a><\/span><\/strong><\/li>\n<\/ul>\n\t\t\n<style>\n#text-827043686 {\n  font-size: 1.3rem;\n  text-align: center;\n}\n<\/style>\n\t<\/div>\n\t\n\n\t\t<\/div>\n\t\t\t\t\t<\/div>\n\n\t\n\n<\/div>\n\n\t\t<\/div>\n\n\t\t\n<style>\n#section_1586705205 {\n  padding-top: 60px;\n  padding-bottom: 60px;\n  min-height: 300px;\n  background-color: rgb(86, 65, 126);\n}\n#section_1586705205 .section-bg-overlay {\n  background-color: rgba(86, 65, 126, 0.9);\n}\n#section_1586705205 .section-bg img {\n  object-position: 42% 100%;\n}\n<\/style>\n\t<\/section>\n\t\n\n\t<section class=\"section\" id=\"section_1112415106\">\n\t\t<div class=\"section-bg fill\" >\n\t\t\t\t\t\t\t\t\t\n\t\t\t\n\n\t\t<\/div>\n\n\t\t\n\n\t\t<div class=\"section-content relative\">\n\t\t\t\n\n<div class=\"row\"  id=\"row-493169886\">\n\n\n\t<div id=\"col-841993229\" class=\"col small-12 large-12\"  >\n\t\t\t\t<div class=\"col-inner\"  >\n\t\t\t\n\t\t\t\n\n<div class=\"container section-title-container\" ><h3 class=\"section-title section-title-center\"><b aria-hidden=\"true\"><\/b><span class=\"section-title-main\" style=\"font-size:150%;\">Escuche lo que dicen nuestros pacientes...<\/span><b aria-hidden=\"true\"><\/b><\/h3><\/div>\n\n\n\n<div data-bid=\"164497\" data-url=\"https:\/\/rb.whitespark.ca\" ><script src=\"https:\/\/widget.reviewability.com\/js\/widgetAdv.min.js\" async><\/script><\/div><script class=\"json-ld-content\" type=\"application\/ld+json\"><\/script>\n\n\n\t\t<\/div>\n\t\t\t\t\t<\/div>\n\n\t\n\n<\/div>\n\n\t\t<\/div>\n\n\t\t\n<style>\n#section_1112415106 {\n  padding-top: 50px;\n  padding-bottom: 50px;\n}\n<\/style>\n\t<\/section>","protected":false},"excerpt":{"rendered":"","protected":false},"author":4,"featured_media":785,"parent":0,"menu_order":0,"comment_status":"closed","ping_status":"closed","template":"page-blank.php","meta":{"rop_custom_images_group":[],"rop_custom_messages_group":[],"rop_publish_now":"initial","rop_publish_now_accounts":{"gmb_109265489736877664202_accounts\/109265489736877664202\/locations\/7595594658973118275":""},"rop_publish_now_history":[],"rop_publish_now_status":"pending","footnotes":""},"class_list":["post-502","page","type-page","status-publish","has-post-thumbnail","hentry"],"yoast_head":"<!-- This site is optimized with the Yoast SEO plugin v27.4 - https:\/\/yoast.com\/product\/yoast-seo-wordpress\/ -->\n<title>Meet Raymond G. Hatland DDS | Dental Implants in Lincolnwood<\/title>\n<meta name=\"description\" content=\"Trusted, experienced dental care from a clinician who learns from every patient and is committed to solving your specific concerns.\" \/>\n<meta name=\"robots\" content=\"index, follow, max-snippet:-1, max-image-preview:large, max-video-preview:-1\" \/>\n<link rel=\"canonical\" href=\"https:\/\/www.drhatland.com\/es\/conozca-a-raymond-g-hatland-doctor-en-odontologia\/\" \/>\n<meta property=\"og:locale\" content=\"es_MX\" \/>\n<meta property=\"og:type\" content=\"article\" \/>\n<meta property=\"og:title\" content=\"Meet Raymond G. Hatland DDS | Dental Implants in Lincolnwood\" \/>\n<meta property=\"og:description\" content=\"Trusted, experienced dental care from a clinician who learns from every patient and is committed to solving your specific concerns.\" \/>\n<meta property=\"og:url\" content=\"https:\/\/www.drhatland.com\/es\/conozca-a-raymond-g-hatland-doctor-en-odontologia\/\" \/>\n<meta property=\"og:site_name\" content=\"Raymond G. Hatland, DDS\" \/>\n<meta property=\"article:publisher\" content=\"https:\/\/www.facebook.com\/drhatland\/\" \/>\n<meta property=\"article:modified_time\" content=\"2026-01-28T18:35:11+00:00\" \/>\n<meta property=\"og:image\" content=\"https:\/\/www.drhatland.com\/wp-content\/uploads\/2026\/01\/Raymond-G.-Hatland-DDS-Dentist-in-Lincolnwood-IL.jpg\" \/>\n\t<meta property=\"og:image:width\" content=\"1578\" \/>\n\t<meta property=\"og:image:height\" content=\"2105\" \/>\n\t<meta property=\"og:image:type\" content=\"image\/jpeg\" \/>\n<meta name=\"twitter:card\" content=\"summary_large_image\" \/>\n<meta name=\"twitter:label1\" content=\"Est. reading time\" \/>\n\t<meta name=\"twitter:data1\" content=\"1 minuto\" \/>\n<script type=\"application\/ld+json\" class=\"yoast-schema-graph\">{\"@context\":\"https:\\\/\\\/schema.org\",\"@graph\":[{\"@type\":\"WebPage\",\"@id\":\"https:\\\/\\\/www.drhatland.com\\\/meet-raymond-g-hatland-dds\\\/\",\"url\":\"https:\\\/\\\/www.drhatland.com\\\/meet-raymond-g-hatland-dds\\\/\",\"name\":\"Meet Raymond G. Hatland DDS | Dental Implants in Lincolnwood\",\"isPartOf\":{\"@id\":\"https:\\\/\\\/www.drhatland.com\\\/#website\"},\"primaryImageOfPage\":{\"@id\":\"https:\\\/\\\/www.drhatland.com\\\/meet-raymond-g-hatland-dds\\\/#primaryimage\"},\"image\":{\"@id\":\"https:\\\/\\\/www.drhatland.com\\\/meet-raymond-g-hatland-dds\\\/#primaryimage\"},\"thumbnailUrl\":\"https:\\\/\\\/www.drhatland.com\\\/wp-content\\\/uploads\\\/2026\\\/01\\\/Raymond-G.-Hatland-DDS-Dentist-in-Lincolnwood-IL.jpg\",\"datePublished\":\"2025-03-22T21:22:18+00:00\",\"dateModified\":\"2026-01-28T18:35:11+00:00\",\"description\":\"Trusted, experienced dental care from a clinician who learns from every patient and is committed to solving your specific concerns.\",\"breadcrumb\":{\"@id\":\"https:\\\/\\\/www.drhatland.com\\\/meet-raymond-g-hatland-dds\\\/#breadcrumb\"},\"inLanguage\":\"es\",\"potentialAction\":[{\"@type\":\"ReadAction\",\"target\":[\"https:\\\/\\\/www.drhatland.com\\\/meet-raymond-g-hatland-dds\\\/\"]}]},{\"@type\":\"ImageObject\",\"inLanguage\":\"es\",\"@id\":\"https:\\\/\\\/www.drhatland.com\\\/meet-raymond-g-hatland-dds\\\/#primaryimage\",\"url\":\"https:\\\/\\\/www.drhatland.com\\\/wp-content\\\/uploads\\\/2026\\\/01\\\/Raymond-G.-Hatland-DDS-Dentist-in-Lincolnwood-IL.jpg\",\"contentUrl\":\"https:\\\/\\\/www.drhatland.com\\\/wp-content\\\/uploads\\\/2026\\\/01\\\/Raymond-G.-Hatland-DDS-Dentist-in-Lincolnwood-IL.jpg\",\"width\":1578,\"height\":2105,\"caption\":\"Raymond G. Hatland, DDS - Dentist in Lincolnwood, IL\"},{\"@type\":\"BreadcrumbList\",\"@id\":\"https:\\\/\\\/www.drhatland.com\\\/meet-raymond-g-hatland-dds\\\/#breadcrumb\",\"itemListElement\":[{\"@type\":\"ListItem\",\"position\":1,\"name\":\"Home\",\"item\":\"https:\\\/\\\/www.drhatland.com\\\/\"},{\"@type\":\"ListItem\",\"position\":2,\"name\":\"Meet Raymond G. Hatland DDS\"}]},{\"@type\":\"WebSite\",\"@id\":\"https:\\\/\\\/www.drhatland.com\\\/#website\",\"url\":\"https:\\\/\\\/www.drhatland.com\\\/\",\"name\":\"Raymond G. Hatland, DDS\",\"description\":\"Holistic &amp; Implant Dentistry in Lincolnwood, IL\",\"publisher\":{\"@id\":\"https:\\\/\\\/www.drhatland.com\\\/#organization\"},\"alternateName\":\"Dentist in Lincolnwood, IL\",\"potentialAction\":[{\"@type\":\"SearchAction\",\"target\":{\"@type\":\"EntryPoint\",\"urlTemplate\":\"https:\\\/\\\/www.drhatland.com\\\/?s={search_term_string}\"},\"query-input\":{\"@type\":\"PropertyValueSpecification\",\"valueRequired\":true,\"valueName\":\"search_term_string\"}}],\"inLanguage\":\"es\"},{\"@type\":\"Organization\",\"@id\":\"https:\\\/\\\/www.drhatland.com\\\/#organization\",\"name\":\"Raymond G. Hatland, DDS\",\"alternateName\":\"Dentist in Lincolnwood, IL\",\"url\":\"https:\\\/\\\/www.drhatland.com\\\/\",\"logo\":{\"@type\":\"ImageObject\",\"inLanguage\":\"es\",\"@id\":\"https:\\\/\\\/www.drhatland.com\\\/#\\\/schema\\\/logo\\\/image\\\/\",\"url\":\"https:\\\/\\\/www.drhatland.com\\\/wp-content\\\/uploads\\\/2025\\\/12\\\/Logo-Stacked-w-Padding.jpg\",\"contentUrl\":\"https:\\\/\\\/www.drhatland.com\\\/wp-content\\\/uploads\\\/2025\\\/12\\\/Logo-Stacked-w-Padding.jpg\",\"width\":1879,\"height\":1667,\"caption\":\"Raymond G. Hatland, DDS\"},\"image\":{\"@id\":\"https:\\\/\\\/www.drhatland.com\\\/#\\\/schema\\\/logo\\\/image\\\/\"},\"sameAs\":[\"https:\\\/\\\/www.facebook.com\\\/drhatland\\\/\",\"https:\\\/\\\/www.youtube.com\\\/@RaymondG.HatlandDDS\"]}]}<\/script>\n<!-- \/ Yoast SEO plugin. -->","yoast_head_json":{"title":"Conozca a Raymond G. Hatland, doctor en odontolog\u00eda | Implantes dentales en Lincolnwood","description":"Atenci\u00f3n dental confiable y con experiencia por parte de un profesional que aprende de cada paciente y se compromete a resolver sus inquietudes espec\u00edficas.","robots":{"index":"index","follow":"follow","max-snippet":"max-snippet:-1","max-image-preview":"max-image-preview:large","max-video-preview":"max-video-preview:-1"},"canonical":"https:\/\/www.drhatland.com\/es\/conozca-a-raymond-g-hatland-doctor-en-odontologia\/","og_locale":"es_MX","og_type":"article","og_title":"Meet Raymond G. Hatland DDS | Dental Implants in Lincolnwood","og_description":"Trusted, experienced dental care from a clinician who learns from every patient and is committed to solving your specific concerns.","og_url":"https:\/\/www.drhatland.com\/es\/conozca-a-raymond-g-hatland-doctor-en-odontologia\/","og_site_name":"Raymond G. Hatland, DDS","article_publisher":"https:\/\/www.facebook.com\/drhatland\/","article_modified_time":"2026-01-28T18:35:11+00:00","og_image":[{"width":1578,"height":2105,"url":"https:\/\/www.drhatland.com\/wp-content\/uploads\/2026\/01\/Raymond-G.-Hatland-DDS-Dentist-in-Lincolnwood-IL.jpg","type":"image\/jpeg"}],"twitter_card":"summary_large_image","twitter_misc":{"Est. reading time":"1 minuto"},"schema":{"@context":"https:\/\/schema.org","@graph":[{"@type":"WebPage","@id":"https:\/\/www.drhatland.com\/meet-raymond-g-hatland-dds\/","url":"https:\/\/www.drhatland.com\/meet-raymond-g-hatland-dds\/","name":"Conozca a Raymond G. Hatland, doctor en odontolog\u00eda | Implantes dentales en Lincolnwood","isPartOf":{"@id":"https:\/\/www.drhatland.com\/#website"},"primaryImageOfPage":{"@id":"https:\/\/www.drhatland.com\/meet-raymond-g-hatland-dds\/#primaryimage"},"image":{"@id":"https:\/\/www.drhatland.com\/meet-raymond-g-hatland-dds\/#primaryimage"},"thumbnailUrl":"https:\/\/www.drhatland.com\/wp-content\/uploads\/2026\/01\/Raymond-G.-Hatland-DDS-Dentist-in-Lincolnwood-IL.jpg","datePublished":"2025-03-22T21:22:18+00:00","dateModified":"2026-01-28T18:35:11+00:00","description":"Atenci\u00f3n dental confiable y con experiencia por parte de un profesional que aprende de cada paciente y se compromete a resolver sus inquietudes espec\u00edficas.","breadcrumb":{"@id":"https:\/\/www.drhatland.com\/meet-raymond-g-hatland-dds\/#breadcrumb"},"inLanguage":"es","potentialAction":[{"@type":"ReadAction","target":["https:\/\/www.drhatland.com\/meet-raymond-g-hatland-dds\/"]}]},{"@type":"ImageObject","inLanguage":"es","@id":"https:\/\/www.drhatland.com\/meet-raymond-g-hatland-dds\/#primaryimage","url":"https:\/\/www.drhatland.com\/wp-content\/uploads\/2026\/01\/Raymond-G.-Hatland-DDS-Dentist-in-Lincolnwood-IL.jpg","contentUrl":"https:\/\/www.drhatland.com\/wp-content\/uploads\/2026\/01\/Raymond-G.-Hatland-DDS-Dentist-in-Lincolnwood-IL.jpg","width":1578,"height":2105,"caption":"Raymond G. Hatland, DDS - Dentist in Lincolnwood, IL"},{"@type":"BreadcrumbList","@id":"https:\/\/www.drhatland.com\/meet-raymond-g-hatland-dds\/#breadcrumb","itemListElement":[{"@type":"ListItem","position":1,"name":"Home","item":"https:\/\/www.drhatland.com\/"},{"@type":"ListItem","position":2,"name":"Meet Raymond G. Hatland DDS"}]},{"@type":"WebSite","@id":"https:\/\/www.drhatland.com\/#website","url":"https:\/\/www.drhatland.com\/","name":"Raymond G. Hatland, Doctor en Cirug\u00eda Dental","description":"Odontolog\u00eda hol\u00edstica e implantes dentales en Lincolnwood, Illinois","publisher":{"@id":"https:\/\/www.drhatland.com\/#organization"},"alternateName":"Dentist in Lincolnwood, IL","potentialAction":[{"@type":"SearchAction","target":{"@type":"EntryPoint","urlTemplate":"https:\/\/www.drhatland.com\/?s={search_term_string}"},"query-input":{"@type":"PropertyValueSpecification","valueRequired":true,"valueName":"search_term_string"}}],"inLanguage":"es"},{"@type":"Organization","@id":"https:\/\/www.drhatland.com\/#organization","name":"Raymond G. Hatland, Doctor en Cirug\u00eda Dental","alternateName":"Dentist in Lincolnwood, IL","url":"https:\/\/www.drhatland.com\/","logo":{"@type":"ImageObject","inLanguage":"es","@id":"https:\/\/www.drhatland.com\/#\/schema\/logo\/image\/","url":"https:\/\/www.drhatland.com\/wp-content\/uploads\/2025\/12\/Logo-Stacked-w-Padding.jpg","contentUrl":"https:\/\/www.drhatland.com\/wp-content\/uploads\/2025\/12\/Logo-Stacked-w-Padding.jpg","width":1879,"height":1667,"caption":"Raymond G. Hatland, DDS"},"image":{"@id":"https:\/\/www.drhatland.com\/#\/schema\/logo\/image\/"},"sameAs":["https:\/\/www.facebook.com\/drhatland\/","https:\/\/www.youtube.com\/@RaymondG.HatlandDDS"]}]}},"_links":{"self":[{"href":"https:\/\/www.drhatland.com\/es\/wp-json\/wp\/v2\/pages\/502","targetHints":{"allow":["GET"]}}],"collection":[{"href":"https:\/\/www.drhatland.com\/es\/wp-json\/wp\/v2\/pages"}],"about":[{"href":"https:\/\/www.drhatland.com\/es\/wp-json\/wp\/v2\/types\/page"}],"author":[{"embeddable":true,"href":"https:\/\/www.drhatland.com\/es\/wp-json\/wp\/v2\/users\/4"}],"replies":[{"embeddable":true,"href":"https:\/\/www.drhatland.com\/es\/wp-json\/wp\/v2\/comments?post=502"}],"version-history":[{"count":0,"href":"https:\/\/www.drhatland.com\/es\/wp-json\/wp\/v2\/pages\/502\/revisions"}],"wp:featuredmedia":[{"embeddable":true,"href":"https:\/\/www.drhatland.com\/es\/wp-json\/wp\/v2\/media\/785"}],"wp:attachment":[{"href":"https:\/\/www.drhatland.com\/es\/wp-json\/wp\/v2\/media?parent=502"}],"curies":[{"name":"wp","href":"https:\/\/api.w.org\/{rel}","templated":true}]}}