{"id":69,"date":"2025-03-18T01:06:13","date_gmt":"2025-03-18T05:06:13","guid":{"rendered":"http:\/\/implantquiz.wpengine.com\/?page_id=69"},"modified":"2025-03-23T22:36:54","modified_gmt":"2025-03-24T02:36:54","slug":"mapa-del-sitio","status":"publish","type":"page","link":"http:\/\/www.drhatland.com\/es\/sitemap\/","title":{"rendered":"Mapa del sitio"},"content":{"rendered":"<div class=\"row\"  id=\"row-2141828515\">\n\n\t<div id=\"col-888362883\" class=\"col medium-8 small-12 large-8\"  >\n\t\t\t\t<div class=\"col-inner\"  >\n\t\t\t\n\t\t\t\n<h1>Mapa del sitio<\/h1>\n<div class=\"wsp-container\"><h2 class=\"wsp-pages-title\">Pages<\/h2>\n<ul class=\"wsp-pages-list\">\n<li class=\"page_item page-item-13\"><a href=\"http:\/\/www.drhatland.com\/es\/about-us\/\">Acerca de nosotros<\/a><\/li>\n<li class=\"page_item page-item-608\"><a href=\"http:\/\/www.drhatland.com\/es\/are-mini-dental-implants-painful\/\">\u00bfSon dolorosos los mini implantes dentales?<\/a><\/li>\n<li class=\"page_item page-item-35\"><a href=\"http:\/\/www.drhatland.com\/es\/contact-us\/\">Cont\u00e1ctenos<\/a><\/li>\n<li class=\"page_item page-item-659\"><a href=\"http:\/\/www.drhatland.com\/es\/cosmetic-dentistry-in-lincolnwood-il\/\">Odontolog\u00eda cosm\u00e9tica en Lincolnwood, Illinois<\/a><\/li>\n<li class=\"page_item page-item-609\"><a href=\"http:\/\/www.drhatland.com\/es\/cosmetic-dentistry-options-in-lincolnwood-il\/\">Opciones de odontolog\u00eda cosm\u00e9tica en Lincolnwood, Illinois<\/a><\/li>\n<li class=\"page_item page-item-665\"><a href=\"http:\/\/www.drhatland.com\/es\/dental-bridge-in-lincolnwood-il\/\">Puente dental en Lincolnwood, Illinois<\/a><\/li>\n<li class=\"page_item page-item-614\"><a href=\"http:\/\/www.drhatland.com\/es\/dental-bridge-options-in-lincolnwood-il\/\">Opciones de puentes dentales en Lincolnwood, Illinois<\/a><\/li>\n<li class=\"page_item page-item-663\"><a href=\"http:\/\/www.drhatland.com\/es\/dental-crowns-in-lincolnwood-il\/\">Coronas dentales en Lincolnwood, Illinois<\/a><\/li>\n<li class=\"page_item page-item-613\"><a href=\"http:\/\/www.drhatland.com\/es\/dental-crowns-what-they-are-and-why-we-need-them\/\">Coronas dentales: qu\u00e9 son y por qu\u00e9 las necesitamos<\/a><\/li>\n<li class=\"page_item page-item-334\"><a href=\"http:\/\/www.drhatland.com\/es\/dental-implant-quiz\/\">Cuestionario sobre implantes dentales<\/a><\/li>\n<li class=\"page_item page-item-644\"><a href=\"http:\/\/www.drhatland.com\/es\/dental-implants-in-lincolnwood-il\/\">Implantes dentales en Lincolnwood, Illinois<\/a><\/li>\n<li class=\"page_item page-item-661\"><a href=\"http:\/\/www.drhatland.com\/es\/dental-veneers-in-lincolnwood-il\/\">Carillas dentales en Lincolnwood, Illinois<\/a><\/li>\n<li class=\"page_item page-item-611\"><a href=\"http:\/\/www.drhatland.com\/es\/denture-options-in-lincolnwood-il\/\">Opciones de dentaduras postizas en Lincolnwood, Illinois<\/a><\/li>\n<li class=\"page_item page-item-667\"><a href=\"http:\/\/www.drhatland.com\/es\/dentures-in-lincolnwood-il\/\">Dentaduras postizas en Lincolnwood, Illinois<\/a><\/li>\n<li class=\"page_item page-item-620\"><a href=\"http:\/\/www.drhatland.com\/es\/do-you-accept-dental-insurance\/\">\u00bfAceptan seguro dental?<\/a><\/li>\n<li class=\"page_item page-item-650\"><a href=\"http:\/\/www.drhatland.com\/es\/emergency-dentist-in-lincolnwood-il\/\">Dentista de urgencia en Lincolnwood, Illinois<\/a><\/li>\n<li class=\"page_item page-item-603\"><a href=\"http:\/\/www.drhatland.com\/es\/emergency-dentistry-in-lincolnwood-il\/\">Odontolog\u00eda de emergencia en Lincolnwood, Illinois<\/a><\/li>\n<li class=\"page_item page-item-621\"><a href=\"http:\/\/www.drhatland.com\/es\/energetic-dentistry-explained\/\">Explicaci\u00f3n de la odontolog\u00eda energ\u00e9tica<\/a><\/li>\n<li class=\"page_item page-item-604\"><a href=\"http:\/\/www.drhatland.com\/es\/fast-braces-vs-traditional-braces\/\">Aparatos dentales r\u00e1pidos frente a aparatos dentales tradicionales<\/a><\/li>\n<li class=\"page_item page-item-606\"><a href=\"http:\/\/www.drhatland.com\/es\/free-implant-consultation-whats-included\/\">Consulta gratuita sobre implantes: \u00bfqu\u00e9 incluye?<\/a><\/li>\n<li class=\"page_item page-item-619\"><a href=\"http:\/\/www.drhatland.com\/es\/free-implant-consultations-in-lincolnwood-il\/\">Consultas gratuitas sobre implantes en Lincolnwood, Illinois<\/a><\/li>\n<li class=\"page_item page-item-615\"><a href=\"http:\/\/www.drhatland.com\/es\/full-mouth-reconstruction-explained\/\">Explicaci\u00f3n de la reconstrucci\u00f3n completa de la boca<\/a><\/li>\n<li class=\"page_item page-item-672\"><a href=\"http:\/\/www.drhatland.com\/es\/full-mouth-reconstruction-in-lincolnwood-il\/\">Reconstrucci\u00f3n completa de la boca en Lincolnwood, Illinois<\/a><\/li>\n<li class=\"page_item page-item-610\"><a href=\"http:\/\/www.drhatland.com\/es\/gum-disease-treatment-explained\/\">Explicaci\u00f3n del tratamiento de la enfermedad de las enc\u00edas<\/a><\/li>\n<li class=\"page_item page-item-655\"><a href=\"http:\/\/www.drhatland.com\/es\/gum-disease-treatment-in-lincolnwood-il\/\">Tratamiento de enfermedades de las enc\u00edas en Lincolnwood, Illinois<\/a><\/li>\n<li class=\"page_item page-item-622\"><a href=\"http:\/\/www.drhatland.com\/es\/holistic-dentistry-explained\/\">Explicaci\u00f3n de la odontolog\u00eda hol\u00edstica<\/a><\/li>\n<li class=\"page_item page-item-651\"><a href=\"http:\/\/www.drhatland.com\/es\/holistic-dentistry-in-lincolnwood-il\/\">Odontolog\u00eda hol\u00edstica en Lincolnwood, Illinois<\/a><\/li>\n<li class=\"page_item page-item-2\"><a href=\"http:\/\/www.drhatland.com\/es\/\">Inicio<\/a><\/li>\n<li class=\"page_item page-item-607\"><a href=\"http:\/\/www.drhatland.com\/es\/how-long-does-the-mini-dental-implant-process-take\/\">\u00bfCu\u00e1nto tiempo dura el proceso de implante dental mini?<\/a><\/li>\n<li class=\"page_item page-item-496\"><a href=\"http:\/\/www.drhatland.com\/es\/implant-denture-options\/\">Opciones de implantes dentales<\/a><\/li>\n<li class=\"page_item page-item-612\"><a href=\"http:\/\/www.drhatland.com\/es\/implant-denture-options-in-lincolnwood-il\/\">Opciones de implantes dentales en Lincolnwood, Illinois<\/a><\/li>\n<li class=\"page_item page-item-669\"><a href=\"http:\/\/www.drhatland.com\/es\/implant-dentures-in-lincolnwood-il\/\">Pr\u00f3tesis dentales con implantes en Lincolnwood, Illinois<\/a><\/li>\n<li class=\"page_item page-item-502\"><a href=\"http:\/\/www.drhatland.com\/es\/meet-raymond-g-hatland-dds\/\">Conozca a Raymond G. Hatland, doctor en odontolog\u00eda.<\/a><\/li>\n<li class=\"page_item page-item-646\"><a href=\"http:\/\/www.drhatland.com\/es\/mini-dental-implants-in-lincolnwood-il\/\">Mini implantes dentales en Lincolnwood, Illinois<\/a><\/li>\n<li class=\"page_item page-item-675\"><a href=\"http:\/\/www.drhatland.com\/es\/oral-surgery-in-lincolnwood-il\/\">Cirug\u00eda oral en Lincolnwood, Illinois<\/a><\/li>\n<li class=\"page_item page-item-657\"><a href=\"http:\/\/www.drhatland.com\/es\/orthodontics-in-lincolnwood-il\/\">Ortodoncia en Lincolnwood, Illinois<\/a><\/li>\n<li class=\"page_item page-item-618\"><a href=\"http:\/\/www.drhatland.com\/es\/porcelain-veneer-options-in-lincolnwood-il\/\">Opciones de carillas de porcelana en Lincolnwood, Illinois<\/a><\/li>\n<li class=\"page_item page-item-68\"><a href=\"http:\/\/www.drhatland.com\/es\/privacy-policy\/\">Pol\u00edtica de privacidad<\/a><\/li>\n<li class=\"page_item page-item-869\"><a href=\"http:\/\/www.drhatland.com\/es\/reverse-gum-disease-program-w-o-surgery\/\">Programa para revertir la enfermedad de las enc\u00edas sin cirug\u00eda<\/a><\/li>\n<li class=\"page_item page-item-616\"><a href=\"http:\/\/www.drhatland.com\/es\/root-canal-treatment-explained\/\">Explicaci\u00f3n del tratamiento de conducto radicular<\/a><\/li>\n<li class=\"page_item page-item-671\"><a href=\"http:\/\/www.drhatland.com\/es\/root-canal-treatment-in-lincolnwood-il\/\">Tratamiento de conducto radicular en Lincolnwood, Illinois<\/a><\/li>\n<li class=\"page_item page-item-14\"><a href=\"http:\/\/www.drhatland.com\/es\/services\/\">Servicios<\/a><\/li>\n<li class=\"page_item page-item-69\"><a href=\"http:\/\/www.drhatland.com\/es\/sitemap\/\">Mapa del sitio<\/a><\/li>\n<li class=\"page_item page-item-44\"><a href=\"http:\/\/www.drhatland.com\/es\/testimonials\/\">Testimonios<\/a><\/li>\n<li class=\"page_item page-item-314\"><a href=\"http:\/\/www.drhatland.com\/es\/thank-you\/\">Gracias<\/a><\/li>\n<li class=\"page_item page-item-653\"><a href=\"http:\/\/www.drhatland.com\/es\/tmd-treatment-in-lincolnwood-il\/\">Tratamiento del TMD en Lincolnwood, Illinois<\/a><\/li>\n<li class=\"page_item page-item-17\"><a href=\"http:\/\/www.drhatland.com\/es\/videos\/\">Videos<\/a><\/li>\n<li class=\"page_item page-item-605\"><a href=\"http:\/\/www.drhatland.com\/es\/what-is-tmj-disorder-and-how-is-it-treated\/\">\u00bfQu\u00e9 es el trastorno de la ATM y c\u00f3mo se trata?<\/a><\/li>\n<\/ul>\n<h2 class=\"wsp-blockss-title\">Bloques UX<\/h2>\n<ul class=\"wsp-blockss-list\">\n<li><a href=\"http:\/\/www.drhatland.com\/es\/blocks\/video-pages\/\">P\u00e1ginas de video<\/a><\/li>\n<li><a href=\"http:\/\/www.drhatland.com\/es\/blocks\/footer\/\">Pie de p\u00e1gina<\/a><\/li>\n<\/ul>\n<\/div>\n\t\t<\/div>\n\t\t\t\t\t<\/div>\n\n\t\n\n\t<div id=\"col-133627035\" class=\"col medium-4 small-12 large-4\"  >\n\t\t\t\t<div class=\"col-inner\"  >\n\t\t\t\n\t\t\t\n<ul class=\"sidebar-wrapper ul-reset\"><aside id=\"text-8\" class=\"widget widget_text\">\t\t\t<div class=\"textwidget\"><p><a href=\"https:\/\/www.drhatland.com\/es\/videos\/\"><img loading=\"lazy\" decoding=\"async\" class=\"alignnone size-full wp-image-759\" src=\"http:\/\/www.drhatland.com\/wp-content\/uploads\/2026\/01\/Video-Library-Raymond-Hatland-DDS.png\" alt=\"Videoteca---Raymond Hatland, doctor en odontolog\u00eda\" width=\"600\" height=\"172\" srcset=\"https:\/\/www.drhatland.com\/wp-content\/uploads\/2026\/01\/Video-Library-Raymond-Hatland-DDS.png 600w, https:\/\/www.drhatland.com\/wp-content\/uploads\/2026\/01\/Video-Library-Raymond-Hatland-DDS-18x5.png 18w\" sizes=\"auto, (max-width: 600px) 100vw, 600px\" \/><\/a><\/p>\n<\/div>\n\t\t<\/aside><aside id=\"text-5\" class=\"widget widget_text\">\t\t\t<div class=\"textwidget\"><div class=\"wpcf7 no-js\" id=\"wpcf7-f9-o1\" lang=\"en-US\" dir=\"ltr\" data-wpcf7-id=\"9\">\n<div class=\"screen-reader-response\">\n<p role=\"status\" aria-live=\"polite\" aria-atomic=\"true\">\n<ul><\/ul>\n<\/div>\n<form action=\"\/es\/wp-json\/wp\/v2\/pages\/69#wpcf7-f9-o1\" method=\"post\" class=\"wpcf7-form init cf7mls-no-scroll cf7mls-no-moving-animation\" aria-label=\"Formulario de contacto\" novalidate=\"novalidate\" data-status=\"init\" data-trp-original-action=\"\/es\/wp-json\/wp\/v2\/pages\/69#wpcf7-f9-o1\">\n<fieldset class=\"hidden-fields-container\"><input type=\"hidden\" name=\"_wpcf7\" value=\"9\" \/><input type=\"hidden\" name=\"_wpcf7_version\" value=\"6.1.5\" \/><input type=\"hidden\" name=\"_wpcf7_locale\" value=\"en_US\" \/><input type=\"hidden\" name=\"_wpcf7_unit_tag\" value=\"wpcf7-f9-o1\" \/><input type=\"hidden\" name=\"_wpcf7_container_post\" value=\"0\" \/><input type=\"hidden\" name=\"_wpcf7_posted_data_hash\" value=\"\" \/><input type=\"hidden\" name=\"_wpcf7cf_hidden_group_fields\" value=\"[]\" \/><input type=\"hidden\" name=\"_wpcf7cf_hidden_groups\" value=\"[]\" \/><input type=\"hidden\" name=\"_wpcf7cf_visible_groups\" value=\"[]\" \/><input type=\"hidden\" name=\"_wpcf7cf_repeaters\" value=\"[]\" \/><input type=\"hidden\" name=\"_wpcf7cf_steps\" value=\"{}\" \/><input type=\"hidden\" name=\"_wpcf7cf_options\" value=\"{&quot;form_id&quot;:9,&quot;conditions&quot;:[],&quot;settings&quot;:{&quot;animation&quot;:&quot;yes&quot;,&quot;animation_intime&quot;:200,&quot;animation_outtime&quot;:200,&quot;conditions_ui&quot;:&quot;normal&quot;,&quot;notice_dismissed&quot;:false}}\" \/><br \/>\n<\/fieldset>\n<p><center><\/p>\n<h3>SOLICITE UNA CONSULTA<br \/>\n\t<\/h3>\n<p><\/center><\/p>\n<hr \/>\n<p><center><\/p>\n<p><span class=\"wpcf7-form-control-wrap\" data-name=\"your-name\"><input size=\"40\" maxlength=\"400\" class=\"wpcf7-form-control wpcf7-text wpcf7-validates-as-required\" aria-required=\"true\" aria-invalid=\"false\" placeholder=\"Nombre\" value=\"\" type=\"text\" name=\"your-name\" \/><\/span>\n\t<\/p>\n<p><span class=\"wpcf7-form-control-wrap\" data-name=\"your-email\"><input size=\"40\" maxlength=\"400\" class=\"wpcf7-form-control wpcf7-email wpcf7-validates-as-required wpcf7-text wpcf7-validates-as-email\" aria-required=\"true\" aria-invalid=\"false\" placeholder=\"Correo electr\u00f3nico\" value=\"\" type=\"email\" name=\"your-email\" \/><\/span>\n\t<\/p>\n<p><span class=\"wpcf7-form-control-wrap\" data-name=\"tel-545\"><input size=\"40\" maxlength=\"400\" class=\"wpcf7-form-control wpcf7-tel wpcf7-text wpcf7-validates-as-tel\" aria-invalid=\"false\" placeholder=\"N\u00famero de tel\u00e9fono\" value=\"\" type=\"tel\" name=\"tel-545\" \/><\/span>\n\t<\/p>\n<p><span class=\"wpcf7-form-control-wrap\" data-name=\"your-message\"><textarea cols=\"40\" rows=\"10\" maxlength=\"2000\" class=\"wpcf7-form-control wpcf7-textarea\" aria-invalid=\"false\" placeholder=\"\u00bfC\u00f3mo podemos ayudarle?\" name=\"your-message\"><\/textarea><\/span>\n\t<\/p>\n<p><input class=\"wpcf7-form-control wpcf7-submit has-spinner button\" type=\"submit\" value=\"Enviar solicitud\" \/>\n\t<\/p>\n<p><\/center><input\n                    class=\"apbct_special_field apbct_email_id__wp_contact_form_7\"\n                    name=\"apbct__email_id__wp_contact_form_7\"\n                    aria-label=\"apbct__label_id__wp_contact_form_7\"\n                    type=\"text\" size=\"30\" maxlength=\"200\" autocomplete=\"off\"\n                    value=\"\"\n                \/><\/p>\n<div class=\"wpcf7-response-output\" aria-hidden=\"true\"><\/div>\n<input type=\"hidden\" name=\"trp-form-language\" value=\"es\"\/><\/form>\n<\/div>\n<\/div>\n\t\t<\/aside><aside id=\"text-9\" class=\"widget widget_text\">\t\t\t<div class=\"textwidget\"><p><a href=\"http:\/\/www.drhatland.com\/es\/cuestionario-sobre-implantes-dentales\/\"><img loading=\"lazy\" decoding=\"async\" class=\"alignnone wp-image-856 size-full\" src=\"http:\/\/www.drhatland.com\/wp-content\/uploads\/2026\/01\/Implant-Quiz-Button-.png\" alt=\"\" width=\"1080\" height=\"1350\" srcset=\"https:\/\/www.drhatland.com\/wp-content\/uploads\/2026\/01\/Implant-Quiz-Button-.png 1080w, https:\/\/www.drhatland.com\/wp-content\/uploads\/2026\/01\/Implant-Quiz-Button--320x400.png 320w, https:\/\/www.drhatland.com\/wp-content\/uploads\/2026\/01\/Implant-Quiz-Button--640x800.png 640w, https:\/\/www.drhatland.com\/wp-content\/uploads\/2026\/01\/Implant-Quiz-Button--768x960.png 768w, https:\/\/www.drhatland.com\/wp-content\/uploads\/2026\/01\/Implant-Quiz-Button--10x12.png 10w\" sizes=\"auto, (max-width: 1080px) 100vw, 1080px\" \/><\/a><\/p>\n<\/div>\n\t\t<\/aside><aside id=\"nav_menu-2\" class=\"widget widget_nav_menu\"><span class=\"widget-title\"><span>Nuestros servicios<\/span><\/span><div class=\"is-divider small\"><\/div><div class=\"menu-services-container\"><ul id=\"menu-services\" class=\"menu\"><li id=\"menu-item-844\" class=\"menu-item menu-item-type-post_type menu-item-object-page menu-item-844\"><a href=\"http:\/\/www.drhatland.com\/es\/holistic-dentistry-in-lincolnwood-il\/\">Odontolog\u00eda hol\u00edstica<\/a><\/li>\n<li id=\"menu-item-835\" class=\"menu-item menu-item-type-post_type menu-item-object-page menu-item-835\"><a href=\"http:\/\/www.drhatland.com\/es\/cosmetic-dentistry-in-lincolnwood-il\/\">Odontolog\u00eda est\u00e9tica<\/a><\/li>\n<li id=\"menu-item-838\" class=\"menu-item menu-item-type-post_type menu-item-object-page menu-item-838\"><a href=\"http:\/\/www.drhatland.com\/es\/dental-implants-in-lincolnwood-il\/\">Implantes dentales<\/a><\/li>\n<li id=\"menu-item-846\" class=\"menu-item menu-item-type-post_type menu-item-object-page menu-item-846\"><a href=\"http:\/\/www.drhatland.com\/es\/mini-dental-implants-in-lincolnwood-il\/\">Mini implantes dentales<\/a><\/li>\n<li id=\"menu-item-840\" class=\"menu-item menu-item-type-post_type menu-item-object-page menu-item-840\"><a href=\"http:\/\/www.drhatland.com\/es\/dentures-in-lincolnwood-il\/\">Dentaduras postizas<\/a><\/li>\n<li id=\"menu-item-845\" class=\"menu-item menu-item-type-post_type menu-item-object-page menu-item-845\"><a href=\"http:\/\/www.drhatland.com\/es\/implant-dentures-in-lincolnwood-il\/\">Pr\u00f3tesis dentales con implantes<\/a><\/li>\n<li id=\"menu-item-842\" class=\"menu-item menu-item-type-post_type menu-item-object-page menu-item-842\"><a href=\"http:\/\/www.drhatland.com\/es\/full-mouth-reconstruction-in-lincolnwood-il\/\">Reconstrucci\u00f3n completa de la boca<\/a><\/li>\n<li id=\"menu-item-847\" class=\"menu-item menu-item-type-post_type menu-item-object-page menu-item-847\"><a href=\"http:\/\/www.drhatland.com\/es\/oral-surgery-in-lincolnwood-il\/\">Cirug\u00eda oral<\/a><\/li>\n<li id=\"menu-item-837\" class=\"menu-item menu-item-type-post_type menu-item-object-page menu-item-837\"><a href=\"http:\/\/www.drhatland.com\/es\/dental-crowns-in-lincolnwood-il\/\">Coronas dentales<\/a><\/li>\n<li id=\"menu-item-836\" class=\"menu-item menu-item-type-post_type menu-item-object-page menu-item-836\"><a href=\"http:\/\/www.drhatland.com\/es\/dental-bridge-in-lincolnwood-il\/\">Puentes dentales<\/a><\/li>\n<li id=\"menu-item-839\" class=\"menu-item menu-item-type-post_type menu-item-object-page menu-item-839\"><a href=\"http:\/\/www.drhatland.com\/es\/dental-veneers-in-lincolnwood-il\/\">Carillas de porcelana<\/a><\/li>\n<li id=\"menu-item-848\" class=\"menu-item menu-item-type-post_type menu-item-object-page menu-item-848\"><a href=\"http:\/\/www.drhatland.com\/es\/orthodontics-in-lincolnwood-il\/\">Tratamiento de ortodoncia<\/a><\/li>\n<li id=\"menu-item-843\" class=\"menu-item menu-item-type-post_type menu-item-object-page menu-item-843\"><a href=\"http:\/\/www.drhatland.com\/es\/gum-disease-treatment-in-lincolnwood-il\/\">Tratamiento de la enfermedad de las enc\u00edas<\/a><\/li>\n<li id=\"menu-item-849\" class=\"menu-item menu-item-type-post_type menu-item-object-page menu-item-849\"><a href=\"http:\/\/www.drhatland.com\/es\/root-canal-treatment-in-lincolnwood-il\/\">Tratamiento de conducto radicular<\/a><\/li>\n<li id=\"menu-item-851\" class=\"menu-item menu-item-type-post_type menu-item-object-page menu-item-851\"><a href=\"http:\/\/www.drhatland.com\/es\/emergency-dentist-in-lincolnwood-il\/\">Odontolog\u00eda de urgencia<\/a><\/li>\n<li id=\"menu-item-850\" class=\"menu-item menu-item-type-post_type menu-item-object-page menu-item-850\"><a href=\"http:\/\/www.drhatland.com\/es\/tmd-treatment-in-lincolnwood-il\/\">Tratamiento del TMD<\/a><\/li>\n<\/ul><\/div><\/aside><\/ul>\n\t\t<\/div>\n\t\t\t\t\t<\/div>\n\n\t\n<\/div>","protected":false},"excerpt":{"rendered":"","protected":false},"author":4,"featured_media":0,"parent":0,"menu_order":0,"comment_status":"closed","ping_status":"closed","template":"","meta":{"rop_custom_images_group":[],"rop_custom_messages_group":[],"rop_publish_now":"initial","rop_publish_now_accounts":{"gmb_109265489736877664202_accounts\/109265489736877664202\/locations\/7595594658973118275":""},"rop_publish_now_history":[],"rop_publish_now_status":"pending","footnotes":""},"class_list":["post-69","page","type-page","status-publish","hentry"],"yoast_head":"<!-- This site is optimized with the Yoast SEO plugin v27.4 - https:\/\/yoast.com\/product\/yoast-seo-wordpress\/ -->\n<title>Sitemap | Raymond G. Hatland, DDS<\/title>\n<meta name=\"robots\" content=\"index, follow, max-snippet:-1, max-image-preview:large, max-video-preview:-1\" \/>\n<link rel=\"canonical\" href=\"https:\/\/www.drhatland.com\/es\/mapa-del-sitio\/\" \/>\n<meta property=\"og:locale\" content=\"es_MX\" \/>\n<meta property=\"og:type\" content=\"article\" \/>\n<meta property=\"og:title\" content=\"Sitemap | Raymond G. Hatland, DDS\" \/>\n<meta property=\"og:url\" content=\"https:\/\/www.drhatland.com\/es\/mapa-del-sitio\/\" \/>\n<meta property=\"og:site_name\" content=\"Raymond G. Hatland, DDS\" \/>\n<meta property=\"article:publisher\" content=\"https:\/\/www.facebook.com\/drhatland\/\" \/>\n<meta property=\"article:modified_time\" content=\"2025-03-24T02:36:54+00:00\" \/>\n<meta property=\"og:image\" content=\"https:\/\/www.drhatland.com\/wp-content\/uploads\/2026\/01\/Original-Logo.jpg\" \/>\n\t<meta property=\"og:image:width\" content=\"1200\" \/>\n\t<meta property=\"og:image:height\" content=\"675\" \/>\n\t<meta property=\"og:image:type\" content=\"image\/jpeg\" \/>\n<meta name=\"twitter:card\" content=\"summary_large_image\" \/>\n<meta name=\"twitter:label1\" content=\"Est. reading time\" \/>\n\t<meta name=\"twitter:data1\" content=\"1 minuto\" \/>\n<script type=\"application\/ld+json\" class=\"yoast-schema-graph\">{\"@context\":\"https:\\\/\\\/schema.org\",\"@graph\":[{\"@type\":\"WebPage\",\"@id\":\"https:\\\/\\\/www.drhatland.com\\\/es\\\/mapa-del-sitio\\\/\",\"url\":\"https:\\\/\\\/www.drhatland.com\\\/es\\\/mapa-del-sitio\\\/\",\"name\":\"Sitemap | Raymond G. Hatland, DDS\",\"isPartOf\":{\"@id\":\"https:\\\/\\\/www.drhatland.com\\\/#website\"},\"datePublished\":\"2025-03-18T05:06:13+00:00\",\"dateModified\":\"2025-03-24T02:36:54+00:00\",\"breadcrumb\":{\"@id\":\"https:\\\/\\\/www.drhatland.com\\\/es\\\/mapa-del-sitio\\\/#breadcrumb\"},\"inLanguage\":\"es\",\"potentialAction\":[{\"@type\":\"ReadAction\",\"target\":[\"https:\\\/\\\/www.drhatland.com\\\/es\\\/mapa-del-sitio\\\/\"]}]},{\"@type\":\"BreadcrumbList\",\"@id\":\"https:\\\/\\\/www.drhatland.com\\\/es\\\/mapa-del-sitio\\\/#breadcrumb\",\"itemListElement\":[{\"@type\":\"ListItem\",\"position\":1,\"name\":\"Home\",\"item\":\"https:\\\/\\\/www.drhatland.com\\\/\"},{\"@type\":\"ListItem\",\"position\":2,\"name\":\"Sitemap\"}]},{\"@type\":\"WebSite\",\"@id\":\"https:\\\/\\\/www.drhatland.com\\\/#website\",\"url\":\"https:\\\/\\\/www.drhatland.com\\\/\",\"name\":\"Raymond G. Hatland, DDS\",\"description\":\"Holistic &amp; Implant Dentistry in Lincolnwood, IL\",\"publisher\":{\"@id\":\"https:\\\/\\\/www.drhatland.com\\\/#organization\"},\"alternateName\":\"Dentist in Lincolnwood, IL\",\"potentialAction\":[{\"@type\":\"SearchAction\",\"target\":{\"@type\":\"EntryPoint\",\"urlTemplate\":\"https:\\\/\\\/www.drhatland.com\\\/?s={search_term_string}\"},\"query-input\":{\"@type\":\"PropertyValueSpecification\",\"valueRequired\":true,\"valueName\":\"search_term_string\"}}],\"inLanguage\":\"es\"},{\"@type\":\"Organization\",\"@id\":\"https:\\\/\\\/www.drhatland.com\\\/#organization\",\"name\":\"Raymond G. Hatland, DDS\",\"alternateName\":\"Dentist in Lincolnwood, IL\",\"url\":\"https:\\\/\\\/www.drhatland.com\\\/\",\"logo\":{\"@type\":\"ImageObject\",\"inLanguage\":\"es\",\"@id\":\"https:\\\/\\\/www.drhatland.com\\\/#\\\/schema\\\/logo\\\/image\\\/\",\"url\":\"https:\\\/\\\/www.drhatland.com\\\/wp-content\\\/uploads\\\/2025\\\/12\\\/Logo-Stacked-w-Padding.jpg\",\"contentUrl\":\"https:\\\/\\\/www.drhatland.com\\\/wp-content\\\/uploads\\\/2025\\\/12\\\/Logo-Stacked-w-Padding.jpg\",\"width\":1879,\"height\":1667,\"caption\":\"Raymond G. Hatland, DDS\"},\"image\":{\"@id\":\"https:\\\/\\\/www.drhatland.com\\\/#\\\/schema\\\/logo\\\/image\\\/\"},\"sameAs\":[\"https:\\\/\\\/www.facebook.com\\\/drhatland\\\/\",\"https:\\\/\\\/www.youtube.com\\\/@RaymondG.HatlandDDS\"]}]}<\/script>\n<!-- \/ Yoast SEO plugin. -->","yoast_head_json":{"title":"Mapa del sitio | Raymond G. Hatland, DDS","robots":{"index":"index","follow":"follow","max-snippet":"max-snippet:-1","max-image-preview":"max-image-preview:large","max-video-preview":"max-video-preview:-1"},"canonical":"https:\/\/www.drhatland.com\/es\/mapa-del-sitio\/","og_locale":"es_MX","og_type":"article","og_title":"Sitemap | Raymond G. Hatland, DDS","og_url":"https:\/\/www.drhatland.com\/es\/mapa-del-sitio\/","og_site_name":"Raymond G. Hatland, DDS","article_publisher":"https:\/\/www.facebook.com\/drhatland\/","article_modified_time":"2025-03-24T02:36:54+00:00","og_image":[{"width":1200,"height":675,"url":"https:\/\/www.drhatland.com\/wp-content\/uploads\/2026\/01\/Original-Logo.jpg","type":"image\/jpeg"}],"twitter_card":"summary_large_image","twitter_misc":{"Est. reading time":"1 minuto"},"schema":{"@context":"https:\/\/schema.org","@graph":[{"@type":"WebPage","@id":"https:\/\/www.drhatland.com\/es\/mapa-del-sitio\/","url":"https:\/\/www.drhatland.com\/es\/mapa-del-sitio\/","name":"Mapa del sitio | Raymond G. Hatland, DDS","isPartOf":{"@id":"https:\/\/www.drhatland.com\/#website"},"datePublished":"2025-03-18T05:06:13+00:00","dateModified":"2025-03-24T02:36:54+00:00","breadcrumb":{"@id":"https:\/\/www.drhatland.com\/es\/mapa-del-sitio\/#breadcrumb"},"inLanguage":"es","potentialAction":[{"@type":"ReadAction","target":["https:\/\/www.drhatland.com\/es\/mapa-del-sitio\/"]}]},{"@type":"BreadcrumbList","@id":"https:\/\/www.drhatland.com\/es\/mapa-del-sitio\/#breadcrumb","itemListElement":[{"@type":"ListItem","position":1,"name":"Home","item":"https:\/\/www.drhatland.com\/"},{"@type":"ListItem","position":2,"name":"Sitemap"}]},{"@type":"WebSite","@id":"https:\/\/www.drhatland.com\/#website","url":"https:\/\/www.drhatland.com\/","name":"Raymond G. Hatland, Doctor en Cirug\u00eda Dental","description":"Odontolog\u00eda hol\u00edstica e implantes dentales en Lincolnwood, Illinois","publisher":{"@id":"https:\/\/www.drhatland.com\/#organization"},"alternateName":"Dentist in Lincolnwood, IL","potentialAction":[{"@type":"SearchAction","target":{"@type":"EntryPoint","urlTemplate":"https:\/\/www.drhatland.com\/?s={search_term_string}"},"query-input":{"@type":"PropertyValueSpecification","valueRequired":true,"valueName":"search_term_string"}}],"inLanguage":"es"},{"@type":"Organization","@id":"https:\/\/www.drhatland.com\/#organization","name":"Raymond G. Hatland, Doctor en Cirug\u00eda Dental","alternateName":"Dentist in Lincolnwood, IL","url":"https:\/\/www.drhatland.com\/","logo":{"@type":"ImageObject","inLanguage":"es","@id":"https:\/\/www.drhatland.com\/#\/schema\/logo\/image\/","url":"https:\/\/www.drhatland.com\/wp-content\/uploads\/2025\/12\/Logo-Stacked-w-Padding.jpg","contentUrl":"https:\/\/www.drhatland.com\/wp-content\/uploads\/2025\/12\/Logo-Stacked-w-Padding.jpg","width":1879,"height":1667,"caption":"Raymond G. Hatland, DDS"},"image":{"@id":"https:\/\/www.drhatland.com\/#\/schema\/logo\/image\/"},"sameAs":["https:\/\/www.facebook.com\/drhatland\/","https:\/\/www.youtube.com\/@RaymondG.HatlandDDS"]}]}},"_links":{"self":[{"href":"http:\/\/www.drhatland.com\/es\/wp-json\/wp\/v2\/pages\/69","targetHints":{"allow":["GET"]}}],"collection":[{"href":"http:\/\/www.drhatland.com\/es\/wp-json\/wp\/v2\/pages"}],"about":[{"href":"http:\/\/www.drhatland.com\/es\/wp-json\/wp\/v2\/types\/page"}],"author":[{"embeddable":true,"href":"http:\/\/www.drhatland.com\/es\/wp-json\/wp\/v2\/users\/4"}],"replies":[{"embeddable":true,"href":"http:\/\/www.drhatland.com\/es\/wp-json\/wp\/v2\/comments?post=69"}],"version-history":[{"count":0,"href":"http:\/\/www.drhatland.com\/es\/wp-json\/wp\/v2\/pages\/69\/revisions"}],"wp:attachment":[{"href":"http:\/\/www.drhatland.com\/es\/wp-json\/wp\/v2\/media?parent=69"}],"curies":[{"name":"wp","href":"https:\/\/api.w.org\/{rel}","templated":true}]}}