{"id":603,"date":"2025-11-19T14:57:47","date_gmt":"2025-11-19T19:57:47","guid":{"rendered":"https:\/\/raymondhatland.wpenginepowered.com\/?page_id=603"},"modified":"2026-01-25T12:22:51","modified_gmt":"2026-01-25T17:22:51","slug":"odontologia-de-emergencia-en-lincolnwood-illinois","status":"publish","type":"page","link":"http:\/\/www.drhatland.com\/es\/emergency-dentistry-in-lincolnwood-il\/","title":{"rendered":"Odontolog\u00eda de emergencia en Lincolnwood, Illinois"},"content":{"rendered":"<section class=\"section\" id=\"section_890832380\">\n\t\t<div class=\"section-bg fill\" >\n\t\t\t\t\t\t\t\t\t\n\t\t\t\n\n\t\t<\/div>\n\n\t\t\n\n\t\t<div class=\"section-content relative\">\n\t\t\t\n<div class=\"row\"  id=\"row-678926569\">\n\n\t<div id=\"col-703669531\" class=\"col medium-12 small-12 large-8\"  >\n\t\t\t\t<div class=\"col-inner\"  >\n\t\t\t\n\t\t\t\n<h1>Odontolog\u00eda de emergencia en Lincolnwood, Illinois<\/h1>\n<p>En este video, <strong><a href=\"https:\/\/www.drhatland.com\/es\/quienes-somos\/\">Raymond G. Hatland, Doctor en Cirug\u00eda Dental<\/a><\/strong>, explica c\u00f3mo responde a las emergencias dentales y qu\u00e9 pueden esperar los pacientes cuando necesitan atenci\u00f3n urgente.<\/p>\n<div class=\"video video-fit mb\" style=\"padding-top:56.25%;\"><p><iframe loading=\"lazy\" title=\"Odontolog\u00eda de emergencia en Lincolnwood, Illinois\" width=\"1020\" height=\"574\" src=\"https:\/\/www.youtube.com\/embed\/6dvFg1QiAbM?wmode=transparent&amp;rel=0&amp;feature=oembed\" frameborder=\"0\" allow=\"accelerometer; autoplay; clipboard-write; encrypted-media; gyroscope; picture-in-picture; web-share\" referrerpolicy=\"strict-origin-when-cross-origin\" allowfullscreen><\/iframe><\/p>\n<\/div>\n<p>Atiendo las emergencias dentales lo m\u00e1s r\u00e1pido posible. Debido a que trabajo en varias ciudades, no siempre puedo atenderlo de inmediato, pero una vez que nos avise, le daremos la cita m\u00e1s temprana disponible. El objetivo es aliviar su dolor y resolver la situaci\u00f3n de emergencia, ya sea que requiera un tratamiento de conducto, una extracci\u00f3n u otro tratamiento. Estoy equipado para manejar todos estos problemas.<\/p>\n<p>Si tiene una emergencia dental, haga una cita y acuda a la consulta.<\/p>\n\t\t<\/div>\n\t\t\t\t\t<\/div>\n\n\t\n\n\t<div id=\"col-1835243180\" class=\"col medium-12 small-12 large-4\"  >\n\t\t\t\t<div class=\"col-inner\"  >\n\t\t\t\n\t\t\t\n<ul class=\"sidebar-wrapper ul-reset\"><li id=\"text-7\" class=\"widget widget_text\">\t\t\t<div class=\"textwidget\"><p><a href=\"https:\/\/www.drhatland.com\/es\/videos\/\"><img loading=\"lazy\" decoding=\"async\" class=\"alignnone size-full wp-image-759\" src=\"http:\/\/www.drhatland.com\/wp-content\/uploads\/2026\/01\/Video-Library-Raymond-Hatland-DDS.png\" alt=\"Videoteca---Raymond Hatland, doctor en odontolog\u00eda\" width=\"600\" height=\"172\" srcset=\"https:\/\/www.drhatland.com\/wp-content\/uploads\/2026\/01\/Video-Library-Raymond-Hatland-DDS.png 600w, https:\/\/www.drhatland.com\/wp-content\/uploads\/2026\/01\/Video-Library-Raymond-Hatland-DDS-18x5.png 18w\" sizes=\"auto, (max-width: 600px) 100vw, 600px\" \/><\/a><\/p>\n<\/div>\n\t\t<\/li>\n<li id=\"text-6\" class=\"widget widget_text\">\t\t\t<div class=\"textwidget\"><div class=\"wpcf7 no-js\" id=\"wpcf7-f9-o1\" lang=\"en-US\" dir=\"ltr\" data-wpcf7-id=\"9\">\n<div class=\"screen-reader-response\">\n<p role=\"status\" aria-live=\"polite\" aria-atomic=\"true\">\n<ul><\/ul>\n<\/div>\n<form action=\"\/es\/wp-json\/wp\/v2\/pages\/603#wpcf7-f9-o1\" method=\"post\" class=\"wpcf7-form init cf7mls-no-scroll cf7mls-no-moving-animation\" aria-label=\"Formulario de contacto\" novalidate=\"novalidate\" data-status=\"init\" data-trp-original-action=\"\/es\/wp-json\/wp\/v2\/pages\/603#wpcf7-f9-o1\">\n<fieldset class=\"hidden-fields-container\"><input type=\"hidden\" name=\"_wpcf7\" value=\"9\" \/><input type=\"hidden\" name=\"_wpcf7_version\" value=\"6.1.5\" \/><input type=\"hidden\" name=\"_wpcf7_locale\" value=\"en_US\" \/><input type=\"hidden\" name=\"_wpcf7_unit_tag\" value=\"wpcf7-f9-o1\" \/><input type=\"hidden\" name=\"_wpcf7_container_post\" value=\"0\" \/><input type=\"hidden\" name=\"_wpcf7_posted_data_hash\" value=\"\" \/><input type=\"hidden\" name=\"_wpcf7cf_hidden_group_fields\" value=\"[]\" \/><input type=\"hidden\" name=\"_wpcf7cf_hidden_groups\" value=\"[]\" \/><input type=\"hidden\" name=\"_wpcf7cf_visible_groups\" value=\"[]\" \/><input type=\"hidden\" name=\"_wpcf7cf_repeaters\" value=\"[]\" \/><input type=\"hidden\" name=\"_wpcf7cf_steps\" value=\"{}\" \/><input type=\"hidden\" name=\"_wpcf7cf_options\" value=\"{&quot;form_id&quot;:9,&quot;conditions&quot;:[],&quot;settings&quot;:{&quot;animation&quot;:&quot;yes&quot;,&quot;animation_intime&quot;:200,&quot;animation_outtime&quot;:200,&quot;conditions_ui&quot;:&quot;normal&quot;,&quot;notice_dismissed&quot;:false}}\" \/><br \/>\n<\/fieldset>\n<p><center><\/p>\n<h3>SOLICITE UNA CONSULTA<br \/>\n\t<\/h3>\n<p><\/center><\/p>\n<hr \/>\n<p><center><\/p>\n<p><span class=\"wpcf7-form-control-wrap\" data-name=\"your-name\"><input size=\"40\" maxlength=\"400\" class=\"wpcf7-form-control wpcf7-text wpcf7-validates-as-required\" aria-required=\"true\" aria-invalid=\"false\" placeholder=\"Nombre\" value=\"\" type=\"text\" name=\"your-name\" \/><\/span>\n\t<\/p>\n<p><span class=\"wpcf7-form-control-wrap\" data-name=\"your-email\"><input size=\"40\" maxlength=\"400\" class=\"wpcf7-form-control wpcf7-email wpcf7-validates-as-required wpcf7-text wpcf7-validates-as-email\" aria-required=\"true\" aria-invalid=\"false\" placeholder=\"Correo electr\u00f3nico\" value=\"\" type=\"email\" name=\"your-email\" \/><\/span>\n\t<\/p>\n<p><span class=\"wpcf7-form-control-wrap\" data-name=\"tel-545\"><input size=\"40\" maxlength=\"400\" class=\"wpcf7-form-control wpcf7-tel wpcf7-text wpcf7-validates-as-tel\" aria-invalid=\"false\" placeholder=\"N\u00famero de tel\u00e9fono\" value=\"\" type=\"tel\" name=\"tel-545\" \/><\/span>\n\t<\/p>\n<p><span class=\"wpcf7-form-control-wrap\" data-name=\"your-message\"><textarea cols=\"40\" rows=\"10\" maxlength=\"2000\" class=\"wpcf7-form-control wpcf7-textarea\" aria-invalid=\"false\" placeholder=\"\u00bfC\u00f3mo podemos ayudarle?\" name=\"your-message\"><\/textarea><\/span>\n\t<\/p>\n<p><input class=\"wpcf7-form-control wpcf7-submit has-spinner button\" type=\"submit\" value=\"Enviar solicitud\" \/>\n\t<\/p>\n<p><\/center><input\n                    class=\"apbct_special_field apbct_email_id__wp_contact_form_7\"\n                    name=\"apbct__email_id__wp_contact_form_7\"\n                    aria-label=\"apbct__label_id__wp_contact_form_7\"\n                    type=\"text\" size=\"30\" maxlength=\"200\" autocomplete=\"off\"\n                    value=\"\"\n                \/><\/p>\n<div class=\"wpcf7-response-output\" aria-hidden=\"true\"><\/div>\n<input type=\"hidden\" name=\"trp-form-language\" value=\"es\"\/><\/form>\n<\/div>\n<\/div>\n\t\t<\/li>\n<li id=\"text-10\" class=\"widget widget_text\">\t\t\t<div class=\"textwidget\"><p><a href=\"http:\/\/www.drhatland.com\/es\/cuestionario-sobre-implantes-dentales\/\"><img loading=\"lazy\" decoding=\"async\" class=\"alignnone wp-image-856 size-full\" src=\"http:\/\/www.drhatland.com\/wp-content\/uploads\/2026\/01\/Implant-Quiz-Button-.png\" alt=\"\" width=\"1080\" height=\"1350\" srcset=\"https:\/\/www.drhatland.com\/wp-content\/uploads\/2026\/01\/Implant-Quiz-Button-.png 1080w, https:\/\/www.drhatland.com\/wp-content\/uploads\/2026\/01\/Implant-Quiz-Button--320x400.png 320w, https:\/\/www.drhatland.com\/wp-content\/uploads\/2026\/01\/Implant-Quiz-Button--640x800.png 640w, https:\/\/www.drhatland.com\/wp-content\/uploads\/2026\/01\/Implant-Quiz-Button--768x960.png 768w, https:\/\/www.drhatland.com\/wp-content\/uploads\/2026\/01\/Implant-Quiz-Button--10x12.png 10w\" sizes=\"auto, (max-width: 1080px) 100vw, 1080px\" \/><\/a><\/p>\n<\/div>\n\t\t<\/li><\/ul>\n\t\t<\/div>\n\t\t\t\t\t<\/div>\n\n\t\n<\/div>\n\t\t<\/div>\n\n\t\t\n<style>\n#section_890832380 {\n  padding-top: 30px;\n  padding-bottom: 30px;\n}\n<\/style>\n\t<\/section>\n\t\n\n\t<section class=\"section dark\" id=\"section_971649179\">\n\t\t<div class=\"section-bg fill\" >\n\t\t\t<img loading=\"lazy\" decoding=\"async\" width=\"2560\" height=\"1280\" src=\"https:\/\/www.drhatland.com\/wp-content\/uploads\/2025\/11\/Chicago-Skyline-scaled.jpg\" class=\"bg attachment-original size-original\" alt=\"\" \/>\t\t\t\t\t\t<div class=\"section-bg-overlay absolute fill\"><\/div>\n\t\t\t\n\t<div class=\"is-border\"\n\t\tstyle=\"border-color:rgb(235, 235, 235);border-width:1px 0px 0px 0px;\">\n\t<\/div>\n\n\t\t<\/div>\n\n\t\t\n\n\t\t<div class=\"section-content relative\">\n\t\t\t\n\n<div class=\"container section-title-container\" ><h2 class=\"section-title section-title-bold-center\"><b aria-hidden=\"true\"><\/b><span class=\"section-title-main\" style=\"font-size:140%;color:rgb(255, 255, 255);\">NUESTROS SERVICIOS DENTALES<\/span><b aria-hidden=\"true\"><\/b><\/h2><\/div>\n\n<div class=\"row\"  id=\"row-460160937\">\n\n\n\t<div id=\"col-697570385\" class=\"col medium-12 small-12 large-4\"  >\n\t\t\t\t<div class=\"col-inner dark\"  >\n\t\t\t\n\t\t\t\n\n\t<div id=\"text-3356221791\" class=\"text\">\n\t\t\n\n<ul>\r\n<li class=\"bullet-arrow\"><strong><span style=\"font-size: 120%;\"><a href=\"http:\/\/www.drhatland.com\/es\/odontologia-holistica-en-lincolnwood-illinois\/\">Odontolog\u00eda hol\u00edstica<\/a><\/span><\/strong><\/li>\r\n<li class=\"bullet-arrow\"><strong><span style=\"font-size: 120%;\"><a href=\"http:\/\/www.drhatland.com\/es\/odontologia-cosmetica-en-lincolnwood-illinois\/\">Odontolog\u00eda est\u00e9tica<\/a><\/span><\/strong><\/li>\r\n<li class=\"bullet-arrow\"><strong><span style=\"font-size: 120%;\"><a href=\"http:\/\/www.drhatland.com\/es\/coronas-dentales-en-lincolnwood-illinois\/\">Coronas dentales<\/a><\/span><\/strong><\/li>\r\n<li class=\"bullet-arrow\"><strong><span style=\"font-size: 120%;\"><a href=\"http:\/\/www.drhatland.com\/es\/puente-dental-en-lincolnwood-illinois\/\">Puentes dentales<\/a><\/span><\/strong><\/li>\r\n<li class=\"bullet-arrow\"><strong><span style=\"font-size: 120%;\"><a href=\"http:\/\/www.drhatland.com\/es\/carillas-dentales-en-lincolnwood-illinois\/\">Carillas de porcelana<\/a><\/span><\/strong><\/li>\r\n<li class=\"bullet-arrow\"><strong><span style=\"font-size: 120%;\"><a href=\"http:\/\/www.drhatland.com\/es\/ortodoncia-en-lincolnwood-illinois\/\">Tratamiento de ortodoncia<\/a><\/span><\/strong><\/li>\r\n<\/ul>\n\t\t\n<style>\n#text-3356221791 {\n  font-size: 1.3rem;\n  text-align: center;\n}\n<\/style>\n\t<\/div>\n\t\n\n\t\t<\/div>\n\t\t\t\t\t<\/div>\n\n\t\n\n\t<div id=\"col-1614364770\" class=\"col medium-12 small-12 large-4\"  >\n\t\t\t\t<div class=\"col-inner dark\"  >\n\t\t\t\n\t\t\t\n\n\t<div id=\"text-1975576068\" class=\"text\">\n\t\t\n\n<ul>\r\n<li class=\"bullet-arrow\"><strong><span style=\"font-size: 120%;\"><a href=\"http:\/\/www.drhatland.com\/es\/implantes-dentales-en-lincolnwood-illinois-2\/\">Implantes dentales<\/a><\/span><\/strong><\/li>\r\n<li class=\"bullet-arrow\"><strong><span style=\"font-size: 120%;\"><a href=\"http:\/\/www.drhatland.com\/es\/mini-implantes-dentales-en-lincolnwood-illinois\/\">Mini implantes dentales<\/a><\/span><\/strong><\/li>\r\n<li class=\"bullet-arrow\"><strong><span style=\"font-size: 120%;\"><a href=\"http:\/\/www.drhatland.com\/es\/dentaduras-postizas-en-lincolnwood-illinois\/\">Dentaduras postizas<\/a><\/span><\/strong><\/li>\r\n<li class=\"bullet-arrow\"><strong><span style=\"font-size: 120%;\"><a href=\"http:\/\/www.drhatland.com\/es\/implantes-dentales-en-lincolnwood-illinois\/\">Pr\u00f3tesis dentales con implantes<\/a><\/span><\/strong><\/li>\r\n<li class=\"bullet-arrow\"><strong><span style=\"font-size: 120%;\"><a href=\"http:\/\/www.drhatland.com\/es\/reconstruccion-completa-de-la-boca-en-lincolnwood-illinois\/\">Reconstrucci\u00f3n completa de la boca<\/a><\/span><\/strong><\/li>\r\n<li class=\"bullet-arrow\"><strong><span style=\"font-size: 120%;\"><a href=\"http:\/\/www.drhatland.com\/es\/cirugia-oral-en-lincolnwood-illinois\/\">Cirug\u00eda oral<\/a><\/span><\/strong><\/li>\r\n<\/ul>\n\t\t\n<style>\n#text-1975576068 {\n  font-size: 1.3rem;\n  text-align: center;\n}\n<\/style>\n\t<\/div>\n\t\n\n\t\t<\/div>\n\t\t\t\t\t<\/div>\n\n\t\n\n\t<div id=\"col-60401642\" class=\"col medium-12 small-12 large-4\"  >\n\t\t\t\t<div class=\"col-inner dark\"  >\n\t\t\t\n\t\t\t\n\n\t<div id=\"text-1846724888\" class=\"text\">\n\t\t\n\n<ul>\n<li class=\"bullet-arrow\"><strong><span style=\"font-size: 120%;\"><a href=\"http:\/\/www.drhatland.com\/es\/tratamiento-de-enfermedades-de-las-encias-en-lincolnwood-illinois\/\">Tratamiento de la enfermedad de las enc\u00edas<\/a><\/span><\/strong><\/li>\n<li class=\"bullet-arrow\"><strong><span style=\"font-size: 120%;\"><a href=\"http:\/\/www.drhatland.com\/es\/tratamiento-de-conducto-radicular-en-lincolnwood-illinois\/\">Tratamiento de conducto radicular<\/a><\/span><\/strong><\/li>\n<li class=\"bullet-arrow\"><strong><span style=\"font-size: 120%;\"><a href=\"http:\/\/www.drhatland.com\/es\/tratamiento-de-la-disfuncion-temporomandibular-en-lincolnwood-illinois\/\">Tratamiento de la ATM\/TMD<\/a><\/span><\/strong><\/li>\n<li class=\"bullet-arrow\"><strong><span style=\"font-size: 120%;\"><a href=\"https:\/\/www.drhatland.com\/es\/dentista-de-urgencia-en-lincolnwood-illinois\/\">Odontolog\u00eda de urgencia<\/a><\/span><\/strong><\/li>\n<\/ul>\n\t\t\n<style>\n#text-1846724888 {\n  font-size: 1.3rem;\n  text-align: center;\n}\n<\/style>\n\t<\/div>\n\t\n\n\t\t<\/div>\n\t\t\t\t\t<\/div>\n\n\t\n\n<\/div>\n\n\t\t<\/div>\n\n\t\t\n<style>\n#section_971649179 {\n  padding-top: 60px;\n  padding-bottom: 60px;\n  min-height: 300px;\n  background-color: rgb(86, 65, 126);\n}\n#section_971649179 .section-bg-overlay {\n  background-color: rgba(86, 65, 126, 0.9);\n}\n#section_971649179 .section-bg img {\n  object-position: 42% 100%;\n}\n<\/style>\n\t<\/section>\n\t\n\n\t<section class=\"section\" id=\"section_1863672508\">\n\t\t<div class=\"section-bg fill\" >\n\t\t\t\t\t\t\t\t\t\n\t\t\t\n\n\t\t<\/div>\n\n\t\t\n\n\t\t<div class=\"section-content relative\">\n\t\t\t\n\n<div class=\"row\"  id=\"row-522734611\">\n\n\n\t<div id=\"col-96445005\" class=\"col small-12 large-12\"  >\n\t\t\t\t<div class=\"col-inner\"  >\n\t\t\t\n\t\t\t\n\n<div class=\"container section-title-container\" ><h3 class=\"section-title section-title-center\"><b aria-hidden=\"true\"><\/b><span class=\"section-title-main\" style=\"font-size:150%;\">Escuche lo que dicen nuestros pacientes...<\/span><b aria-hidden=\"true\"><\/b><\/h3><\/div>\n\n\n\n<div data-bid=\"164497\" data-url=\"https:\/\/rb.whitespark.ca\" ><script src=\"https:\/\/widget.reviewability.com\/js\/widgetAdv.min.js\" async><\/script><\/div><script class=\"json-ld-content\" type=\"application\/ld+json\"><\/script>\n\n\n\t\t<\/div>\n\t\t\t\t\t<\/div>\n\n\t\n\n<\/div>\n\n\t\t<\/div>\n\n\t\t\n<style>\n#section_1863672508 {\n  padding-top: 50px;\n  padding-bottom: 50px;\n}\n<\/style>\n\t<\/section>","protected":false},"excerpt":{"rendered":"","protected":false},"author":7,"featured_media":804,"parent":0,"menu_order":0,"comment_status":"closed","ping_status":"closed","template":"page-blank.php","meta":{"rop_custom_images_group":[],"rop_custom_messages_group":[],"rop_publish_now":"initial","rop_publish_now_accounts":{"gmb_109265489736877664202_accounts\/109265489736877664202\/locations\/7595594658973118275":""},"rop_publish_now_history":[],"rop_publish_now_status":"pending","footnotes":""},"class_list":["post-603","page","type-page","status-publish","has-post-thumbnail","hentry"],"yoast_head":"<!-- This site is optimized with the Yoast SEO plugin v27.4 - https:\/\/yoast.com\/product\/yoast-seo-wordpress\/ -->\n<title>Emergency Dentistry in Lincolnwood, IL | Urgent Dental Care<\/title>\n<meta name=\"description\" content=\"If you are in pain, or suffered a traumatic dental injury, contact Dr. Raymond Hatland today for emergency dentistry when you need it most.\" \/>\n<meta name=\"robots\" content=\"index, follow, max-snippet:-1, max-image-preview:large, max-video-preview:-1\" \/>\n<link rel=\"canonical\" href=\"https:\/\/www.drhatland.com\/es\/odontologia-de-emergencia-en-lincolnwood-illinois\/\" \/>\n<meta property=\"og:locale\" content=\"es_MX\" \/>\n<meta property=\"og:type\" content=\"article\" \/>\n<meta property=\"og:title\" content=\"Emergency Dentistry in Lincolnwood, IL | Urgent Dental Care\" \/>\n<meta property=\"og:description\" content=\"If you are in pain, or suffered a traumatic dental injury, contact Dr. Raymond Hatland today for emergency dentistry when you need it most.\" \/>\n<meta property=\"og:url\" content=\"https:\/\/www.drhatland.com\/es\/odontologia-de-emergencia-en-lincolnwood-illinois\/\" \/>\n<meta property=\"og:site_name\" content=\"Raymond G. Hatland, DDS\" \/>\n<meta property=\"article:publisher\" content=\"https:\/\/www.facebook.com\/drhatland\/\" \/>\n<meta property=\"article:modified_time\" content=\"2026-01-25T17:22:51+00:00\" \/>\n<meta property=\"og:image\" content=\"https:\/\/www.drhatland.com\/wp-content\/uploads\/2026\/01\/Emergency-Dentistry-in-Lincolnwood-IL-Urgent-Dental-Care.jpg\" \/>\n\t<meta property=\"og:image:width\" content=\"500\" \/>\n\t<meta property=\"og:image:height\" content=\"334\" \/>\n\t<meta property=\"og:image:type\" content=\"image\/jpeg\" \/>\n<meta name=\"twitter:card\" content=\"summary_large_image\" \/>\n<meta name=\"twitter:label1\" content=\"Est. reading time\" \/>\n\t<meta name=\"twitter:data1\" content=\"1 minuto\" \/>\n<script type=\"application\/ld+json\" class=\"yoast-schema-graph\">{\"@context\":\"https:\\\/\\\/schema.org\",\"@graph\":[{\"@type\":\"WebPage\",\"@id\":\"https:\\\/\\\/www.drhatland.com\\\/emergency-dentistry-in-lincolnwood-il\\\/\",\"url\":\"https:\\\/\\\/www.drhatland.com\\\/emergency-dentistry-in-lincolnwood-il\\\/\",\"name\":\"Emergency Dentistry in Lincolnwood, IL | Urgent Dental Care\",\"isPartOf\":{\"@id\":\"https:\\\/\\\/www.drhatland.com\\\/#website\"},\"primaryImageOfPage\":{\"@id\":\"https:\\\/\\\/www.drhatland.com\\\/emergency-dentistry-in-lincolnwood-il\\\/#primaryimage\"},\"image\":{\"@id\":\"https:\\\/\\\/www.drhatland.com\\\/emergency-dentistry-in-lincolnwood-il\\\/#primaryimage\"},\"thumbnailUrl\":\"https:\\\/\\\/www.drhatland.com\\\/wp-content\\\/uploads\\\/2026\\\/01\\\/Emergency-Dentistry-in-Lincolnwood-IL-Urgent-Dental-Care.jpg\",\"datePublished\":\"2025-11-19T19:57:47+00:00\",\"dateModified\":\"2026-01-25T17:22:51+00:00\",\"description\":\"If you are in pain, or suffered a traumatic dental injury, contact Dr. Raymond Hatland today for emergency dentistry when you need it most.\",\"breadcrumb\":{\"@id\":\"https:\\\/\\\/www.drhatland.com\\\/emergency-dentistry-in-lincolnwood-il\\\/#breadcrumb\"},\"inLanguage\":\"es\",\"potentialAction\":[{\"@type\":\"ReadAction\",\"target\":[\"https:\\\/\\\/www.drhatland.com\\\/emergency-dentistry-in-lincolnwood-il\\\/\"]}]},{\"@type\":\"ImageObject\",\"inLanguage\":\"es\",\"@id\":\"https:\\\/\\\/www.drhatland.com\\\/emergency-dentistry-in-lincolnwood-il\\\/#primaryimage\",\"url\":\"https:\\\/\\\/www.drhatland.com\\\/wp-content\\\/uploads\\\/2026\\\/01\\\/Emergency-Dentistry-in-Lincolnwood-IL-Urgent-Dental-Care.jpg\",\"contentUrl\":\"https:\\\/\\\/www.drhatland.com\\\/wp-content\\\/uploads\\\/2026\\\/01\\\/Emergency-Dentistry-in-Lincolnwood-IL-Urgent-Dental-Care.jpg\",\"width\":500,\"height\":334,\"caption\":\"Emergency Dentistry in Lincolnwood, IL Urgent Dental Care\"},{\"@type\":\"BreadcrumbList\",\"@id\":\"https:\\\/\\\/www.drhatland.com\\\/emergency-dentistry-in-lincolnwood-il\\\/#breadcrumb\",\"itemListElement\":[{\"@type\":\"ListItem\",\"position\":1,\"name\":\"Home\",\"item\":\"https:\\\/\\\/www.drhatland.com\\\/\"},{\"@type\":\"ListItem\",\"position\":2,\"name\":\"Emergency Dentistry in Lincolnwood, IL\"}]},{\"@type\":\"WebSite\",\"@id\":\"https:\\\/\\\/www.drhatland.com\\\/#website\",\"url\":\"https:\\\/\\\/www.drhatland.com\\\/\",\"name\":\"Raymond G. Hatland, DDS\",\"description\":\"Holistic &amp; Implant Dentistry in Lincolnwood, IL\",\"publisher\":{\"@id\":\"https:\\\/\\\/www.drhatland.com\\\/#organization\"},\"alternateName\":\"Dentist in Lincolnwood, IL\",\"potentialAction\":[{\"@type\":\"SearchAction\",\"target\":{\"@type\":\"EntryPoint\",\"urlTemplate\":\"https:\\\/\\\/www.drhatland.com\\\/?s={search_term_string}\"},\"query-input\":{\"@type\":\"PropertyValueSpecification\",\"valueRequired\":true,\"valueName\":\"search_term_string\"}}],\"inLanguage\":\"es\"},{\"@type\":\"Organization\",\"@id\":\"https:\\\/\\\/www.drhatland.com\\\/#organization\",\"name\":\"Raymond G. Hatland, DDS\",\"alternateName\":\"Dentist in Lincolnwood, IL\",\"url\":\"https:\\\/\\\/www.drhatland.com\\\/\",\"logo\":{\"@type\":\"ImageObject\",\"inLanguage\":\"es\",\"@id\":\"https:\\\/\\\/www.drhatland.com\\\/#\\\/schema\\\/logo\\\/image\\\/\",\"url\":\"https:\\\/\\\/www.drhatland.com\\\/wp-content\\\/uploads\\\/2025\\\/12\\\/Logo-Stacked-w-Padding.jpg\",\"contentUrl\":\"https:\\\/\\\/www.drhatland.com\\\/wp-content\\\/uploads\\\/2025\\\/12\\\/Logo-Stacked-w-Padding.jpg\",\"width\":1879,\"height\":1667,\"caption\":\"Raymond G. Hatland, DDS\"},\"image\":{\"@id\":\"https:\\\/\\\/www.drhatland.com\\\/#\\\/schema\\\/logo\\\/image\\\/\"},\"sameAs\":[\"https:\\\/\\\/www.facebook.com\\\/drhatland\\\/\",\"https:\\\/\\\/www.youtube.com\\\/@RaymondG.HatlandDDS\"]}]}<\/script>\n<!-- \/ Yoast SEO plugin. -->","yoast_head_json":{"title":"Odontolog\u00eda de emergencia en Lincolnwood, Illinois | Atenci\u00f3n dental urgente","description":"Si tiene dolor o ha sufrido una lesi\u00f3n dental traum\u00e1tica, comun\u00edquese hoy mismo con el Dr. Raymond Hatland para recibir atenci\u00f3n odontol\u00f3gica de urgencia cuando m\u00e1s la necesite.","robots":{"index":"index","follow":"follow","max-snippet":"max-snippet:-1","max-image-preview":"max-image-preview:large","max-video-preview":"max-video-preview:-1"},"canonical":"https:\/\/www.drhatland.com\/es\/odontologia-de-emergencia-en-lincolnwood-illinois\/","og_locale":"es_MX","og_type":"article","og_title":"Emergency Dentistry in Lincolnwood, IL | Urgent Dental Care","og_description":"If you are in pain, or suffered a traumatic dental injury, contact Dr. Raymond Hatland today for emergency dentistry when you need it most.","og_url":"https:\/\/www.drhatland.com\/es\/odontologia-de-emergencia-en-lincolnwood-illinois\/","og_site_name":"Raymond G. Hatland, DDS","article_publisher":"https:\/\/www.facebook.com\/drhatland\/","article_modified_time":"2026-01-25T17:22:51+00:00","og_image":[{"width":500,"height":334,"url":"https:\/\/www.drhatland.com\/wp-content\/uploads\/2026\/01\/Emergency-Dentistry-in-Lincolnwood-IL-Urgent-Dental-Care.jpg","type":"image\/jpeg"}],"twitter_card":"summary_large_image","twitter_misc":{"Est. reading time":"1 minuto"},"schema":{"@context":"https:\/\/schema.org","@graph":[{"@type":"WebPage","@id":"https:\/\/www.drhatland.com\/emergency-dentistry-in-lincolnwood-il\/","url":"https:\/\/www.drhatland.com\/emergency-dentistry-in-lincolnwood-il\/","name":"Odontolog\u00eda de emergencia en Lincolnwood, Illinois | Atenci\u00f3n dental urgente","isPartOf":{"@id":"https:\/\/www.drhatland.com\/#website"},"primaryImageOfPage":{"@id":"https:\/\/www.drhatland.com\/emergency-dentistry-in-lincolnwood-il\/#primaryimage"},"image":{"@id":"https:\/\/www.drhatland.com\/emergency-dentistry-in-lincolnwood-il\/#primaryimage"},"thumbnailUrl":"https:\/\/www.drhatland.com\/wp-content\/uploads\/2026\/01\/Emergency-Dentistry-in-Lincolnwood-IL-Urgent-Dental-Care.jpg","datePublished":"2025-11-19T19:57:47+00:00","dateModified":"2026-01-25T17:22:51+00:00","description":"Si tiene dolor o ha sufrido una lesi\u00f3n dental traum\u00e1tica, comun\u00edquese hoy mismo con el Dr. Raymond Hatland para recibir atenci\u00f3n odontol\u00f3gica de urgencia cuando m\u00e1s la necesite.","breadcrumb":{"@id":"https:\/\/www.drhatland.com\/emergency-dentistry-in-lincolnwood-il\/#breadcrumb"},"inLanguage":"es","potentialAction":[{"@type":"ReadAction","target":["https:\/\/www.drhatland.com\/emergency-dentistry-in-lincolnwood-il\/"]}]},{"@type":"ImageObject","inLanguage":"es","@id":"https:\/\/www.drhatland.com\/emergency-dentistry-in-lincolnwood-il\/#primaryimage","url":"https:\/\/www.drhatland.com\/wp-content\/uploads\/2026\/01\/Emergency-Dentistry-in-Lincolnwood-IL-Urgent-Dental-Care.jpg","contentUrl":"https:\/\/www.drhatland.com\/wp-content\/uploads\/2026\/01\/Emergency-Dentistry-in-Lincolnwood-IL-Urgent-Dental-Care.jpg","width":500,"height":334,"caption":"Emergency Dentistry in Lincolnwood, IL Urgent Dental Care"},{"@type":"BreadcrumbList","@id":"https:\/\/www.drhatland.com\/emergency-dentistry-in-lincolnwood-il\/#breadcrumb","itemListElement":[{"@type":"ListItem","position":1,"name":"Home","item":"https:\/\/www.drhatland.com\/"},{"@type":"ListItem","position":2,"name":"Emergency Dentistry in Lincolnwood, IL"}]},{"@type":"WebSite","@id":"https:\/\/www.drhatland.com\/#website","url":"https:\/\/www.drhatland.com\/","name":"Raymond G. Hatland, Doctor en Cirug\u00eda Dental","description":"Odontolog\u00eda hol\u00edstica e implantes dentales en Lincolnwood, Illinois","publisher":{"@id":"https:\/\/www.drhatland.com\/#organization"},"alternateName":"Dentist in Lincolnwood, IL","potentialAction":[{"@type":"SearchAction","target":{"@type":"EntryPoint","urlTemplate":"https:\/\/www.drhatland.com\/?s={search_term_string}"},"query-input":{"@type":"PropertyValueSpecification","valueRequired":true,"valueName":"search_term_string"}}],"inLanguage":"es"},{"@type":"Organization","@id":"https:\/\/www.drhatland.com\/#organization","name":"Raymond G. Hatland, Doctor en Cirug\u00eda Dental","alternateName":"Dentist in Lincolnwood, IL","url":"https:\/\/www.drhatland.com\/","logo":{"@type":"ImageObject","inLanguage":"es","@id":"https:\/\/www.drhatland.com\/#\/schema\/logo\/image\/","url":"https:\/\/www.drhatland.com\/wp-content\/uploads\/2025\/12\/Logo-Stacked-w-Padding.jpg","contentUrl":"https:\/\/www.drhatland.com\/wp-content\/uploads\/2025\/12\/Logo-Stacked-w-Padding.jpg","width":1879,"height":1667,"caption":"Raymond G. Hatland, DDS"},"image":{"@id":"https:\/\/www.drhatland.com\/#\/schema\/logo\/image\/"},"sameAs":["https:\/\/www.facebook.com\/drhatland\/","https:\/\/www.youtube.com\/@RaymondG.HatlandDDS"]}]}},"_links":{"self":[{"href":"http:\/\/www.drhatland.com\/es\/wp-json\/wp\/v2\/pages\/603","targetHints":{"allow":["GET"]}}],"collection":[{"href":"http:\/\/www.drhatland.com\/es\/wp-json\/wp\/v2\/pages"}],"about":[{"href":"http:\/\/www.drhatland.com\/es\/wp-json\/wp\/v2\/types\/page"}],"author":[{"embeddable":true,"href":"http:\/\/www.drhatland.com\/es\/wp-json\/wp\/v2\/users\/7"}],"replies":[{"embeddable":true,"href":"http:\/\/www.drhatland.com\/es\/wp-json\/wp\/v2\/comments?post=603"}],"version-history":[{"count":0,"href":"http:\/\/www.drhatland.com\/es\/wp-json\/wp\/v2\/pages\/603\/revisions"}],"wp:featuredmedia":[{"embeddable":true,"href":"http:\/\/www.drhatland.com\/es\/wp-json\/wp\/v2\/media\/804"}],"wp:attachment":[{"href":"http:\/\/www.drhatland.com\/es\/wp-json\/wp\/v2\/media?parent=603"}],"curies":[{"name":"wp","href":"https:\/\/api.w.org\/{rel}","templated":true}]}}