{"id":35,"date":"2025-03-18T01:00:58","date_gmt":"2025-03-18T05:00:58","guid":{"rendered":"http:\/\/implantquiz.wpengine.com\/?page_id=35"},"modified":"2026-01-12T13:29:52","modified_gmt":"2026-01-12T18:29:52","slug":"contactenos","status":"publish","type":"page","link":"http:\/\/www.drhatland.com\/es\/contact-us\/","title":{"rendered":"Cont\u00e1ctenos"},"content":{"rendered":"<div class=\"row row-collapse row-full-width\"  id=\"row-1470857335\">\n\n\t<div id=\"col-1470166837\" class=\"col small-12 large-12\"  >\n\t\t\t\t<div class=\"col-inner\"  >\n\t\t\t\n\t\t\t\n\n\t<section class=\"section\" id=\"section_716760337\">\n\t\t<div class=\"section-bg fill\" >\n\t\t\t<img loading=\"lazy\" decoding=\"async\" width=\"2560\" height=\"1707\" src=\"https:\/\/www.drhatland.com\/wp-content\/uploads\/2026\/01\/Contact-Raymond-Hatland-DDS-scaled.jpg\" class=\"bg attachment-original size-original\" alt=\"P\u00f3ngase en contacto con Raymond Hatland, DDS\" \/>\t\t\t\t\t\t\n\t\t\t\n\n\t\t<\/div>\n\n\t\t\n\n\t\t<div class=\"section-content relative\">\n\t\t\t\n<div class=\"row row-collapse align-center\" style=\"max-width:\" id=\"row-1196407725\">\n\n\t<div id=\"col-1740323375\" class=\"col small-12 large-12\"  >\n\t\t\t\t<div class=\"col-inner text-center text-shadow-5 dark\"  >\n\t\t\t\n\t\t\t\n\t<div id=\"text-3908828255\" class=\"text\">\n\t\t\n<h1><span style=\"font-size: 100%;\">P\u00f3ngase en contacto con Raymond G. Hatland, DDS<\/span><\/h1>\n\t\t\n<style>\n#text-3908828255 {\n  font-size: 0.75rem;\n}\n@media (min-width:550px) {\n  #text-3908828255 {\n    font-size: 0.9rem;\n  }\n}\n@media (min-width:850px) {\n  #text-3908828255 {\n    font-size: 2rem;\n  }\n}\n<\/style>\n\t<\/div>\n\t\n\t\t<\/div>\n\t\t\t\t\n<style>\n#col-1740323375 > .col-inner {\n  padding: 20px 20px 20px 0px;\n}\n@media (min-width:550px) {\n  #col-1740323375 > .col-inner {\n    padding: 60px 0px 60px 0px;\n  }\n}\n@media (min-width:850px) {\n  #col-1740323375 > .col-inner {\n    padding: 100px 0px 200px 0px;\n  }\n}\n<\/style>\n\t<\/div>\n\n\t\n<\/div>\n\t\t<\/div>\n\n\t\t\n<style>\n#section_716760337 {\n  padding-top: 0px;\n  padding-bottom: 0px;\n  min-height: 0px;\n  background-color: rgb(55, 220, 245);\n}\n#section_716760337 .section-bg-overlay {\n  background-color: rgba(0, 0, 0, 0.12);\n}\n#section_716760337 .section-bg img {\n  object-position: 83% 0%;\n}\n@media (min-width:550px) {\n  #section_716760337 {\n    padding-top: 0px;\n    padding-bottom: 0px;\n  }\n  #section_716760337 .section-bg-overlay {\n    background-color: rgba(0, 0, 0, 0.21);\n  }\n}\n@media (min-width:850px) {\n  #section_716760337 {\n    padding-top: 60px;\n    padding-bottom: 60px;\n  }\n}\n<\/style>\n\t<\/section>\n\t\n\t\t<\/div>\n\t\t\t\t\t<\/div>\n\n\t\n<\/div>\n<div class=\"row row-large\" style=\"max-width:1400px\" id=\"row-20168600\">\n\n\t<div id=\"col-295845018\" class=\"col small-12 large-12\"  >\n\t\t\t\t<div class=\"col-inner\" style=\"background-color:rgb(249, 249, 249);\" >\n\t\t\t\n\t\t\t\n<div class=\"row row-collapse row-full-width\"  id=\"row-2026649417\">\n\n\t<div id=\"col-601107704\" class=\"col medium-12 small-12 large-7\"  >\n\t\t\t\t<div class=\"col-inner\"  >\n\t\t\t\n\t\t\t\n<div class=\"row\"  id=\"row-1485672185\">\n\n\t<div id=\"col-771290261\" class=\"col medium-6 small-12 large-6\"  >\n\t\t\t\t<div class=\"col-inner\"  >\n\t\t\t\n\t\t\t\n\t<div class=\"img has-hover x md-x lg-x y md-y lg-y\" id=\"image_1597794641\">\n\t\t\t\t\t\t\t\t<div class=\"img-inner dark\" >\n\t\t\t\t\t\t\t\t\t\n\t\t\t\t\t<\/div>\n\t\t\t\t\t\t\t\t\n<style>\n#image_1597794641 {\n  width: 15%;\n}\n@media (min-width:550px) {\n  #image_1597794641 {\n    width: 20%;\n  }\n}\n<\/style>\n\t<\/div>\n\t\n\t<div id=\"text-1635263663\" class=\"text\">\n\t\t\n<h3 class=\"uppercase\"><span style=\"text-decoration: underline;\" data-text-color=\"primary\">tel\u00e9fono<\/span><\/h3>\n<p><span style=\"font-size: 160%;\"><strong>(773) 338-4440<\/strong><\/span><\/p>\n<h3 class=\"uppercase\"><span style=\"text-decoration: underline; font-size: 100%;\" data-text-color=\"primary\">Direcci\u00f3n<\/span><\/h3>\n<p><span style=\"font-size: 160%;\"><a href=\"https:\/\/maps.app.goo.gl\/jysaNx356pQWPsVw9\"><strong>6453 Lincoln Ave<\/strong><\/a><\/span><br \/>\n<span style=\"font-size: 160%;\"><a href=\"https:\/\/maps.app.goo.gl\/jysaNx356pQWPsVw9\"><strong> Lincolnwood, IL 60712<\/strong><\/a><\/span><\/p>\n<p><a href=\"\/\/a.gotoloc.com\/uber\/FHIiS6qIXmYdrA\"><img decoding=\"async\" src=\"\/\/a.mktgcdn.com\/uber\/button.png\" alt=\"Ve all\u00ed con Uber.\" \/><\/a><br \/>\n\t\t\n<style>\n#text-1635263663 {\n  font-size: 1.2rem;\n}\n<\/style>\n\t<\/div>\n\t\n\t<div class=\"img has-hover x md-x lg-x y md-y lg-y\" id=\"image_216089766\">\n\t\t\t\t\t\t\t\t<div class=\"img-inner dark\" >\n\t\t\t\t\t\t\t\t\t\n\t\t\t\t\t<\/div>\n\t\t\t\t\t\t\t\t\n<style>\n#image_216089766 {\n  width: 15%;\n}\n@media (min-width:550px) {\n  #image_216089766 {\n    width: 20%;\n  }\n}\n<\/style>\n\t<\/div>\n\t\n\t\t<\/div>\n\t\t\t\t\t<\/div>\n\n\t\n\n\t<div id=\"col-1870150090\" class=\"col medium-5 small-12 large-6\"  >\n\t\t\t\t<div class=\"col-inner\"  >\n\t\t\t\n\t\t\t\n\t<div class=\"img has-hover x md-x lg-x y md-y lg-y\" id=\"image_2039482519\">\n\t\t\t\t\t\t\t\t<div class=\"img-inner dark\" >\n\t\t\t\t\t\t\t\t\t\n\t\t\t\t\t<\/div>\n\t\t\t\t\t\t\t\t\n<style>\n#image_2039482519 {\n  width: 15%;\n}\n@media (min-width:550px) {\n  #image_2039482519 {\n    width: 20%;\n  }\n}\n<\/style>\n\t<\/div>\n\t\n\t<div id=\"text-3801992260\" class=\"text\">\n\t\t\n<h3 class=\"uppercase\"><span style=\"text-decoration: underline;\" data-text-color=\"primary\">Horario<\/span><\/h3>\n<ul>\n<li class=\"bullet-arrow\"><span style=\"font-size: 120%;\"><strong>Lunes: CERRADO<\/strong><\/span><\/li>\n<li class=\"bullet-arrow\"><span style=\"font-size: 120%;\"><strong>Martes: CERRADO<\/strong><\/span><\/li>\n<li class=\"bullet-arrow\"><span style=\"font-size: 120%;\"><strong>Mi\u00e9rcoles: 12:00 a. m. \u2013 7:00 p. m.<\/strong><\/span><\/li>\n<li class=\"bullet-arrow\"><span style=\"font-size: 120%;\"><strong>Jueves: 11:00 a. m. \u2013 7:00 p. m.<\/strong><\/span><\/li>\n<li class=\"bullet-arrow\"><span style=\"font-size: 120%;\"><strong>Viernes: 10:00 a. m. \u2013 7:00 p. m.<\/strong><\/span><\/li>\n<li class=\"bullet-arrow\"><span style=\"font-size: 120%;\"><strong>S\u00e1bado: 10:00 a. m. \u2013 3:00 p. m.<\/strong><\/span><\/li>\n<li class=\"bullet-arrow\"><span style=\"font-size: 120%;\"><strong>Domingo: CERRADO<\/strong><\/span><\/li>\n<\/ul>\n\t\t\n<style>\n#text-3801992260 {\n  font-size: 1.2rem;\n}\n<\/style>\n\t<\/div>\n\t\n\t\t<\/div>\n\t\t\t\t\t<\/div>\n\n\t\n<\/div>\n\t\t<\/div>\n\t\t\t\t\n<style>\n#col-601107704 > .col-inner {\n  padding: 0px 0px 0px 20px;\n}\n<\/style>\n\t<\/div>\n\n\t\n\n\t<div id=\"col-1389326586\" class=\"col medium-12 small-12 large-5\"  >\n\t\t\t\t<div class=\"col-inner\" style=\"background-color:#dddddd;\" >\n\t\t\t\n\t\t\t\n\t<div id=\"gap-120295831\" class=\"gap-element clearfix\" style=\"display:block; height:auto;\">\n\t\t\n<style>\n#gap-120295831 {\n  padding-top: 15px;\n}\n<\/style>\n\t<\/div>\n\t\n\n<div class=\"wpcf7 no-js\" id=\"wpcf7-f9-o1\" lang=\"en-US\" dir=\"ltr\" data-wpcf7-id=\"9\">\n<div class=\"screen-reader-response\"><p role=\"status\" aria-live=\"polite\" aria-atomic=\"true\"><\/p> <ul><\/ul><\/div>\n<form action=\"\/es\/wp-json\/wp\/v2\/pages\/35#wpcf7-f9-o1\" method=\"post\" class=\"wpcf7-form init cf7mls-no-scroll cf7mls-no-moving-animation\" aria-label=\"Formulario de contacto\" novalidate=\"novalidate\" data-status=\"init\" data-trp-original-action=\"\/es\/wp-json\/wp\/v2\/pages\/35#wpcf7-f9-o1\">\n<fieldset class=\"hidden-fields-container\"><input type=\"hidden\" name=\"_wpcf7\" value=\"9\" \/><input type=\"hidden\" name=\"_wpcf7_version\" value=\"6.1.5\" \/><input type=\"hidden\" name=\"_wpcf7_locale\" value=\"en_US\" \/><input type=\"hidden\" name=\"_wpcf7_unit_tag\" value=\"wpcf7-f9-o1\" \/><input type=\"hidden\" name=\"_wpcf7_container_post\" value=\"0\" \/><input type=\"hidden\" name=\"_wpcf7_posted_data_hash\" value=\"\" \/><input type=\"hidden\" name=\"_wpcf7cf_hidden_group_fields\" value=\"[]\" \/><input type=\"hidden\" name=\"_wpcf7cf_hidden_groups\" value=\"[]\" \/><input type=\"hidden\" name=\"_wpcf7cf_visible_groups\" value=\"[]\" \/><input type=\"hidden\" name=\"_wpcf7cf_repeaters\" value=\"[]\" \/><input type=\"hidden\" name=\"_wpcf7cf_steps\" value=\"{}\" \/><input type=\"hidden\" name=\"_wpcf7cf_options\" value=\"{&quot;form_id&quot;:9,&quot;conditions&quot;:[],&quot;settings&quot;:{&quot;animation&quot;:&quot;yes&quot;,&quot;animation_intime&quot;:200,&quot;animation_outtime&quot;:200,&quot;conditions_ui&quot;:&quot;normal&quot;,&quot;notice_dismissed&quot;:false}}\" \/>\n<\/fieldset>\n<center>\n\t<h3>SOLICITE UNA CONSULTA\n\t<\/h3>\n<\/center>\n<hr \/>\n<center>\n\t<p><span class=\"wpcf7-form-control-wrap\" data-name=\"your-name\"><input size=\"40\" maxlength=\"400\" class=\"wpcf7-form-control wpcf7-text wpcf7-validates-as-required\" aria-required=\"true\" aria-invalid=\"false\" placeholder=\"Nombre\" value=\"\" type=\"text\" name=\"your-name\" \/><\/span>\n\t<\/p>\n\t<p><span class=\"wpcf7-form-control-wrap\" data-name=\"your-email\"><input size=\"40\" maxlength=\"400\" class=\"wpcf7-form-control wpcf7-email wpcf7-validates-as-required wpcf7-text wpcf7-validates-as-email\" aria-required=\"true\" aria-invalid=\"false\" placeholder=\"Correo electr\u00f3nico\" value=\"\" type=\"email\" name=\"your-email\" \/><\/span>\n\t<\/p>\n\t<p><span class=\"wpcf7-form-control-wrap\" data-name=\"tel-545\"><input size=\"40\" maxlength=\"400\" class=\"wpcf7-form-control wpcf7-tel wpcf7-text wpcf7-validates-as-tel\" aria-invalid=\"false\" placeholder=\"N\u00famero de tel\u00e9fono\" value=\"\" type=\"tel\" name=\"tel-545\" \/><\/span>\n\t<\/p>\n\t<p><span class=\"wpcf7-form-control-wrap\" data-name=\"your-message\"><textarea cols=\"40\" rows=\"10\" maxlength=\"2000\" class=\"wpcf7-form-control wpcf7-textarea\" aria-invalid=\"false\" placeholder=\"\u00bfC\u00f3mo podemos ayudarle?\" name=\"your-message\"><\/textarea><\/span>\n\t<\/p>\n\t<p><input class=\"wpcf7-form-control wpcf7-submit has-spinner button\" type=\"submit\" value=\"Enviar solicitud\" \/>\n\t<\/p>\n<\/center><input\n                    class=\"apbct_special_field apbct_email_id__wp_contact_form_7\"\n                    name=\"apbct__email_id__wp_contact_form_7\"\n                    aria-label=\"apbct__label_id__wp_contact_form_7\"\n                    type=\"text\" size=\"30\" maxlength=\"200\" autocomplete=\"off\"\n                    value=\"\"\n                \/><div class=\"wpcf7-response-output\" aria-hidden=\"true\"><\/div>\n<input type=\"hidden\" name=\"trp-form-language\" value=\"es\"\/><\/form>\n<\/div>\n\n\t\t<\/div>\n\t\t\t\t\t<\/div>\n\n\t\n\n<style>\n#row-2026649417 > .col > .col-inner {\n  padding: 0px 15px 0px 15px;\n}\n<\/style>\n<\/div>\n\t\t<\/div>\n\t\t\t\t\n<style>\n#col-295845018 > .col-inner {\n  padding: 50px 20px 0px 20px;\n  margin: -0 0px 0px 0px;\n}\n@media (min-width:550px) {\n  #col-295845018 > .col-inner {\n    padding: 50px 20px 30px 20px;\n    margin: 0 0px 0px 0px;\n  }\n}\n@media (min-width:850px) {\n  #col-295845018 > .col-inner {\n    padding: 66px 5% 16px 5%;\n    margin: -135px 0px 0px 0px;\n  }\n}\n<\/style>\n\t<\/div>\n\n\t\n<\/div>\n<div class=\"row row-collapse row-full-width\"  id=\"row-1486173370\">\n\n\t<div id=\"col-2015299256\" class=\"col small-12 large-12\"  >\n\t\t\t\t<div class=\"col-inner\"  >\n\t\t\t\n\t\t\t\n\t<div id=\"gap-644339787\" class=\"gap-element clearfix\" style=\"display:block; height:auto;\">\n\t\t\n<style>\n#gap-644339787 {\n  padding-top: 30px;\n}\n<\/style>\n\t<\/div>\n\t\n\n\t<section class=\"section dark has-mask mask-arrow\" id=\"section_1974599438\">\n\t\t<div class=\"section-bg fill\" >\n\t\t\t\t\t\t\t\t\t\n\t\t\t\n\t<div class=\"is-border\"\n\t\tstyle=\"border-color:rgb(235, 235, 235);border-width:1px 0px 0px 0px;\">\n\t<\/div>\n\n\t\t<\/div>\n\n\t\t\n\n\t\t<div class=\"section-content relative\">\n\t\t\t\n<div class=\"row row-full-width align-middle align-center\"  id=\"row-298697756\">\n\n\t<div id=\"col-1582889421\" class=\"col medium-6 small-12 large-6\"  >\n\t\t\t\t<div class=\"col-inner text-shadow-2\"  >\n\t\t\t\n\t\t\t\n<div class=\"container section-title-container\" ><h2 class=\"section-title section-title-bold-center\"><b aria-hidden=\"true\"><\/b><span class=\"section-title-main\" >Oficina de Lincolnwood, Illinois<\/span><b aria-hidden=\"true\"><\/b><\/h2><\/div>\n<p><iframe loading=\"lazy\" style=\"border: 0;\" src=\"https:\/\/www.google.com\/maps\/embed?pb=!1m18!1m12!1m3!1d2965.086045959052!2d-87.72259972353615!3d41.99842885787107!2m3!1f0!2f0!3f0!3m2!1i1024!2i768!4f13.1!3m3!1m2!1s0x880fce27db28f533%3A0x675dd011be0767ec!2sRaymond%20G%20Hatland%20DDS!5e0!3m2!1sen!2sus!4v1768237726214!5m2!1sen!2sus\" width=\"100%\" height=\"400\" allowfullscreen=\"allowfullscreen\"><\/iframe><\/p>\n\t<div id=\"text-2206839532\" class=\"text\">\n\t\t\n<p style=\"text-align: center;\"><span style=\"color: #ffffff;\"><strong><span style=\"font-size: 120%;\">Tel\u00e9fono: (773) 338-4440<\/span><\/strong><\/span><\/p>\n<p style=\"text-align: center;\"><a href=\"https:\/\/maps.app.goo.gl\/jysaNx356pQWPsVw9\"><span data-text-color=\"secondary\"><strong>6453 Lincoln Ave<\/strong><\/span><\/a><br \/>\n<a href=\"https:\/\/maps.app.goo.gl\/jysaNx356pQWPsVw9\"><span data-text-color=\"secondary\"><strong>Lincolnwood, IL 60712<\/strong><\/span><\/a><\/p>\n\t\t\n<style>\n#text-2206839532 {\n  font-size: 1.4rem;\n}\n<\/style>\n\t<\/div>\n\t\n\t\t<\/div>\n\t\t\t\t\t<\/div>\n\n\t\n\n\t<div id=\"col-30319605\" class=\"col medium-6 small-12 large-6\"  >\n\t\t\t\t<div class=\"col-inner text-shadow-2\"  >\n\t\t\t\n\t\t\t\n<div class=\"container section-title-container\" ><h2 class=\"section-title section-title-bold-center\"><b aria-hidden=\"true\"><\/b><span class=\"section-title-main\" >Oficina de Indian\u00e1polis, IN<\/span><b aria-hidden=\"true\"><\/b><\/h2><\/div>\n<p><iframe loading=\"lazy\" style=\"border: 0;\" src=\"https:\/\/www.google.com\/maps\/embed?pb=!1m18!1m12!1m3!1d3062.274934242684!2d-86.15035622361863!3d39.868079088848894!2m3!1f0!2f0!3f0!3m2!1i1024!2i768!4f13.1!3m3!1m2!1s0x886b53a4f021c3ed%3A0xf21d1a3f146b9ed1!2sRaymond%20G.%20Hatland%20DDS!5e0!3m2!1sen!2sus!4v1768238071091!5m2!1sen!2sus\" width=\"100%\" height=\"400\" allowfullscreen=\"allowfullscreen\"><\/iframe><\/p>\n\t<div id=\"text-3142948768\" class=\"text\">\n\t\t\n<p style=\"text-align: center;\"><span style=\"color: #ffffff;\"><strong><span style=\"font-size: 120%;\">Tel\u00e9fono: (317) 257-0794<\/span><\/strong><\/span><\/p>\n<p style=\"text-align: center;\"><a href=\"https:\/\/maps.app.goo.gl\/45sY2QDXkawN8ZNp7\"><span data-text-color=\"secondary\"><strong>6202 Broadway St<\/strong><\/span><\/a><br \/>\n<a href=\"https:\/\/maps.app.goo.gl\/45sY2QDXkawN8ZNp7\"><span data-text-color=\"secondary\"><strong> Indian\u00e1polis, IN 46220<\/strong><\/span><\/a><\/p>\n\t\t\n<style>\n#text-3142948768 {\n  font-size: 1.4rem;\n}\n<\/style>\n\t<\/div>\n\t\n\t\t<\/div>\n\t\t\t\t\t<\/div>\n\n\t\n<\/div>\n\t\t<\/div>\n\n\t\t\n<style>\n#section_1974599438 {\n  padding-top: 59px;\n  padding-bottom: 59px;\n  min-height: 300px;\n  background-color: #56417e;\n}\n<\/style>\n\t<\/section>\n\t\n\t\t<\/div>\n\t\t\t\t\t<\/div>\n\n\t\n<\/div>","protected":false},"excerpt":{"rendered":"","protected":false},"author":4,"featured_media":413,"parent":0,"menu_order":0,"comment_status":"closed","ping_status":"closed","template":"page-blank.php","meta":{"rop_custom_images_group":[],"rop_custom_messages_group":[],"rop_publish_now":"initial","rop_publish_now_accounts":{"gmb_109265489736877664202_accounts\/109265489736877664202\/locations\/7595594658973118275":""},"rop_publish_now_history":[],"rop_publish_now_status":"pending","footnotes":""},"class_list":["post-35","page","type-page","status-publish","has-post-thumbnail","hentry"],"yoast_head":"<!-- This site is optimized with the Yoast SEO plugin v27.4 - https:\/\/yoast.com\/product\/yoast-seo-wordpress\/ -->\n<title>Contact Raymond Hatland, DDS | Dentist in Lincolnwood, IL<\/title>\n<meta name=\"description\" content=\"Contact Raymond Hatland, DDS for Affordable General, Cosmetic &amp; Implant Dentistry with a Holistic Approach in Lincolnwood, IL.\" \/>\n<meta name=\"robots\" content=\"index, follow, max-snippet:-1, max-image-preview:large, max-video-preview:-1\" \/>\n<link rel=\"canonical\" href=\"https:\/\/www.drhatland.com\/es\/contactenos\/\" \/>\n<meta property=\"og:locale\" content=\"es_MX\" \/>\n<meta property=\"og:type\" content=\"article\" \/>\n<meta property=\"og:title\" content=\"Contact Raymond Hatland, DDS | Dentist in Lincolnwood, IL\" \/>\n<meta property=\"og:description\" content=\"Contact Raymond Hatland, DDS for Affordable General, Cosmetic &amp; Implant Dentistry with a Holistic Approach in Lincolnwood, IL.\" \/>\n<meta property=\"og:url\" content=\"https:\/\/www.drhatland.com\/es\/contactenos\/\" \/>\n<meta property=\"og:site_name\" content=\"Raymond G. Hatland, DDS\" \/>\n<meta property=\"article:publisher\" content=\"https:\/\/www.facebook.com\/drhatland\/\" \/>\n<meta property=\"article:modified_time\" content=\"2026-01-12T18:29:52+00:00\" \/>\n<meta property=\"og:image\" content=\"https:\/\/www.drhatland.com\/wp-content\/uploads\/2023\/12\/Contact-Us-2.jpg\" \/>\n\t<meta property=\"og:image:width\" content=\"500\" \/>\n\t<meta property=\"og:image:height\" content=\"282\" \/>\n\t<meta property=\"og:image:type\" content=\"image\/jpeg\" \/>\n<meta name=\"twitter:card\" content=\"summary_large_image\" \/>\n<meta name=\"twitter:label1\" content=\"Est. reading time\" \/>\n\t<meta name=\"twitter:data1\" content=\"2 minutos\" \/>\n<script type=\"application\/ld+json\" class=\"yoast-schema-graph\">{\"@context\":\"https:\\\/\\\/schema.org\",\"@graph\":[{\"@type\":\"WebPage\",\"@id\":\"https:\\\/\\\/www.drhatland.com\\\/contact-us\\\/\",\"url\":\"https:\\\/\\\/www.drhatland.com\\\/contact-us\\\/\",\"name\":\"Contact Raymond Hatland, DDS | Dentist in Lincolnwood, IL\",\"isPartOf\":{\"@id\":\"https:\\\/\\\/www.drhatland.com\\\/#website\"},\"primaryImageOfPage\":{\"@id\":\"https:\\\/\\\/www.drhatland.com\\\/contact-us\\\/#primaryimage\"},\"image\":{\"@id\":\"https:\\\/\\\/www.drhatland.com\\\/contact-us\\\/#primaryimage\"},\"thumbnailUrl\":\"https:\\\/\\\/www.drhatland.com\\\/wp-content\\\/uploads\\\/2023\\\/12\\\/Contact-Us-2.jpg\",\"datePublished\":\"2025-03-18T05:00:58+00:00\",\"dateModified\":\"2026-01-12T18:29:52+00:00\",\"description\":\"Contact Raymond Hatland, DDS for Affordable General, Cosmetic & Implant Dentistry with a Holistic Approach in Lincolnwood, IL.\",\"breadcrumb\":{\"@id\":\"https:\\\/\\\/www.drhatland.com\\\/contact-us\\\/#breadcrumb\"},\"inLanguage\":\"es\",\"potentialAction\":[{\"@type\":\"ReadAction\",\"target\":[\"https:\\\/\\\/www.drhatland.com\\\/contact-us\\\/\"]}]},{\"@type\":\"ImageObject\",\"inLanguage\":\"es\",\"@id\":\"https:\\\/\\\/www.drhatland.com\\\/contact-us\\\/#primaryimage\",\"url\":\"https:\\\/\\\/www.drhatland.com\\\/wp-content\\\/uploads\\\/2023\\\/12\\\/Contact-Us-2.jpg\",\"contentUrl\":\"https:\\\/\\\/www.drhatland.com\\\/wp-content\\\/uploads\\\/2023\\\/12\\\/Contact-Us-2.jpg\",\"width\":500,\"height\":282,\"caption\":\"Contact Us\"},{\"@type\":\"BreadcrumbList\",\"@id\":\"https:\\\/\\\/www.drhatland.com\\\/contact-us\\\/#breadcrumb\",\"itemListElement\":[{\"@type\":\"ListItem\",\"position\":1,\"name\":\"Home\",\"item\":\"https:\\\/\\\/www.drhatland.com\\\/\"},{\"@type\":\"ListItem\",\"position\":2,\"name\":\"Contact Us\"}]},{\"@type\":\"WebSite\",\"@id\":\"https:\\\/\\\/www.drhatland.com\\\/#website\",\"url\":\"https:\\\/\\\/www.drhatland.com\\\/\",\"name\":\"Raymond G. Hatland, DDS\",\"description\":\"Holistic &amp; Implant Dentistry in Lincolnwood, IL\",\"publisher\":{\"@id\":\"https:\\\/\\\/www.drhatland.com\\\/#organization\"},\"alternateName\":\"Dentist in Lincolnwood, IL\",\"potentialAction\":[{\"@type\":\"SearchAction\",\"target\":{\"@type\":\"EntryPoint\",\"urlTemplate\":\"https:\\\/\\\/www.drhatland.com\\\/?s={search_term_string}\"},\"query-input\":{\"@type\":\"PropertyValueSpecification\",\"valueRequired\":true,\"valueName\":\"search_term_string\"}}],\"inLanguage\":\"es\"},{\"@type\":\"Organization\",\"@id\":\"https:\\\/\\\/www.drhatland.com\\\/#organization\",\"name\":\"Raymond G. Hatland, DDS\",\"alternateName\":\"Dentist in Lincolnwood, IL\",\"url\":\"https:\\\/\\\/www.drhatland.com\\\/\",\"logo\":{\"@type\":\"ImageObject\",\"inLanguage\":\"es\",\"@id\":\"https:\\\/\\\/www.drhatland.com\\\/#\\\/schema\\\/logo\\\/image\\\/\",\"url\":\"https:\\\/\\\/www.drhatland.com\\\/wp-content\\\/uploads\\\/2025\\\/12\\\/Logo-Stacked-w-Padding.jpg\",\"contentUrl\":\"https:\\\/\\\/www.drhatland.com\\\/wp-content\\\/uploads\\\/2025\\\/12\\\/Logo-Stacked-w-Padding.jpg\",\"width\":1879,\"height\":1667,\"caption\":\"Raymond G. Hatland, DDS\"},\"image\":{\"@id\":\"https:\\\/\\\/www.drhatland.com\\\/#\\\/schema\\\/logo\\\/image\\\/\"},\"sameAs\":[\"https:\\\/\\\/www.facebook.com\\\/drhatland\\\/\",\"https:\\\/\\\/www.youtube.com\\\/@RaymondG.HatlandDDS\"]}]}<\/script>\n<!-- \/ Yoast SEO plugin. -->","yoast_head_json":{"title":"P\u00f3ngase en contacto con Raymond Hatland, DDS | Dentista en Lincolnwood, Illinois","description":"P\u00f3ngase en contacto con Raymond Hatland, DDS, para recibir servicios de odontolog\u00eda general, cosm\u00e9tica e implantolog\u00eda asequibles con un enfoque hol\u00edstico en Lincolnwood, Illinois.","robots":{"index":"index","follow":"follow","max-snippet":"max-snippet:-1","max-image-preview":"max-image-preview:large","max-video-preview":"max-video-preview:-1"},"canonical":"https:\/\/www.drhatland.com\/es\/contactenos\/","og_locale":"es_MX","og_type":"article","og_title":"Contact Raymond Hatland, DDS | Dentist in Lincolnwood, IL","og_description":"Contact Raymond Hatland, DDS for Affordable General, Cosmetic & Implant Dentistry with a Holistic Approach in Lincolnwood, IL.","og_url":"https:\/\/www.drhatland.com\/es\/contactenos\/","og_site_name":"Raymond G. Hatland, DDS","article_publisher":"https:\/\/www.facebook.com\/drhatland\/","article_modified_time":"2026-01-12T18:29:52+00:00","og_image":[{"width":500,"height":282,"url":"https:\/\/www.drhatland.com\/wp-content\/uploads\/2023\/12\/Contact-Us-2.jpg","type":"image\/jpeg"}],"twitter_card":"summary_large_image","twitter_misc":{"Est. reading time":"2 minutos"},"schema":{"@context":"https:\/\/schema.org","@graph":[{"@type":"WebPage","@id":"https:\/\/www.drhatland.com\/contact-us\/","url":"https:\/\/www.drhatland.com\/contact-us\/","name":"P\u00f3ngase en contacto con Raymond Hatland, DDS | Dentista en Lincolnwood, Illinois","isPartOf":{"@id":"https:\/\/www.drhatland.com\/#website"},"primaryImageOfPage":{"@id":"https:\/\/www.drhatland.com\/contact-us\/#primaryimage"},"image":{"@id":"https:\/\/www.drhatland.com\/contact-us\/#primaryimage"},"thumbnailUrl":"https:\/\/www.drhatland.com\/wp-content\/uploads\/2023\/12\/Contact-Us-2.jpg","datePublished":"2025-03-18T05:00:58+00:00","dateModified":"2026-01-12T18:29:52+00:00","description":"P\u00f3ngase en contacto con Raymond Hatland, DDS, para recibir servicios de odontolog\u00eda general, cosm\u00e9tica e implantolog\u00eda asequibles con un enfoque hol\u00edstico en Lincolnwood, Illinois.","breadcrumb":{"@id":"https:\/\/www.drhatland.com\/contact-us\/#breadcrumb"},"inLanguage":"es","potentialAction":[{"@type":"ReadAction","target":["https:\/\/www.drhatland.com\/contact-us\/"]}]},{"@type":"ImageObject","inLanguage":"es","@id":"https:\/\/www.drhatland.com\/contact-us\/#primaryimage","url":"https:\/\/www.drhatland.com\/wp-content\/uploads\/2023\/12\/Contact-Us-2.jpg","contentUrl":"https:\/\/www.drhatland.com\/wp-content\/uploads\/2023\/12\/Contact-Us-2.jpg","width":500,"height":282,"caption":"Contact Us"},{"@type":"BreadcrumbList","@id":"https:\/\/www.drhatland.com\/contact-us\/#breadcrumb","itemListElement":[{"@type":"ListItem","position":1,"name":"Home","item":"https:\/\/www.drhatland.com\/"},{"@type":"ListItem","position":2,"name":"Contact Us"}]},{"@type":"WebSite","@id":"https:\/\/www.drhatland.com\/#website","url":"https:\/\/www.drhatland.com\/","name":"Raymond G. Hatland, Doctor en Cirug\u00eda Dental","description":"Odontolog\u00eda hol\u00edstica e implantes dentales en Lincolnwood, Illinois","publisher":{"@id":"https:\/\/www.drhatland.com\/#organization"},"alternateName":"Dentist in Lincolnwood, IL","potentialAction":[{"@type":"SearchAction","target":{"@type":"EntryPoint","urlTemplate":"https:\/\/www.drhatland.com\/?s={search_term_string}"},"query-input":{"@type":"PropertyValueSpecification","valueRequired":true,"valueName":"search_term_string"}}],"inLanguage":"es"},{"@type":"Organization","@id":"https:\/\/www.drhatland.com\/#organization","name":"Raymond G. Hatland, Doctor en Cirug\u00eda Dental","alternateName":"Dentist in Lincolnwood, IL","url":"https:\/\/www.drhatland.com\/","logo":{"@type":"ImageObject","inLanguage":"es","@id":"https:\/\/www.drhatland.com\/#\/schema\/logo\/image\/","url":"https:\/\/www.drhatland.com\/wp-content\/uploads\/2025\/12\/Logo-Stacked-w-Padding.jpg","contentUrl":"https:\/\/www.drhatland.com\/wp-content\/uploads\/2025\/12\/Logo-Stacked-w-Padding.jpg","width":1879,"height":1667,"caption":"Raymond G. Hatland, DDS"},"image":{"@id":"https:\/\/www.drhatland.com\/#\/schema\/logo\/image\/"},"sameAs":["https:\/\/www.facebook.com\/drhatland\/","https:\/\/www.youtube.com\/@RaymondG.HatlandDDS"]}]}},"_links":{"self":[{"href":"http:\/\/www.drhatland.com\/es\/wp-json\/wp\/v2\/pages\/35","targetHints":{"allow":["GET"]}}],"collection":[{"href":"http:\/\/www.drhatland.com\/es\/wp-json\/wp\/v2\/pages"}],"about":[{"href":"http:\/\/www.drhatland.com\/es\/wp-json\/wp\/v2\/types\/page"}],"author":[{"embeddable":true,"href":"http:\/\/www.drhatland.com\/es\/wp-json\/wp\/v2\/users\/4"}],"replies":[{"embeddable":true,"href":"http:\/\/www.drhatland.com\/es\/wp-json\/wp\/v2\/comments?post=35"}],"version-history":[{"count":0,"href":"http:\/\/www.drhatland.com\/es\/wp-json\/wp\/v2\/pages\/35\/revisions"}],"wp:featuredmedia":[{"embeddable":true,"href":"http:\/\/www.drhatland.com\/es\/wp-json\/wp\/v2\/media\/413"}],"wp:attachment":[{"href":"http:\/\/www.drhatland.com\/es\/wp-json\/wp\/v2\/media?parent=35"}],"curies":[{"name":"wp","href":"https:\/\/api.w.org\/{rel}","templated":true}]}}