{"id":17,"date":"2025-03-22T02:18:16","date_gmt":"2025-03-22T06:18:16","guid":{"rendered":"http:\/\/implantquiz.wpengine.com\/?page_id=17"},"modified":"2026-01-28T12:33:42","modified_gmt":"2026-01-28T17:33:42","slug":"videos","status":"publish","type":"page","link":"http:\/\/www.drhatland.com\/es\/videos\/","title":{"rendered":"Videos"},"content":{"rendered":"<section class=\"section\" id=\"section_1351685301\">\n\t\t<div class=\"section-bg fill\" >\n\t\t\t\t\t\t\t\t\t\n\t\t\t\n\n\t\t<\/div>\n\n\t\t\n\n\t\t<div class=\"section-content relative\">\n\t\t\t\n\t<div id=\"gap-435531039\" class=\"gap-element clearfix\" style=\"display:block; height:auto;\">\n\t\t\n<style>\n#gap-435531039 {\n  padding-top: 10px;\n}\n<\/style>\n\t<\/div>\n\t\n<div class=\"row align-middle align-center\"  id=\"row-1420202262\">\n\n\t<div id=\"col-1701627963\" class=\"col medium-8 small-12 large-8\"  >\n\t\t\t\t<div class=\"col-inner\"  >\n\t\t\t\n\t\t\t\n<h1 class=\"uppercase\" style=\"text-align: left;\">VEA NUESTROS videos EDUCATIVOS<\/h1>\n<p>Explore nuestra biblioteca de videos educativos, donde el Dr. Hatland responde a sus preguntas m\u00e1s frecuentes sobre la amplia variedad de tratamientos de odontolog\u00eda general, cosm\u00e9tica, implantes y hol\u00edstica que ofrecemos a nuestros pacientes en Lincolnwood y en todo Illinois.<\/p>\n<p>Tanto si eres un paciente nuevo que busca orientaci\u00f3n como si eres un paciente actual que busca informaci\u00f3n posoperatoria, nuestros videos te ofrecen la informaci\u00f3n que necesitas. Ponte en contacto con nosotros hoy mismo para programar una consulta y d\u00e9janos ayudarte a conseguir la sonrisa sana y bonita que te mereces.<\/p>\n\t\t<\/div>\n\t\t\t\t\t<\/div>\n\n\t\n\n\t<div id=\"col-2022740132\" class=\"col medium-4 small-12 large-4\"  >\n\t\t\t\t<div class=\"col-inner\"  >\n\t\t\t\n\t\t\t\n<div class=\"video video-fit mb\" style=\"padding-top:56.25%;\"><p><iframe loading=\"lazy\" title=\"Conozca a Raymond G. Hatland, doctor en odontolog\u00eda | Mini implantes dentales en Lincolnwood, Illinois\" width=\"1020\" height=\"574\" src=\"https:\/\/www.youtube.com\/embed\/fErSr-nNceI?wmode=transparent&amp;rel=0&amp;feature=oembed\" frameborder=\"0\" allow=\"accelerometer; autoplay; clipboard-write; encrypted-media; gyroscope; picture-in-picture; web-share\" referrerpolicy=\"strict-origin-when-cross-origin\" allowfullscreen><\/iframe><\/p>\n<\/div>\n\t\t<\/div>\n\t\t\t\t\t<\/div>\n\n\t\n<\/div>\n\t\t<\/div>\n\n\t\t\n<style>\n#section_1351685301 {\n  padding-top: 0px;\n  padding-bottom: 0px;\n  background-color: rgb(241, 241, 241);\n}\n<\/style>\n\t<\/section>\n\t\n<div class=\"row\" style=\"max-width:1500px\" id=\"row-591075550\">\n\n\t<div id=\"col-488945127\" class=\"col medium-4 small-12 large-4\"  >\n\t\t\t\t<div class=\"col-inner\"  >\n\t\t\t\n\t\t\t\n\t<div id=\"text-293782348\" class=\"text\">\n\t\t\n<h3 style=\"text-align: center;\"><span style=\"text-decoration: underline;\"><strong>Acerca de nuestra pr\u00e1ctica<\/strong><\/span><\/h3>\n<ul>\n<li class=\"bullet-arrow\" style=\"text-align: left;\"><a href=\"https:\/\/www.drhatland.com\/es\/conozca-a-raymond-g-hatland-doctor-en-odontologia\/\"><strong>Conozca a Raymond G. Hatland, doctor en odontolog\u00eda.<\/strong><\/a><\/li>\n<li class=\"bullet-arrow\" style=\"text-align: left;\"><strong><a href=\"https:\/\/www.drhatland.com\/es\/explicacion-de-la-odontologia-holistica\/\">Explicaci\u00f3n de la odontolog\u00eda hol\u00edstica<\/a><\/strong><\/li>\n<li class=\"bullet-arrow\" style=\"text-align: left;\"><strong><a href=\"https:\/\/www.drhatland.com\/es\/explicacion-de-la-odontologia-energetica\/\">Explicaci\u00f3n de la odontolog\u00eda energ\u00e9tica<\/a><\/strong><\/li>\n<li class=\"bullet-arrow\" style=\"text-align: left;\"><strong><a href=\"https:\/\/www.drhatland.com\/es\/aceptan-seguro-dental\/\">\u00bfAceptan seguro dental?<\/a><\/strong><\/li>\n<li class=\"bullet-arrow\" style=\"text-align: left;\"><strong><a href=\"https:\/\/www.drhatland.com\/es\/consultas-gratuitas-sobre-implantes-en-lincolnwood-illinois\/\">M\u00e1s informaci\u00f3n sobre nuestras consultas gratuitas sobre implantes<\/a><\/strong><\/li>\n<\/ul>\n<h3 style=\"text-align: center;\"><span style=\"text-decoration: underline;\"><strong>Odontolog\u00eda est\u00e9tica<\/strong><\/span><\/h3>\n<ul>\n<li class=\"bullet-arrow\"><strong><a href=\"https:\/\/www.drhatland.com\/es\/opciones-de-odontologia-estetica-en-lincolnwood-illinois\/\">Opciones de odontolog\u00eda est\u00e9tica<\/a><\/strong><\/li>\n<li class=\"bullet-arrow\"><strong><a href=\"https:\/\/www.drhatland.com\/es\/opciones-de-carillas-de-porcelana-en-lincolnwood-illinois\/\">Opciones de carillas de porcelana<\/a><\/strong><\/li>\n<li class=\"bullet-arrow\"><strong><a href=\"https:\/\/www.drhatland.com\/es\/que-es-el-trastorno-de-la-atm-y-como-se-trata\/\">\u00bfQu\u00e9 es el trastorno de la ATM y c\u00f3mo se trata?<\/a><\/strong><\/li>\n<\/ul>\n\t\t\n<style>\n#text-293782348 {\n  font-size: 1.2rem;\n}\n<\/style>\n\t<\/div>\n\t\n\t\t<\/div>\n\t\t\t\t\t<\/div>\n\n\t\n\n\t<div id=\"col-1570988543\" class=\"col medium-4 small-12 large-4\"  >\n\t\t\t\t<div class=\"col-inner\"  >\n\t\t\t\n\t\t\t\n\t<div id=\"text-1363322499\" class=\"text\">\n\t\t\n<h3 style=\"text-align: center;\"><span style=\"text-decoration: underline;\"><strong>Implantes dentales<\/strong><\/span><\/h3>\n<ul>\n<li class=\"bullet-arrow\" style=\"text-align: left;\"><strong><a href=\"https:\/\/www.drhatland.com\/es\/consulta-gratuita-sobre-implantes-que-incluye\/\">Consulta gratuita sobre implantes: \u00bfqu\u00e9 incluye?<\/a><\/strong><\/li>\n<li class=\"bullet-arrow\" style=\"text-align: left;\"><strong><a href=\"https:\/\/www.drhatland.com\/es\/cuanto-tiempo-dura-el-proceso-de-implante-dental-mini\/\">\u00bfCu\u00e1nto tiempo dura el proceso de implante dental mini?<\/a><\/strong><\/li>\n<li class=\"bullet-arrow\" style=\"text-align: left;\"><strong><a href=\"https:\/\/www.drhatland.com\/es\/son-dolorosos-los-mini-implantes-dentales\/\">\u00bfSon dolorosos los mini implantes dentales?<\/a><\/strong><\/li>\n<\/ul>\n<h3 style=\"text-align: center;\"><span style=\"text-decoration: underline;\"><strong>General<\/strong><\/span><\/h3>\n<ul>\n<li class=\"bullet-arrow\"><strong><a href=\"https:\/\/www.drhatland.com\/es\/explicacion-del-tratamiento-de-la-enfermedad-de-las-encias\/\">Explicaci\u00f3n del tratamiento de la enfermedad de las enc\u00edas<\/a><\/strong><\/li>\n<li class=\"bullet-arrow\"><strong><a href=\"https:\/\/www.drhatland.com\/es\/odontologia-de-emergencia-en-lincolnwood-illinois\/\">Urgencias dentales que tratamos<\/a><\/strong><\/li>\n<li class=\"bullet-arrow\"><strong><a href=\"https:\/\/www.drhatland.com\/es\/aparatos-dentales-rapidos-frente-a-aparatos-dentales-tradicionales\/\">Aparatos dentales r\u00e1pidos frente a aparatos dentales tradicionales<\/a><\/strong><\/li>\n<li class=\"bullet-arrow\"><strong><a href=\"https:\/\/www.drhatland.com\/es\/que-es-el-trastorno-de-la-atm-y-como-se-trata\/\">\u00bfQu\u00e9 es el trastorno de la ATM y c\u00f3mo se trata?<\/a><\/strong><\/li>\n<\/ul>\n\t\t\n<style>\n#text-1363322499 {\n  font-size: 1.2rem;\n}\n<\/style>\n\t<\/div>\n\t\n\t\t<\/div>\n\t\t\t\t\t<\/div>\n\n\t\n\n\t<div id=\"col-457382333\" class=\"col medium-4 small-12 large-4\"  >\n\t\t\t\t<div class=\"col-inner\"  >\n\t\t\t\n\t\t\t\n\t<div id=\"text-1327218780\" class=\"text\">\n\t\t\n<h3 style=\"text-align: center;\"><span style=\"text-decoration: underline;\"><strong>Dentaduras postizas<\/strong><\/span><\/h3>\n<ul>\n<li class=\"bullet-arrow\" style=\"text-align: left;\"><strong><a href=\"https:\/\/www.drhatland.com\/es\/opciones-de-dentaduras-postizas-en-lincolnwood-illinois\/\">Opciones de dentaduras postizas que ofrecemos<\/a><\/strong><\/li>\n<li class=\"bullet-arrow\" style=\"text-align: left;\"><strong><a href=\"https:\/\/www.drhatland.com\/es\/opciones-de-implantes-dentales-en-lincolnwood-illinois\/\">Opciones de implantes dentales<\/a><\/strong><\/li>\n<\/ul>\n<h3 style=\"text-align: center;\"><span style=\"text-decoration: underline;\"><strong>Odontolog\u00eda restauradora<\/strong><\/span><\/h3>\n<ul>\n<li class=\"bullet-arrow\" style=\"text-align: left;\"><strong><a href=\"https:\/\/www.drhatland.com\/es\/coronas-dentales-que-son-y-por-que-las-necesitamos\/\">Coronas dentales: qu\u00e9 son y por qu\u00e9 las necesitamos<\/a><\/strong><\/li>\n<li class=\"bullet-arrow\" style=\"text-align: left;\"><strong><a href=\"https:\/\/www.drhatland.com\/es\/opciones-de-puentes-dentales-en-lincolnwood-illinois\/\">Opciones de puentes dentales<\/a><\/strong><\/li>\n<li class=\"bullet-arrow\" style=\"text-align: left;\"><strong><a href=\"https:\/\/www.drhatland.com\/es\/explicacion-de-la-reconstruccion-completa-de-la-boca\/\">Explicaci\u00f3n de la reconstrucci\u00f3n completa de la boca<\/a><\/strong><\/li>\n<li class=\"bullet-arrow\" style=\"text-align: left;\"><strong><a href=\"https:\/\/www.drhatland.com\/es\/explicacion-del-tratamiento-de-conducto-radicular\/\">Explicaci\u00f3n del tratamiento de conducto radicular<\/a><\/strong><\/li>\n<\/ul>\n\t\t\n<style>\n#text-1327218780 {\n  font-size: 1.2rem;\n}\n<\/style>\n\t<\/div>\n\t\n\t\t<\/div>\n\t\t\t\t\t<\/div>\n\n\t\n<\/div>","protected":false},"excerpt":{"rendered":"","protected":false},"author":4,"featured_media":404,"parent":0,"menu_order":0,"comment_status":"closed","ping_status":"closed","template":"","meta":{"rop_custom_images_group":[],"rop_custom_messages_group":[],"rop_publish_now":"initial","rop_publish_now_accounts":{"gmb_109265489736877664202_accounts\/109265489736877664202\/locations\/7595594658973118275":""},"rop_publish_now_history":[],"rop_publish_now_status":"pending","footnotes":""},"class_list":["post-17","page","type-page","status-publish","has-post-thumbnail","hentry"],"yoast_head":"<!-- This site is optimized with the Yoast SEO plugin v27.4 - https:\/\/yoast.com\/product\/yoast-seo-wordpress\/ -->\n<title>Watch Our Educational Dental Videos &amp; Patient FAQs<\/title>\n<meta name=\"description\" content=\"Get answers to your frequently asked questions about general, cosmetic, implant, and holistic dentistry with our educational video library.\" \/>\n<meta name=\"robots\" content=\"index, follow, max-snippet:-1, max-image-preview:large, max-video-preview:-1\" \/>\n<link rel=\"canonical\" href=\"https:\/\/www.drhatland.com\/es\/videos\/\" \/>\n<meta property=\"og:locale\" content=\"es_MX\" \/>\n<meta property=\"og:type\" content=\"article\" \/>\n<meta property=\"og:title\" content=\"Watch Our Educational Dental Videos &amp; Patient FAQs\" \/>\n<meta property=\"og:description\" content=\"Get answers to your frequently asked questions about general, cosmetic, implant, and holistic dentistry with our educational video library.\" \/>\n<meta property=\"og:url\" content=\"https:\/\/www.drhatland.com\/es\/videos\/\" \/>\n<meta property=\"og:site_name\" content=\"Raymond G. Hatland, DDS\" \/>\n<meta property=\"article:publisher\" content=\"https:\/\/www.facebook.com\/drhatland\/\" \/>\n<meta property=\"article:modified_time\" content=\"2026-01-28T17:33:42+00:00\" \/>\n<meta property=\"og:image\" content=\"https:\/\/www.drhatland.com\/wp-content\/uploads\/2023\/12\/Videos.jpg\" \/>\n\t<meta property=\"og:image:width\" content=\"500\" \/>\n\t<meta property=\"og:image:height\" content=\"307\" \/>\n\t<meta property=\"og:image:type\" content=\"image\/jpeg\" \/>\n<meta name=\"twitter:card\" content=\"summary_large_image\" \/>\n<meta name=\"twitter:label1\" content=\"Est. reading time\" \/>\n\t<meta name=\"twitter:data1\" content=\"2 minutos\" \/>\n<script type=\"application\/ld+json\" class=\"yoast-schema-graph\">{\"@context\":\"https:\\\/\\\/schema.org\",\"@graph\":[{\"@type\":\"WebPage\",\"@id\":\"https:\\\/\\\/www.drhatland.com\\\/videos\\\/\",\"url\":\"https:\\\/\\\/www.drhatland.com\\\/videos\\\/\",\"name\":\"Watch Our Educational Dental Videos & Patient FAQs\",\"isPartOf\":{\"@id\":\"https:\\\/\\\/www.drhatland.com\\\/#website\"},\"primaryImageOfPage\":{\"@id\":\"https:\\\/\\\/www.drhatland.com\\\/videos\\\/#primaryimage\"},\"image\":{\"@id\":\"https:\\\/\\\/www.drhatland.com\\\/videos\\\/#primaryimage\"},\"thumbnailUrl\":\"https:\\\/\\\/www.drhatland.com\\\/wp-content\\\/uploads\\\/2023\\\/12\\\/Videos.jpg\",\"datePublished\":\"2025-03-22T06:18:16+00:00\",\"dateModified\":\"2026-01-28T17:33:42+00:00\",\"description\":\"Get answers to your frequently asked questions about general, cosmetic, implant, and holistic dentistry with our educational video library.\",\"breadcrumb\":{\"@id\":\"https:\\\/\\\/www.drhatland.com\\\/videos\\\/#breadcrumb\"},\"inLanguage\":\"es\",\"potentialAction\":[{\"@type\":\"ReadAction\",\"target\":[\"https:\\\/\\\/www.drhatland.com\\\/videos\\\/\"]}]},{\"@type\":\"ImageObject\",\"inLanguage\":\"es\",\"@id\":\"https:\\\/\\\/www.drhatland.com\\\/videos\\\/#primaryimage\",\"url\":\"https:\\\/\\\/www.drhatland.com\\\/wp-content\\\/uploads\\\/2023\\\/12\\\/Videos.jpg\",\"contentUrl\":\"https:\\\/\\\/www.drhatland.com\\\/wp-content\\\/uploads\\\/2023\\\/12\\\/Videos.jpg\",\"width\":500,\"height\":307},{\"@type\":\"BreadcrumbList\",\"@id\":\"https:\\\/\\\/www.drhatland.com\\\/videos\\\/#breadcrumb\",\"itemListElement\":[{\"@type\":\"ListItem\",\"position\":1,\"name\":\"Home\",\"item\":\"https:\\\/\\\/www.drhatland.com\\\/\"},{\"@type\":\"ListItem\",\"position\":2,\"name\":\"Videos\"}]},{\"@type\":\"WebSite\",\"@id\":\"https:\\\/\\\/www.drhatland.com\\\/#website\",\"url\":\"https:\\\/\\\/www.drhatland.com\\\/\",\"name\":\"Raymond G. Hatland, DDS\",\"description\":\"Holistic &amp; Implant Dentistry in Lincolnwood, IL\",\"publisher\":{\"@id\":\"https:\\\/\\\/www.drhatland.com\\\/#organization\"},\"alternateName\":\"Dentist in Lincolnwood, IL\",\"potentialAction\":[{\"@type\":\"SearchAction\",\"target\":{\"@type\":\"EntryPoint\",\"urlTemplate\":\"https:\\\/\\\/www.drhatland.com\\\/?s={search_term_string}\"},\"query-input\":{\"@type\":\"PropertyValueSpecification\",\"valueRequired\":true,\"valueName\":\"search_term_string\"}}],\"inLanguage\":\"es\"},{\"@type\":\"Organization\",\"@id\":\"https:\\\/\\\/www.drhatland.com\\\/#organization\",\"name\":\"Raymond G. Hatland, DDS\",\"alternateName\":\"Dentist in Lincolnwood, IL\",\"url\":\"https:\\\/\\\/www.drhatland.com\\\/\",\"logo\":{\"@type\":\"ImageObject\",\"inLanguage\":\"es\",\"@id\":\"https:\\\/\\\/www.drhatland.com\\\/#\\\/schema\\\/logo\\\/image\\\/\",\"url\":\"https:\\\/\\\/www.drhatland.com\\\/wp-content\\\/uploads\\\/2025\\\/12\\\/Logo-Stacked-w-Padding.jpg\",\"contentUrl\":\"https:\\\/\\\/www.drhatland.com\\\/wp-content\\\/uploads\\\/2025\\\/12\\\/Logo-Stacked-w-Padding.jpg\",\"width\":1879,\"height\":1667,\"caption\":\"Raymond G. Hatland, DDS\"},\"image\":{\"@id\":\"https:\\\/\\\/www.drhatland.com\\\/#\\\/schema\\\/logo\\\/image\\\/\"},\"sameAs\":[\"https:\\\/\\\/www.facebook.com\\\/drhatland\\\/\",\"https:\\\/\\\/www.youtube.com\\\/@RaymondG.HatlandDDS\"]}]}<\/script>\n<!-- \/ Yoast SEO plugin. -->","yoast_head_json":{"title":"Vea nuestros videos educativos sobre salud dental y las preguntas frecuentes de los pacientes.","description":"Obtenga respuestas a sus preguntas frecuentes sobre odontolog\u00eda general, cosm\u00e9tica, implantes y hol\u00edstica con nuestra biblioteca de videos educativos.","robots":{"index":"index","follow":"follow","max-snippet":"max-snippet:-1","max-image-preview":"max-image-preview:large","max-video-preview":"max-video-preview:-1"},"canonical":"https:\/\/www.drhatland.com\/es\/videos\/","og_locale":"es_MX","og_type":"article","og_title":"Watch Our Educational Dental Videos & Patient FAQs","og_description":"Get answers to your frequently asked questions about general, cosmetic, implant, and holistic dentistry with our educational video library.","og_url":"https:\/\/www.drhatland.com\/es\/videos\/","og_site_name":"Raymond G. Hatland, DDS","article_publisher":"https:\/\/www.facebook.com\/drhatland\/","article_modified_time":"2026-01-28T17:33:42+00:00","og_image":[{"width":500,"height":307,"url":"https:\/\/www.drhatland.com\/wp-content\/uploads\/2023\/12\/Videos.jpg","type":"image\/jpeg"}],"twitter_card":"summary_large_image","twitter_misc":{"Est. reading time":"2 minutos"},"schema":{"@context":"https:\/\/schema.org","@graph":[{"@type":"WebPage","@id":"https:\/\/www.drhatland.com\/videos\/","url":"https:\/\/www.drhatland.com\/videos\/","name":"Vea nuestros videos educativos sobre salud dental y las preguntas frecuentes de los pacientes.","isPartOf":{"@id":"https:\/\/www.drhatland.com\/#website"},"primaryImageOfPage":{"@id":"https:\/\/www.drhatland.com\/videos\/#primaryimage"},"image":{"@id":"https:\/\/www.drhatland.com\/videos\/#primaryimage"},"thumbnailUrl":"https:\/\/www.drhatland.com\/wp-content\/uploads\/2023\/12\/Videos.jpg","datePublished":"2025-03-22T06:18:16+00:00","dateModified":"2026-01-28T17:33:42+00:00","description":"Obtenga respuestas a sus preguntas frecuentes sobre odontolog\u00eda general, cosm\u00e9tica, implantes y hol\u00edstica con nuestra biblioteca de videos educativos.","breadcrumb":{"@id":"https:\/\/www.drhatland.com\/videos\/#breadcrumb"},"inLanguage":"es","potentialAction":[{"@type":"ReadAction","target":["https:\/\/www.drhatland.com\/videos\/"]}]},{"@type":"ImageObject","inLanguage":"es","@id":"https:\/\/www.drhatland.com\/videos\/#primaryimage","url":"https:\/\/www.drhatland.com\/wp-content\/uploads\/2023\/12\/Videos.jpg","contentUrl":"https:\/\/www.drhatland.com\/wp-content\/uploads\/2023\/12\/Videos.jpg","width":500,"height":307},{"@type":"BreadcrumbList","@id":"https:\/\/www.drhatland.com\/videos\/#breadcrumb","itemListElement":[{"@type":"ListItem","position":1,"name":"Home","item":"https:\/\/www.drhatland.com\/"},{"@type":"ListItem","position":2,"name":"Videos"}]},{"@type":"WebSite","@id":"https:\/\/www.drhatland.com\/#website","url":"https:\/\/www.drhatland.com\/","name":"Raymond G. Hatland, Doctor en Cirug\u00eda Dental","description":"Odontolog\u00eda hol\u00edstica e implantes dentales en Lincolnwood, Illinois","publisher":{"@id":"https:\/\/www.drhatland.com\/#organization"},"alternateName":"Dentist in Lincolnwood, IL","potentialAction":[{"@type":"SearchAction","target":{"@type":"EntryPoint","urlTemplate":"https:\/\/www.drhatland.com\/?s={search_term_string}"},"query-input":{"@type":"PropertyValueSpecification","valueRequired":true,"valueName":"search_term_string"}}],"inLanguage":"es"},{"@type":"Organization","@id":"https:\/\/www.drhatland.com\/#organization","name":"Raymond G. Hatland, Doctor en Cirug\u00eda Dental","alternateName":"Dentist in Lincolnwood, IL","url":"https:\/\/www.drhatland.com\/","logo":{"@type":"ImageObject","inLanguage":"es","@id":"https:\/\/www.drhatland.com\/#\/schema\/logo\/image\/","url":"https:\/\/www.drhatland.com\/wp-content\/uploads\/2025\/12\/Logo-Stacked-w-Padding.jpg","contentUrl":"https:\/\/www.drhatland.com\/wp-content\/uploads\/2025\/12\/Logo-Stacked-w-Padding.jpg","width":1879,"height":1667,"caption":"Raymond G. Hatland, DDS"},"image":{"@id":"https:\/\/www.drhatland.com\/#\/schema\/logo\/image\/"},"sameAs":["https:\/\/www.facebook.com\/drhatland\/","https:\/\/www.youtube.com\/@RaymondG.HatlandDDS"]}]}},"_links":{"self":[{"href":"http:\/\/www.drhatland.com\/es\/wp-json\/wp\/v2\/pages\/17","targetHints":{"allow":["GET"]}}],"collection":[{"href":"http:\/\/www.drhatland.com\/es\/wp-json\/wp\/v2\/pages"}],"about":[{"href":"http:\/\/www.drhatland.com\/es\/wp-json\/wp\/v2\/types\/page"}],"author":[{"embeddable":true,"href":"http:\/\/www.drhatland.com\/es\/wp-json\/wp\/v2\/users\/4"}],"replies":[{"embeddable":true,"href":"http:\/\/www.drhatland.com\/es\/wp-json\/wp\/v2\/comments?post=17"}],"version-history":[{"count":0,"href":"http:\/\/www.drhatland.com\/es\/wp-json\/wp\/v2\/pages\/17\/revisions"}],"wp:featuredmedia":[{"embeddable":true,"href":"http:\/\/www.drhatland.com\/es\/wp-json\/wp\/v2\/media\/404"}],"wp:attachment":[{"href":"http:\/\/www.drhatland.com\/es\/wp-json\/wp\/v2\/media?parent=17"}],"curies":[{"name":"wp","href":"https:\/\/api.w.org\/{rel}","templated":true}]}}