{"id":14,"date":"2025-03-18T01:11:15","date_gmt":"2025-03-18T05:11:15","guid":{"rendered":"http:\/\/implantquiz.wpengine.com\/?page_id=14"},"modified":"2026-01-28T12:26:31","modified_gmt":"2026-01-28T17:26:31","slug":"servicios","status":"publish","type":"page","link":"http:\/\/www.drhatland.com\/es\/services\/","title":{"rendered":"Servicios"},"content":{"rendered":"<section class=\"section dark\" id=\"section_32487924\">\n\t\t<div class=\"section-bg fill\" >\n\t\t\t<img loading=\"lazy\" decoding=\"async\" width=\"2560\" height=\"1280\" src=\"https:\/\/www.drhatland.com\/wp-content\/uploads\/2025\/11\/Chicago-Skyline-scaled.jpg\" class=\"bg attachment-original size-original\" alt=\"\" \/>\t\t\t\t\t\t<div class=\"section-bg-overlay absolute fill\"><\/div>\n\t\t\t\n\t<div class=\"is-border\"\n\t\tstyle=\"border-color:rgb(235, 235, 235);border-width:1px 0px 0px 0px;\">\n\t<\/div>\n\n\t\t<\/div>\n\n\t\t\n\n\t\t<div class=\"section-content relative\">\n\t\t\t\n<div class=\"container section-title-container\" ><h2 class=\"section-title section-title-bold-center\"><b aria-hidden=\"true\"><\/b><span class=\"section-title-main\" style=\"font-size:140%;color:rgb(255, 255, 255);\">NUESTROS SERVICIOS DENTALES<\/span><b aria-hidden=\"true\"><\/b><\/h2><\/div>\n<div class=\"row\"  id=\"row-1159814286\">\n\n\t<div id=\"col-481440680\" class=\"col medium-12 small-12 large-4\"  >\n\t\t\t\t<div class=\"col-inner dark\"  >\n\t\t\t\n\t\t\t\n\t<div id=\"text-1358036958\" class=\"text\">\n\t\t\n<ul>\n<li class=\"bullet-arrow\"><strong><span style=\"font-size: 120%;\"><a href=\"http:\/\/www.drhatland.com\/es\/odontologia-holistica-en-lincolnwood-illinois\/\">Odontolog\u00eda hol\u00edstica<\/a><\/span><\/strong><\/li>\n<li class=\"bullet-arrow\"><strong><span style=\"font-size: 120%;\"><a href=\"http:\/\/www.drhatland.com\/es\/odontologia-cosmetica-en-lincolnwood-illinois\/\">Odontolog\u00eda est\u00e9tica<\/a><\/span><\/strong><\/li>\n<li class=\"bullet-arrow\"><strong><span style=\"font-size: 120%;\"><a href=\"http:\/\/www.drhatland.com\/es\/coronas-dentales-en-lincolnwood-illinois\/\">Coronas dentales<\/a><\/span><\/strong><\/li>\n<li class=\"bullet-arrow\"><strong><span style=\"font-size: 120%;\"><a href=\"http:\/\/www.drhatland.com\/es\/puente-dental-en-lincolnwood-illinois\/\">Puentes dentales<\/a><\/span><\/strong><\/li>\n<li class=\"bullet-arrow\"><strong><span style=\"font-size: 120%;\"><a href=\"http:\/\/www.drhatland.com\/es\/carillas-dentales-en-lincolnwood-illinois\/\">Carillas de porcelana<\/a><\/span><\/strong><\/li>\n<li class=\"bullet-arrow\"><strong><span style=\"font-size: 120%;\"><a href=\"http:\/\/www.drhatland.com\/es\/ortodoncia-en-lincolnwood-illinois\/\">Tratamiento de ortodoncia<\/a><\/span><\/strong><\/li>\n<\/ul>\n\t\t\n<style>\n#text-1358036958 {\n  font-size: 1.3rem;\n  text-align: center;\n}\n<\/style>\n\t<\/div>\n\t\n\t\t<\/div>\n\t\t\t\t\t<\/div>\n\n\t\n\n\t<div id=\"col-2118500325\" class=\"col medium-12 small-12 large-4\"  >\n\t\t\t\t<div class=\"col-inner dark\"  >\n\t\t\t\n\t\t\t\n\t<div id=\"text-2766044822\" class=\"text\">\n\t\t\n<ul>\n<li class=\"bullet-arrow\"><strong><span style=\"font-size: 120%;\"><a href=\"http:\/\/www.drhatland.com\/es\/implantes-dentales-en-lincolnwood-illinois-2\/\">Implantes dentales<\/a><\/span><\/strong><\/li>\n<li class=\"bullet-arrow\"><strong><span style=\"font-size: 120%;\"><a href=\"http:\/\/www.drhatland.com\/es\/mini-implantes-dentales-en-lincolnwood-illinois\/\">Mini implantes dentales<\/a><\/span><\/strong><\/li>\n<li class=\"bullet-arrow\"><strong><span style=\"font-size: 120%;\"><a href=\"http:\/\/www.drhatland.com\/es\/dentaduras-postizas-en-lincolnwood-illinois\/\">Dentaduras postizas<\/a><\/span><\/strong><\/li>\n<li class=\"bullet-arrow\"><strong><span style=\"font-size: 120%;\"><a href=\"http:\/\/www.drhatland.com\/es\/implantes-dentales-en-lincolnwood-illinois\/\">Pr\u00f3tesis dentales con implantes<\/a><\/span><\/strong><\/li>\n<li class=\"bullet-arrow\"><strong><span style=\"font-size: 120%;\"><a href=\"http:\/\/www.drhatland.com\/es\/reconstruccion-completa-de-la-boca-en-lincolnwood-illinois\/\">Reconstrucci\u00f3n completa de la boca<\/a><\/span><\/strong><\/li>\n<li class=\"bullet-arrow\"><strong><span style=\"font-size: 120%;\"><a href=\"http:\/\/www.drhatland.com\/es\/cirugia-oral-en-lincolnwood-illinois\/\">Cirug\u00eda oral<\/a><\/span><\/strong><\/li>\n<\/ul>\n\t\t\n<style>\n#text-2766044822 {\n  font-size: 1.3rem;\n  text-align: center;\n}\n<\/style>\n\t<\/div>\n\t\n\t\t<\/div>\n\t\t\t\t\t<\/div>\n\n\t\n\n\t<div id=\"col-1412451369\" class=\"col medium-12 small-12 large-4\"  >\n\t\t\t\t<div class=\"col-inner dark\"  >\n\t\t\t\n\t\t\t\n\t<div id=\"text-1999612405\" class=\"text\">\n\t\t\n<ul>\n<li class=\"bullet-arrow\"><strong><span style=\"font-size: 120%;\"><a href=\"http:\/\/www.drhatland.com\/es\/tratamiento-de-enfermedades-de-las-encias-en-lincolnwood-illinois\/\">Tratamiento de la enfermedad de las enc\u00edas<\/a><\/span><\/strong><\/li>\n<li class=\"bullet-arrow\"><strong><span style=\"font-size: 120%;\"><a href=\"http:\/\/www.drhatland.com\/es\/tratamiento-de-conducto-radicular-en-lincolnwood-illinois\/\">Tratamiento de conducto radicular<\/a><\/span><\/strong><\/li>\n<li class=\"bullet-arrow\"><strong><span style=\"font-size: 120%;\"><a href=\"http:\/\/www.drhatland.com\/es\/tratamiento-de-la-disfuncion-temporomandibular-en-lincolnwood-illinois\/\">Tratamiento de la ATM\/TMD<\/a><\/span><\/strong><\/li>\n<li class=\"bullet-arrow\"><strong><span style=\"font-size: 120%;\"><a href=\"https:\/\/www.drhatland.com\/es\/dentista-de-urgencia-en-lincolnwood-illinois\/\">Odontolog\u00eda de urgencia<\/a><\/span><\/strong><\/li>\n<\/ul>\n\t\t\n<style>\n#text-1999612405 {\n  font-size: 1.3rem;\n  text-align: center;\n}\n<\/style>\n\t<\/div>\n\t\n\t\t<\/div>\n\t\t\t\t\t<\/div>\n\n\t\n<\/div>\n\t\t<\/div>\n\n\t\t\n<style>\n#section_32487924 {\n  padding-top: 60px;\n  padding-bottom: 60px;\n  min-height: 300px;\n  background-color: rgb(86, 65, 126);\n}\n#section_32487924 .section-bg-overlay {\n  background-color: rgba(86, 65, 126, 0.9);\n}\n#section_32487924 .section-bg img {\n  object-position: 42% 100%;\n}\n<\/style>\n\t<\/section>\n\t\n\n\t<section class=\"section\" id=\"section_1423020725\">\n\t\t<div class=\"section-bg fill\" >\n\t\t\t\t\t\t\t\t\t\n\t\t\t\n\n\t\t<\/div>\n\n\t\t\n\n\t\t<div class=\"section-content relative\">\n\t\t\t\n\t<div id=\"gap-906966988\" class=\"gap-element clearfix\" style=\"display:block; height:auto;\">\n\t\t\n<style>\n#gap-906966988 {\n  padding-top: 30px;\n}\n<\/style>\n\t<\/div>\n\t\n<div class=\"container section-title-container\" ><h3 class=\"section-title section-title-bold-center\"><b aria-hidden=\"true\"><\/b><span class=\"section-title-main\" style=\"font-size:140%;\">VERIFICACI\u00d3N R\u00c1PIDA Y F\u00c1CIL DEL SEGURO<\/span><b aria-hidden=\"true\"><\/b><\/h3><\/div>\n<div class=\"row align-middle\"  id=\"row-932772528\">\n\n\t<div id=\"col-1897669237\" class=\"col index-up medium-12 small-12 large-6\"  >\n\t\t\t\t<div class=\"col-inner text-left\" style=\"background-color:rgba(137, 239, 255, 0.645);\" >\n\t\t\t\n\t\t\t\n\t<div id=\"text-2841022647\" class=\"text\">\n\t\t\n<p class=\"lead\">El Dr. Hatland acepta varios planes de seguro y defiende a todos sus pacientes, incluso cuando las compa\u00f1\u00edas de seguros no lo hacen. Obtenga un an\u00e1lisis gratuito de su seguro y sus beneficios antes del tratamiento, adem\u00e1s de asistencia para presentar reclamaciones, para que conozca los costos por adelantado y reciba la atenci\u00f3n que se merece, no la que el seguro intenta limitar.<\/p>\n\t\t\n<style>\n#text-2841022647 {\n  font-size: 1.1rem;\n}\n<\/style>\n\t<\/div>\n\t\n<a href=\"\/es\/contactenos\/\" class=\"button primary is-large\" style=\"padding:0px 30px 0px 30px;\">\n\t\t<span>Reserva ahora<\/span>\n\t<i class=\"icon-angle-right\" aria-hidden=\"true\"><\/i><\/a>\n\n\t\t<\/div>\n\t\t\t\t\n<style>\n#col-1897669237 > .col-inner {\n  padding: 30% 15% 10% 15%;\n  margin: -90px 0px 0px 0px;\n}\n@media (min-width:550px) {\n  #col-1897669237 > .col-inner {\n    padding: 20% 15% 10% 15%;\n    margin: -115px 0px 0px 0px;\n  }\n}\n@media (min-width:850px) {\n  #col-1897669237 > .col-inner {\n    padding: 15% 19% 15% 15%;\n    margin: 0px 0px 0px 50px;\n  }\n}\n<\/style>\n\t<\/div>\n\n\t\n\n\t<div id=\"col-426425511\" class=\"col medium-12 small-12 large-6 medium-col-first\"  >\n\t\t\t\t<div class=\"col-inner\"  >\n\t\t\t\n\t\t\t\n\n  <div class=\"banner has-hover\" id=\"banner-1914223445\">\n          <div class=\"banner-inner fill\">\n        <div class=\"banner-bg fill\" >\n            <img loading=\"lazy\" decoding=\"async\" width=\"1000\" height=\"667\" src=\"https:\/\/www.drhatland.com\/wp-content\/uploads\/2026\/01\/Insurances-Accepted-Dr.-Raymond-Hatland-Lincolnwood-Dentist.jpg\" class=\"bg attachment-large size-large\" alt=\"Seguros aceptados - Dr. Raymond Hatland - Dentista en Lincolnwood\" \/>                                    \n                    <\/div>\n\t\t\n        <div class=\"banner-layers container\">\n            <div class=\"fill banner-link\"><\/div>            \n   <div id=\"text-box-1256908041\" class=\"text-box banner-layer x50 md-x50 lg-x50 y50 md-y50 lg-y50 res-text\">\n                                <div class=\"text-box-content text dark\">\n              \n              <div class=\"text-inner text-center\">\n                  \n              <\/div>\n           <\/div>\n                            \n<style>\n#text-box-1256908041 {\n  width: 60%;\n}\n#text-box-1256908041 .text-box-content {\n  font-size: 100%;\n}\n<\/style>\n    <\/div>\n \n        <\/div>\n      <\/div>\n\n            \n<style>\n#banner-1914223445 {\n  padding-top: 250px;\n  background-color: rgba(0, 0, 0, 0);\n}\n#banner-1914223445 .banner-bg img {\n  object-position: 58% 29%;\n}\n@media (min-width:550px) {\n  #banner-1914223445 {\n    padding-top: 400px;\n  }\n}\n<\/style>\n  <\/div>\n\n\n\t\t<\/div>\n\t\t\t\t\n<style>\n#col-426425511 > .col-inner {\n  padding: 0px 30px 0px 30px;\n  margin: 0px 0px 0px 0;\n}\n@media (min-width:550px) {\n  #col-426425511 > .col-inner {\n    padding: 0px 50px 0px 50px;\n  }\n}\n@media (min-width:850px) {\n  #col-426425511 > .col-inner {\n    padding: 0px 0px 0px 0px;\n    margin: 0px 0px 0px -50px;\n  }\n}\n<\/style>\n\t<\/div>\n\n\t\n<\/div>\n\t\t<\/div>\n\n\t\t\n<style>\n#section_1423020725 {\n  padding-top: 50px;\n  padding-bottom: 50px;\n}\n@media (min-width:850px) {\n  #section_1423020725 {\n    padding-top: 30px;\n    padding-bottom: 30px;\n  }\n}\n<\/style>\n\t<\/section>\n\t\n\n\t<section class=\"section\" id=\"section_1805485774\">\n\t\t<div class=\"section-bg fill\" >\n\t\t\t\t\t\t\t\t\t\n\t\t\t\n\n\t\t<\/div>\n\n\t\t\n\n\t\t<div class=\"section-content relative\">\n\t\t\t\n<div class=\"row align-middle align-center\"  id=\"row-1538482051\">\n\n\t<div id=\"col-1157355730\" class=\"col small-12 large-12\"  >\n\t\t\t\t<div class=\"col-inner text-center\"  >\n\t\t\t\n\t\t\t\n<div class=\"container section-title-container\" ><h3 class=\"section-title section-title-bold-center\"><b aria-hidden=\"true\"><\/b><span class=\"section-title-main\" style=\"font-size:150%;color:rgb(86, 63, 124);\">Opciones de atenci\u00f3n y pago accesibles<\/span><b aria-hidden=\"true\"><\/b><\/h3><\/div>\n\t<div id=\"text-998435737\" class=\"text\">\n\t\t\n<p class=\"lead\">Nuestros precios est\u00e1n estructurados para que la atenci\u00f3n dental de calidad sea accesible. Cuando el seguro no cubre el costo total del tratamiento, trabajamos con los pacientes para identificar opciones de pago, incluyendo m\u00faltiples socios financieros externos. Esto permite a los pacientes recibir la atenci\u00f3n que necesitan ahora y pagar a lo largo del tiempo con pagos mensuales manejables. Obtenga m\u00e1s informaci\u00f3n sobre nuestras opciones de financiamiento flexibles a continuaci\u00f3n.<\/p>\n\t\t\n<style>\n#text-998435737 {\n  font-size: 1rem;\n}\n<\/style>\n\t<\/div>\n\t\n\t\t<\/div>\n\t\t\t\t\t<\/div>\n\n\t\n<\/div>\n<div class=\"row align-middle align-center\"  id=\"row-1517638591\">\n\n\t<div id=\"col-16535536\" class=\"col medium-4 small-10 large-3\"  >\n\t\t\t\t<div class=\"col-inner text-center\"  >\n\t\t\t\n\t\t\t\n\t<div class=\"img has-hover x md-x lg-x y md-y lg-y\" id=\"image_1413000798\">\n\t\t\t\t\t\t\t\t<div class=\"img-inner dark\" >\n\t\t\t<img loading=\"lazy\" decoding=\"async\" width=\"400\" height=\"112\" src=\"https:\/\/www.drhatland.com\/wp-content\/uploads\/2026\/01\/carecredit-logo.png\" class=\"attachment-original size-original\" alt=\"\" srcset=\"https:\/\/www.drhatland.com\/wp-content\/uploads\/2026\/01\/carecredit-logo.png 400w, https:\/\/www.drhatland.com\/wp-content\/uploads\/2026\/01\/carecredit-logo-18x5.png 18w\" sizes=\"auto, (max-width: 400px) 100vw, 400px\" \/>\t\t\t\t\t\t\n\t\t\t\t\t<\/div>\n\t\t\t\t\t\t\t\t\n<style>\n#image_1413000798 {\n  width: 70%;\n}\n@media (min-width:550px) {\n  #image_1413000798 {\n    width: 100%;\n  }\n}\n<\/style>\n\t<\/div>\n\t\n\t\t<\/div>\n\t\t\t\t\t<\/div>\n\n\t\n\n\t<div id=\"col-215776612\" class=\"col medium-4 small-10 large-3\"  >\n\t\t\t\t<div class=\"col-inner text-center\"  >\n\t\t\t\n\t\t\t\n\t<div class=\"img has-hover x md-x lg-x y md-y lg-y\" id=\"image_1436801940\">\n\t\t\t\t\t\t\t\t<div class=\"img-inner dark\" >\n\t\t\t<img loading=\"lazy\" decoding=\"async\" width=\"400\" height=\"112\" src=\"https:\/\/www.drhatland.com\/wp-content\/uploads\/2026\/01\/cherry_logo.png\" class=\"attachment-original size-original\" alt=\"\" srcset=\"https:\/\/www.drhatland.com\/wp-content\/uploads\/2026\/01\/cherry_logo.png 400w, https:\/\/www.drhatland.com\/wp-content\/uploads\/2026\/01\/cherry_logo-18x5.png 18w\" sizes=\"auto, (max-width: 400px) 100vw, 400px\" \/>\t\t\t\t\t\t\n\t\t\t\t\t<\/div>\n\t\t\t\t\t\t\t\t\n<style>\n#image_1436801940 {\n  width: 70%;\n}\n@media (min-width:550px) {\n  #image_1436801940 {\n    width: 100%;\n  }\n}\n<\/style>\n\t<\/div>\n\t\n\t\t<\/div>\n\t\t\t\t\t<\/div>\n\n\t\n\n\t<div id=\"col-69304263\" class=\"col medium-4 small-10 large-3\"  >\n\t\t\t\t<div class=\"col-inner text-center\"  >\n\t\t\t\n\t\t\t\n\t<div class=\"img has-hover x md-x lg-x y md-y lg-y\" id=\"image_955514773\">\n\t\t\t\t\t\t\t\t<div class=\"img-inner dark\" >\n\t\t\t<img loading=\"lazy\" decoding=\"async\" width=\"410\" height=\"123\" src=\"https:\/\/www.drhatland.com\/wp-content\/uploads\/2026\/01\/Proceed-Finance.png\" class=\"attachment-original size-original\" alt=\"\" srcset=\"https:\/\/www.drhatland.com\/wp-content\/uploads\/2026\/01\/Proceed-Finance.png 410w, https:\/\/www.drhatland.com\/wp-content\/uploads\/2026\/01\/Proceed-Finance-18x5.png 18w\" sizes=\"auto, (max-width: 410px) 100vw, 410px\" \/>\t\t\t\t\t\t\n\t\t\t\t\t<\/div>\n\t\t\t\t\t\t\t\t\n<style>\n#image_955514773 {\n  width: 70%;\n}\n@media (min-width:550px) {\n  #image_955514773 {\n    width: 100%;\n  }\n}\n<\/style>\n\t<\/div>\n\t\n\t\t<\/div>\n\t\t\t\t\t<\/div>\n\n\t\n<\/div>\n\t\t<\/div>\n\n\t\t\n<style>\n#section_1805485774 {\n  padding-top: 60px;\n  padding-bottom: 60px;\n}\n<\/style>\n\t<\/section>","protected":false},"excerpt":{"rendered":"","protected":false},"author":4,"featured_media":409,"parent":0,"menu_order":0,"comment_status":"closed","ping_status":"closed","template":"page-blank.php","meta":{"rop_custom_images_group":[],"rop_custom_messages_group":[],"rop_publish_now":"initial","rop_publish_now_accounts":{"gmb_109265489736877664202_accounts\/109265489736877664202\/locations\/7595594658973118275":""},"rop_publish_now_history":[],"rop_publish_now_status":"pending","footnotes":""},"class_list":["post-14","page","type-page","status-publish","has-post-thumbnail","hentry"],"yoast_head":"<!-- This site is optimized with the Yoast SEO plugin v27.4 - https:\/\/yoast.com\/product\/yoast-seo-wordpress\/ -->\n<title>General, Cosmetic &amp; Implant Dentistry Services in Lincolnwood, IL<\/title>\n<meta name=\"description\" content=\"Learn about the general, cosmetic, implant and holistic dentistry services we provide to patients in Lincolnwood and throughout Chicago.\" \/>\n<meta name=\"robots\" content=\"index, follow, max-snippet:-1, max-image-preview:large, max-video-preview:-1\" \/>\n<link rel=\"canonical\" href=\"https:\/\/www.drhatland.com\/es\/servicios\/\" \/>\n<meta property=\"og:locale\" content=\"es_MX\" \/>\n<meta property=\"og:type\" content=\"article\" \/>\n<meta property=\"og:title\" content=\"General, Cosmetic &amp; Implant Dentistry Services in Lincolnwood, IL\" \/>\n<meta property=\"og:description\" content=\"Learn about the general, cosmetic, implant and holistic dentistry services we provide to patients in Lincolnwood and throughout Chicago.\" \/>\n<meta property=\"og:url\" content=\"https:\/\/www.drhatland.com\/es\/servicios\/\" \/>\n<meta property=\"og:site_name\" content=\"Raymond G. Hatland, DDS\" \/>\n<meta property=\"article:publisher\" content=\"https:\/\/www.facebook.com\/drhatland\/\" \/>\n<meta property=\"article:modified_time\" content=\"2026-01-28T17:26:31+00:00\" \/>\n<meta property=\"og:image\" content=\"https:\/\/www.drhatland.com\/wp-content\/uploads\/2023\/12\/Dental-Services.jpg\" \/>\n\t<meta property=\"og:image:width\" content=\"500\" \/>\n\t<meta property=\"og:image:height\" content=\"334\" \/>\n\t<meta property=\"og:image:type\" content=\"image\/jpeg\" \/>\n<meta name=\"twitter:card\" content=\"summary_large_image\" \/>\n<meta name=\"twitter:label1\" content=\"Est. reading time\" \/>\n\t<meta name=\"twitter:data1\" content=\"2 minutos\" \/>\n<script type=\"application\/ld+json\" class=\"yoast-schema-graph\">{\"@context\":\"https:\\\/\\\/schema.org\",\"@graph\":[{\"@type\":\"WebPage\",\"@id\":\"https:\\\/\\\/www.drhatland.com\\\/services\\\/\",\"url\":\"https:\\\/\\\/www.drhatland.com\\\/services\\\/\",\"name\":\"General, Cosmetic & Implant Dentistry Services in Lincolnwood, IL\",\"isPartOf\":{\"@id\":\"https:\\\/\\\/www.drhatland.com\\\/#website\"},\"primaryImageOfPage\":{\"@id\":\"https:\\\/\\\/www.drhatland.com\\\/services\\\/#primaryimage\"},\"image\":{\"@id\":\"https:\\\/\\\/www.drhatland.com\\\/services\\\/#primaryimage\"},\"thumbnailUrl\":\"https:\\\/\\\/www.drhatland.com\\\/wp-content\\\/uploads\\\/2023\\\/12\\\/Dental-Services.jpg\",\"datePublished\":\"2025-03-18T05:11:15+00:00\",\"dateModified\":\"2026-01-28T17:26:31+00:00\",\"description\":\"Learn about the general, cosmetic, implant and holistic dentistry services we provide to patients in Lincolnwood and throughout Chicago.\",\"breadcrumb\":{\"@id\":\"https:\\\/\\\/www.drhatland.com\\\/services\\\/#breadcrumb\"},\"inLanguage\":\"es\",\"potentialAction\":[{\"@type\":\"ReadAction\",\"target\":[\"https:\\\/\\\/www.drhatland.com\\\/services\\\/\"]}]},{\"@type\":\"ImageObject\",\"inLanguage\":\"es\",\"@id\":\"https:\\\/\\\/www.drhatland.com\\\/services\\\/#primaryimage\",\"url\":\"https:\\\/\\\/www.drhatland.com\\\/wp-content\\\/uploads\\\/2023\\\/12\\\/Dental-Services.jpg\",\"contentUrl\":\"https:\\\/\\\/www.drhatland.com\\\/wp-content\\\/uploads\\\/2023\\\/12\\\/Dental-Services.jpg\",\"width\":500,\"height\":334},{\"@type\":\"BreadcrumbList\",\"@id\":\"https:\\\/\\\/www.drhatland.com\\\/services\\\/#breadcrumb\",\"itemListElement\":[{\"@type\":\"ListItem\",\"position\":1,\"name\":\"Home\",\"item\":\"https:\\\/\\\/www.drhatland.com\\\/\"},{\"@type\":\"ListItem\",\"position\":2,\"name\":\"Services\"}]},{\"@type\":\"WebSite\",\"@id\":\"https:\\\/\\\/www.drhatland.com\\\/#website\",\"url\":\"https:\\\/\\\/www.drhatland.com\\\/\",\"name\":\"Raymond G. Hatland, DDS\",\"description\":\"Holistic &amp; Implant Dentistry in Lincolnwood, IL\",\"publisher\":{\"@id\":\"https:\\\/\\\/www.drhatland.com\\\/#organization\"},\"alternateName\":\"Dentist in Lincolnwood, IL\",\"potentialAction\":[{\"@type\":\"SearchAction\",\"target\":{\"@type\":\"EntryPoint\",\"urlTemplate\":\"https:\\\/\\\/www.drhatland.com\\\/?s={search_term_string}\"},\"query-input\":{\"@type\":\"PropertyValueSpecification\",\"valueRequired\":true,\"valueName\":\"search_term_string\"}}],\"inLanguage\":\"es\"},{\"@type\":\"Organization\",\"@id\":\"https:\\\/\\\/www.drhatland.com\\\/#organization\",\"name\":\"Raymond G. Hatland, DDS\",\"alternateName\":\"Dentist in Lincolnwood, IL\",\"url\":\"https:\\\/\\\/www.drhatland.com\\\/\",\"logo\":{\"@type\":\"ImageObject\",\"inLanguage\":\"es\",\"@id\":\"https:\\\/\\\/www.drhatland.com\\\/#\\\/schema\\\/logo\\\/image\\\/\",\"url\":\"https:\\\/\\\/www.drhatland.com\\\/wp-content\\\/uploads\\\/2025\\\/12\\\/Logo-Stacked-w-Padding.jpg\",\"contentUrl\":\"https:\\\/\\\/www.drhatland.com\\\/wp-content\\\/uploads\\\/2025\\\/12\\\/Logo-Stacked-w-Padding.jpg\",\"width\":1879,\"height\":1667,\"caption\":\"Raymond G. Hatland, DDS\"},\"image\":{\"@id\":\"https:\\\/\\\/www.drhatland.com\\\/#\\\/schema\\\/logo\\\/image\\\/\"},\"sameAs\":[\"https:\\\/\\\/www.facebook.com\\\/drhatland\\\/\",\"https:\\\/\\\/www.youtube.com\\\/@RaymondG.HatlandDDS\"]}]}<\/script>\n<!-- \/ Yoast SEO plugin. -->","yoast_head_json":{"title":"Servicios de odontolog\u00eda general, cosm\u00e9tica e implantes en Lincolnwood, Illinois.","description":"Conozca los servicios de odontolog\u00eda general, cosm\u00e9tica, de implantes y hol\u00edstica que ofrecemos a nuestros pacientes en Lincolnwood y en toda la ciudad de Chicago.","robots":{"index":"index","follow":"follow","max-snippet":"max-snippet:-1","max-image-preview":"max-image-preview:large","max-video-preview":"max-video-preview:-1"},"canonical":"https:\/\/www.drhatland.com\/es\/servicios\/","og_locale":"es_MX","og_type":"article","og_title":"General, Cosmetic & Implant Dentistry Services in Lincolnwood, IL","og_description":"Learn about the general, cosmetic, implant and holistic dentistry services we provide to patients in Lincolnwood and throughout Chicago.","og_url":"https:\/\/www.drhatland.com\/es\/servicios\/","og_site_name":"Raymond G. Hatland, DDS","article_publisher":"https:\/\/www.facebook.com\/drhatland\/","article_modified_time":"2026-01-28T17:26:31+00:00","og_image":[{"width":500,"height":334,"url":"https:\/\/www.drhatland.com\/wp-content\/uploads\/2023\/12\/Dental-Services.jpg","type":"image\/jpeg"}],"twitter_card":"summary_large_image","twitter_misc":{"Est. reading time":"2 minutos"},"schema":{"@context":"https:\/\/schema.org","@graph":[{"@type":"WebPage","@id":"https:\/\/www.drhatland.com\/services\/","url":"https:\/\/www.drhatland.com\/services\/","name":"Servicios de odontolog\u00eda general, cosm\u00e9tica e implantes en Lincolnwood, Illinois.","isPartOf":{"@id":"https:\/\/www.drhatland.com\/#website"},"primaryImageOfPage":{"@id":"https:\/\/www.drhatland.com\/services\/#primaryimage"},"image":{"@id":"https:\/\/www.drhatland.com\/services\/#primaryimage"},"thumbnailUrl":"https:\/\/www.drhatland.com\/wp-content\/uploads\/2023\/12\/Dental-Services.jpg","datePublished":"2025-03-18T05:11:15+00:00","dateModified":"2026-01-28T17:26:31+00:00","description":"Conozca los servicios de odontolog\u00eda general, cosm\u00e9tica, de implantes y hol\u00edstica que ofrecemos a nuestros pacientes en Lincolnwood y en toda la ciudad de Chicago.","breadcrumb":{"@id":"https:\/\/www.drhatland.com\/services\/#breadcrumb"},"inLanguage":"es","potentialAction":[{"@type":"ReadAction","target":["https:\/\/www.drhatland.com\/services\/"]}]},{"@type":"ImageObject","inLanguage":"es","@id":"https:\/\/www.drhatland.com\/services\/#primaryimage","url":"https:\/\/www.drhatland.com\/wp-content\/uploads\/2023\/12\/Dental-Services.jpg","contentUrl":"https:\/\/www.drhatland.com\/wp-content\/uploads\/2023\/12\/Dental-Services.jpg","width":500,"height":334},{"@type":"BreadcrumbList","@id":"https:\/\/www.drhatland.com\/services\/#breadcrumb","itemListElement":[{"@type":"ListItem","position":1,"name":"Home","item":"https:\/\/www.drhatland.com\/"},{"@type":"ListItem","position":2,"name":"Services"}]},{"@type":"WebSite","@id":"https:\/\/www.drhatland.com\/#website","url":"https:\/\/www.drhatland.com\/","name":"Raymond G. Hatland, Doctor en Cirug\u00eda Dental","description":"Odontolog\u00eda hol\u00edstica e implantes dentales en Lincolnwood, Illinois","publisher":{"@id":"https:\/\/www.drhatland.com\/#organization"},"alternateName":"Dentist in Lincolnwood, IL","potentialAction":[{"@type":"SearchAction","target":{"@type":"EntryPoint","urlTemplate":"https:\/\/www.drhatland.com\/?s={search_term_string}"},"query-input":{"@type":"PropertyValueSpecification","valueRequired":true,"valueName":"search_term_string"}}],"inLanguage":"es"},{"@type":"Organization","@id":"https:\/\/www.drhatland.com\/#organization","name":"Raymond G. Hatland, Doctor en Cirug\u00eda Dental","alternateName":"Dentist in Lincolnwood, IL","url":"https:\/\/www.drhatland.com\/","logo":{"@type":"ImageObject","inLanguage":"es","@id":"https:\/\/www.drhatland.com\/#\/schema\/logo\/image\/","url":"https:\/\/www.drhatland.com\/wp-content\/uploads\/2025\/12\/Logo-Stacked-w-Padding.jpg","contentUrl":"https:\/\/www.drhatland.com\/wp-content\/uploads\/2025\/12\/Logo-Stacked-w-Padding.jpg","width":1879,"height":1667,"caption":"Raymond G. Hatland, DDS"},"image":{"@id":"https:\/\/www.drhatland.com\/#\/schema\/logo\/image\/"},"sameAs":["https:\/\/www.facebook.com\/drhatland\/","https:\/\/www.youtube.com\/@RaymondG.HatlandDDS"]}]}},"_links":{"self":[{"href":"http:\/\/www.drhatland.com\/es\/wp-json\/wp\/v2\/pages\/14","targetHints":{"allow":["GET"]}}],"collection":[{"href":"http:\/\/www.drhatland.com\/es\/wp-json\/wp\/v2\/pages"}],"about":[{"href":"http:\/\/www.drhatland.com\/es\/wp-json\/wp\/v2\/types\/page"}],"author":[{"embeddable":true,"href":"http:\/\/www.drhatland.com\/es\/wp-json\/wp\/v2\/users\/4"}],"replies":[{"embeddable":true,"href":"http:\/\/www.drhatland.com\/es\/wp-json\/wp\/v2\/comments?post=14"}],"version-history":[{"count":0,"href":"http:\/\/www.drhatland.com\/es\/wp-json\/wp\/v2\/pages\/14\/revisions"}],"wp:featuredmedia":[{"embeddable":true,"href":"http:\/\/www.drhatland.com\/es\/wp-json\/wp\/v2\/media\/409"}],"wp:attachment":[{"href":"http:\/\/www.drhatland.com\/es\/wp-json\/wp\/v2\/media?parent=14"}],"curies":[{"name":"wp","href":"https:\/\/api.w.org\/{rel}","templated":true}]}}